{"id":4107,"date":"2022-10-25T15:31:03","date_gmt":"2022-10-25T15:31:03","guid":{"rendered":"https:\/\/listval.is\/?post_type=product&#038;p=4107"},"modified":"2022-11-23T17:17:22","modified_gmt":"2022-11-23T17:17:22","slug":"birgir-andresson-in-icelandic-colours-2","status":"publish","type":"product","link":"https:\/\/listval.is\/en\/artwork\/birgir-andresson-in-icelandic-colours-2\/","title":{"rendered":"Birgir Andr\u00e9sson: In Icelandic Colours"},"content":{"rendered":"<div class=\"elementor-element elementor-element-5f8385d6 elementor-widget elementor-widget-heading is-mac\" data-id=\"5f8385d6\" data-element_type=\"widget\" data-widget_type=\"heading.default\">\n<div class=\"elementor-widget-container\">\n<p class=\"elementor-heading-title elementor-size-default\"><span style=\"font-size: 16px;\"><em>In Icelandic Colours<\/em> er fyrsta yfirgripsmikla einriti\u00f0 um verk Birgis Andr\u00e9ssonar. \u00cd b\u00f3kinni er greining fr\u00e1 h\u00f6fundinum, listfr\u00e6\u00f0ingnum Robert Hobbs, auk form\u00e1la eftir fyrrum nemanda Birgis, listamanninn Ragnar Kjartansson. Einnig eru vi\u00f0t\u00f6l b\u00f3kmenntagagnr\u00fdnandans \u00derastar Helgasonar vi\u00f0 Birgi og n\u00e1inna samt\u00edmamenn hans. <\/span><span style=\"font-size: 16px;\">Verk Birgis hafa ver\u00f0i s\u00fdn \u00e1 yfir 50 einkas\u00fdningun. \u00dear \u00e1 me\u00f0al \u00e1 Feneyjatv\u00ed\u00e6ringnum \u00e1ri\u00f0 1995. Marg\u00fe\u00e6tt list hans er n\u00fa vi\u00f0fangsefni s\u00fdningarinnar Eins Langt og Auga\u00f0 Eygir \u00ed Listasafni Reykjav\u00edkur.<\/span><\/p>\n<\/div>\n<\/div>\n<div class=\"elementor-element elementor-element-7ca7ef9 elementor-widget elementor-widget-jet-single-content is-mac\" data-id=\"7ca7ef9\" data-element_type=\"widget\" data-widget_type=\"jet-single-content.default\">\n<div class=\"elementor-widget-container\">\n<div class=\"elementor-jet-single-content jet-woo-builder\">\n<div class=\"jet-single-content\">\n<div class=\"product\">\n<pre>\u00datgefandi: Distanz\n\n432 s\u00ed\u00f0ur\n\nHar\u00f0spjalda<\/pre>\n<\/div>\n<\/div>\n<\/div>\n<\/div>\n<\/div>","protected":false},"excerpt":{"rendered":"<p>In Icelandic Colours er fyrsta yfirgripsmikla einriti\u00f0 um verk Birgis Andr\u00e9ssonar. \u00cd b\u00f3kinni er greining fr\u00e1 h\u00f6fundinum, listfr\u00e6\u00f0ingnum Robert Hobbs, auk form\u00e1la eftir fyrrum nemanda Birgis, listamanninn Ragnar Kjartansson. Einnig eru vi\u00f0t\u00f6l b\u00f3kmenntagagnr\u00fdnandans \u00derastar Helgasonar vi\u00f0 Birgi og n\u00e1inna samt\u00edmamenn hans. Verk Birgis hafa ver\u00f0i s\u00fdn \u00e1 yfir 50 einkas\u00fdningun. \u00dear \u00e1 me\u00f0al \u00e1 Feneyjatv\u00ed\u00e6ringnum [&hellip;]<\/p>\n","protected":false},"featured_media":0,"template":"","meta":{"site-sidebar-layout":"default","site-content-layout":"","ast-site-content-layout":"default","site-content-style":"default","site-sidebar-style":"default","ast-global-header-display":"","ast-banner-title-visibility":"","ast-main-header-display":"","ast-hfb-above-header-display":"","ast-hfb-below-header-display":"","ast-hfb-mobile-header-display":"","site-post-title":"","ast-breadcrumbs-content":"","ast-featured-img":"","footer-sml-layout":"","theme-transparent-header-meta":"","adv-header-id-meta":"","stick-header-meta":"","header-above-stick-meta":"","header-main-stick-meta":"","header-below-stick-meta":"","astra-migrate-meta-layouts":"default","ast-page-background-enabled":"default","ast-page-background-meta":{"desktop":{"background-color":"var(--ast-global-color-4)","background-image":"","background-repeat":"repeat","background-position":"center center","background-size":"auto","background-attachment":"scroll","background-type":"","background-media":"","overlay-type":"","overlay-color":"","overlay-opacity":"","overlay-gradient":""},"tablet":{"background-color":"","background-image":"","background-repeat":"repeat","background-position":"center center","background-size":"auto","background-attachment":"scroll","background-type":"","background-media":"","overlay-type":"","overlay-color":"","overlay-opacity":"","overlay-gradient":""},"mobile":{"background-color":"","background-image":"","background-repeat":"repeat","background-position":"center center","background-size":"auto","background-attachment":"scroll","background-type":"","background-media":"","overlay-type":"","overlay-color":"","overlay-opacity":"","overlay-gradient":""}},"ast-content-background-meta":{"desktop":{"background-color":"var(--ast-global-color-5)","background-image":"","background-repeat":"repeat","background-position":"center center","background-size":"auto","background-attachment":"scroll","background-type":"","background-media":"","overlay-type":"","overlay-color":"","overlay-opacity":"","overlay-gradient":""},"tablet":{"background-color":"var(--ast-global-color-5)","background-image":"","background-repeat":"repeat","background-position":"center center","background-size":"auto","background-attachment":"scroll","background-type":"","background-media":"","overlay-type":"","overlay-color":"","overlay-opacity":"","overlay-gradient":""},"mobile":{"background-color":"var(--ast-global-color-5)","background-image":"","background-repeat":"repeat","background-position":"center center","background-size":"auto","background-attachment":"scroll","background-type":"","background-media":"","overlay-type":"","overlay-color":"","overlay-opacity":"","overlay-gradient":""}}},"product_brand":[],"product_cat":[163],"product_tag":[],"class_list":{"0":"post-4107","1":"product","2":"type-product","3":"status-publish","5":"product_cat-baekur-og-timarit","6":"product_shipping_class-baekur-og-timarit","7":"desktop-align-left","8":"tablet-align-left","9":"mobile-align-left","11":"first","12":"instock","13":"taxable","14":"shipping-taxable","15":"purchasable","16":"product-type-simple"},"yoast_head":"<!-- This site is optimized with the Yoast SEO plugin v26.9 - https:\/\/yoast.com\/product\/yoast-seo-wordpress\/ -->\n<title>Birgir Andr\u00e9sson: In Icelandic Colours | LISTVAL<\/title>\n<meta name=\"robots\" content=\"index, follow, max-snippet:-1, max-image-preview:large, max-video-preview:-1\" \/>\n<link rel=\"canonical\" href=\"https:\/\/listval.is\/en\/artwork\/birgir-andresson-in-icelandic-colours-2\/\" \/>\n<meta property=\"og:locale\" content=\"en_US\" \/>\n<meta property=\"og:type\" content=\"article\" \/>\n<meta property=\"og:title\" content=\"Birgir Andr\u00e9sson: In Icelandic Colours | LISTVAL\" \/>\n<meta property=\"og:description\" content=\"In Icelandic Colours er fyrsta yfirgripsmikla einriti\u00f0 um verk Birgis Andr\u00e9ssonar. \u00cd b\u00f3kinni er greining fr\u00e1 h\u00f6fundinum, listfr\u00e6\u00f0ingnum Robert Hobbs, auk form\u00e1la eftir fyrrum nemanda Birgis, listamanninn Ragnar Kjartansson. Einnig eru vi\u00f0t\u00f6l b\u00f3kmenntagagnr\u00fdnandans \u00derastar Helgasonar vi\u00f0 Birgi og n\u00e1inna samt\u00edmamenn hans. Verk Birgis hafa ver\u00f0i s\u00fdn \u00e1 yfir 50 einkas\u00fdningun. \u00dear \u00e1 me\u00f0al \u00e1 Feneyjatv\u00ed\u00e6ringnum [&hellip;]\" \/>\n<meta property=\"og:url\" content=\"https:\/\/listval.is\/en\/artwork\/birgir-andresson-in-icelandic-colours-2\/\" \/>\n<meta property=\"og:site_name\" content=\"LISTVAL\" \/>\n<meta property=\"article:publisher\" content=\"https:\/\/www.facebook.com\/listval\" \/>\n<meta property=\"article:modified_time\" content=\"2022-11-23T17:17:22+00:00\" \/>\n<meta property=\"og:image\" content=\"https:\/\/listval.is\/wp-content\/uploads\/2022\/10\/Birgir-Andresson-i8-gallery.jpeg\" \/>\n\t<meta property=\"og:image:width\" content=\"1085\" \/>\n\t<meta property=\"og:image:height\" content=\"1280\" \/>\n\t<meta property=\"og:image:type\" content=\"image\/jpeg\" \/>\n<meta name=\"twitter:card\" content=\"summary_large_image\" \/>\n<script type=\"application\/ld+json\" class=\"yoast-schema-graph\">{\"@context\":\"https:\/\/schema.org\",\"@graph\":[{\"@type\":[\"WebPage\",\"ItemPage\"],\"@id\":\"https:\/\/listval.is\/artwork\/birgir-andresson-in-icelandic-colours-2\/\",\"url\":\"https:\/\/listval.is\/artwork\/birgir-andresson-in-icelandic-colours-2\/\",\"name\":\"Birgir Andr\u00e9sson: In Icelandic Colours | LISTVAL\",\"isPartOf\":{\"@id\":\"https:\/\/listval.is\/#website\"},\"datePublished\":\"2022-10-25T15:31:03+00:00\",\"dateModified\":\"2022-11-23T17:17:22+00:00\",\"breadcrumb\":{\"@id\":\"https:\/\/listval.is\/artwork\/birgir-andresson-in-icelandic-colours-2\/#breadcrumb\"},\"inLanguage\":\"en-US\",\"potentialAction\":[{\"@type\":\"ReadAction\",\"target\":[\"https:\/\/listval.is\/artwork\/birgir-andresson-in-icelandic-colours-2\/\"]}]},{\"@type\":\"BreadcrumbList\",\"@id\":\"https:\/\/listval.is\/artwork\/birgir-andresson-in-icelandic-colours-2\/#breadcrumb\",\"itemListElement\":[{\"@type\":\"ListItem\",\"position\":1,\"name\":\"Home\",\"item\":\"https:\/\/listval.is\/\"},{\"@type\":\"ListItem\",\"position\":2,\"name\":\"Shop\",\"item\":\"https:\/\/listval.is\/shop\/\"},{\"@type\":\"ListItem\",\"position\":3,\"name\":\"Birgir Andr\u00e9sson: In Icelandic Colours\"}]},{\"@type\":\"WebSite\",\"@id\":\"https:\/\/listval.is\/#website\",\"url\":\"https:\/\/listval.is\/\",\"name\":\"LISTVAL GALLERY\",\"description\":\"Art Gallery based in Reykjav\u00edk, Iceland\",\"publisher\":{\"@id\":\"https:\/\/listval.is\/#organization\"},\"potentialAction\":[{\"@type\":\"SearchAction\",\"target\":{\"@type\":\"EntryPoint\",\"urlTemplate\":\"https:\/\/listval.is\/?s={search_term_string}\"},\"query-input\":{\"@type\":\"PropertyValueSpecification\",\"valueRequired\":true,\"valueName\":\"search_term_string\"}}],\"inLanguage\":\"en-US\"},{\"@type\":\"Organization\",\"@id\":\"https:\/\/listval.is\/#organization\",\"name\":\"Listval\",\"url\":\"https:\/\/listval.is\/\",\"logo\":{\"@type\":\"ImageObject\",\"inLanguage\":\"en-US\",\"@id\":\"https:\/\/listval.is\/#\/schema\/logo\/image\/\",\"url\":\"https:\/\/listval.is\/wp-content\/uploads\/2023\/07\/Logo-profile-40.png\",\"contentUrl\":\"https:\/\/listval.is\/wp-content\/uploads\/2023\/07\/Logo-profile-40.png\",\"width\":2250,\"height\":2250,\"caption\":\"Listval\"},\"image\":{\"@id\":\"https:\/\/listval.is\/#\/schema\/logo\/image\/\"},\"sameAs\":[\"https:\/\/www.facebook.com\/listval\",\"https:\/\/www.instagram.com\/listval_\/\",\"https:\/\/www.linkedin.com\/company\/listval\/\",\"https:\/\/www.youtube.com\/channel\/UCm0wWRjGyr-dEJrH08-7z6Q\",\"https:\/\/www.pinterest.com\/listval_\/\"]}]}<\/script>\n<!-- \/ Yoast SEO plugin. -->","yoast_head_json":{"title":"Birgir Andr\u00e9sson: In Icelandic Colours | LISTVAL","robots":{"index":"index","follow":"follow","max-snippet":"max-snippet:-1","max-image-preview":"max-image-preview:large","max-video-preview":"max-video-preview:-1"},"canonical":"https:\/\/listval.is\/en\/artwork\/birgir-andresson-in-icelandic-colours-2\/","og_locale":"en_US","og_type":"article","og_title":"Birgir Andr\u00e9sson: In Icelandic Colours | LISTVAL","og_description":"In Icelandic Colours er fyrsta yfirgripsmikla einriti\u00f0 um verk Birgis Andr\u00e9ssonar. \u00cd b\u00f3kinni er greining fr\u00e1 h\u00f6fundinum, listfr\u00e6\u00f0ingnum Robert Hobbs, auk form\u00e1la eftir fyrrum nemanda Birgis, listamanninn Ragnar Kjartansson. Einnig eru vi\u00f0t\u00f6l b\u00f3kmenntagagnr\u00fdnandans \u00derastar Helgasonar vi\u00f0 Birgi og n\u00e1inna samt\u00edmamenn hans. Verk Birgis hafa ver\u00f0i s\u00fdn \u00e1 yfir 50 einkas\u00fdningun. \u00dear \u00e1 me\u00f0al \u00e1 Feneyjatv\u00ed\u00e6ringnum [&hellip;]","og_url":"https:\/\/listval.is\/en\/artwork\/birgir-andresson-in-icelandic-colours-2\/","og_site_name":"LISTVAL","article_publisher":"https:\/\/www.facebook.com\/listval","article_modified_time":"2022-11-23T17:17:22+00:00","og_image":[{"width":1085,"height":1280,"url":"https:\/\/listval.is\/wp-content\/uploads\/2022\/10\/Birgir-Andresson-i8-gallery.jpeg","type":"image\/jpeg"}],"twitter_card":"summary_large_image","schema":{"@context":"https:\/\/schema.org","@graph":[{"@type":["WebPage","ItemPage"],"@id":"https:\/\/listval.is\/artwork\/birgir-andresson-in-icelandic-colours-2\/","url":"https:\/\/listval.is\/artwork\/birgir-andresson-in-icelandic-colours-2\/","name":"Birgir Andr\u00e9sson: In Icelandic Colours | LISTVAL","isPartOf":{"@id":"https:\/\/listval.is\/#website"},"datePublished":"2022-10-25T15:31:03+00:00","dateModified":"2022-11-23T17:17:22+00:00","breadcrumb":{"@id":"https:\/\/listval.is\/artwork\/birgir-andresson-in-icelandic-colours-2\/#breadcrumb"},"inLanguage":"en-US","potentialAction":[{"@type":"ReadAction","target":["https:\/\/listval.is\/artwork\/birgir-andresson-in-icelandic-colours-2\/"]}]},{"@type":"BreadcrumbList","@id":"https:\/\/listval.is\/artwork\/birgir-andresson-in-icelandic-colours-2\/#breadcrumb","itemListElement":[{"@type":"ListItem","position":1,"name":"Home","item":"https:\/\/listval.is\/"},{"@type":"ListItem","position":2,"name":"Shop","item":"https:\/\/listval.is\/shop\/"},{"@type":"ListItem","position":3,"name":"Birgir Andr\u00e9sson: In Icelandic Colours"}]},{"@type":"WebSite","@id":"https:\/\/listval.is\/#website","url":"https:\/\/listval.is\/","name":"LISTVAL GALLERY","description":"Art Gallery based in Reykjav\u00edk, Iceland","publisher":{"@id":"https:\/\/listval.is\/#organization"},"potentialAction":[{"@type":"SearchAction","target":{"@type":"EntryPoint","urlTemplate":"https:\/\/listval.is\/?s={search_term_string}"},"query-input":{"@type":"PropertyValueSpecification","valueRequired":true,"valueName":"search_term_string"}}],"inLanguage":"en-US"},{"@type":"Organization","@id":"https:\/\/listval.is\/#organization","name":"Listval","url":"https:\/\/listval.is\/","logo":{"@type":"ImageObject","inLanguage":"en-US","@id":"https:\/\/listval.is\/#\/schema\/logo\/image\/","url":"https:\/\/listval.is\/wp-content\/uploads\/2023\/07\/Logo-profile-40.png","contentUrl":"https:\/\/listval.is\/wp-content\/uploads\/2023\/07\/Logo-profile-40.png","width":2250,"height":2250,"caption":"Listval"},"image":{"@id":"https:\/\/listval.is\/#\/schema\/logo\/image\/"},"sameAs":["https:\/\/www.facebook.com\/listval","https:\/\/www.instagram.com\/listval_\/","https:\/\/www.linkedin.com\/company\/listval\/","https:\/\/www.youtube.com\/channel\/UCm0wWRjGyr-dEJrH08-7z6Q","https:\/\/www.pinterest.com\/listval_\/"]}]}},"_links":{"self":[{"href":"https:\/\/listval.is\/en\/wp-json\/wp\/v2\/product\/4107","targetHints":{"allow":["GET"]}}],"collection":[{"href":"https:\/\/listval.is\/en\/wp-json\/wp\/v2\/product"}],"about":[{"href":"https:\/\/listval.is\/en\/wp-json\/wp\/v2\/types\/product"}],"version-history":[{"count":0,"href":"https:\/\/listval.is\/en\/wp-json\/wp\/v2\/product\/4107\/revisions"}],"wp:attachment":[{"href":"https:\/\/listval.is\/en\/wp-json\/wp\/v2\/media?parent=4107"}],"wp:term":[{"taxonomy":"product_brand","embeddable":true,"href":"https:\/\/listval.is\/en\/wp-json\/wp\/v2\/product_brand?post=4107"},{"taxonomy":"product_cat","embeddable":true,"href":"https:\/\/listval.is\/en\/wp-json\/wp\/v2\/product_cat?post=4107"},{"taxonomy":"product_tag","embeddable":true,"href":"https:\/\/listval.is\/en\/wp-json\/wp\/v2\/product_tag?post=4107"}],"curies":[{"name":"wp","href":"https:\/\/api.w.org\/{rel}","templated":true}]}}