{"id":26530,"date":"2026-04-10T15:34:38","date_gmt":"2026-04-10T15:34:38","guid":{"rendered":"https:\/\/listval.is\/?post_type=product&#038;p=26530"},"modified":"2026-04-10T15:49:30","modified_gmt":"2026-04-10T15:49:30","slug":"bla-komposisjon-composition-in-blue-4-2","status":"publish","type":"product","link":"https:\/\/listval.is\/en\/artwork\/bla-komposisjon-composition-in-blue-4-2\/","title":{"rendered":"Bl\u00e1 komp\u00f3sisj\u00f3n \/ Composition in blue (4)"},"content":{"rendered":"<p class=\"p1\">Ragnhildur Weisshappel studied art in Iceland and France. She works in all media and uses it as a tool to translate from one thing to another. She has partaken in numerous group exhibitions in museums and exhibition spaces in Iceland and abroad. Ragnhildur lives and works in Svarfa\u00f0ardalur, Iceland.<\/p>","protected":false},"excerpt":{"rendered":"<p>Ragnhildur Weisshappel studied art in Iceland and France. She works in all media and uses it as a tool to translate from one thing to another. She has partaken in numerous group exhibitions in museums and exhibition spaces in Iceland and abroad. Ragnhildur lives and works in Svarfa\u00f0ardalur, Iceland.<\/p>","protected":false},"featured_media":26538,"template":"","meta":{"site-sidebar-layout":"default","site-content-layout":"default","ast-site-content-layout":"default","site-content-style":"default","site-sidebar-style":"default","ast-global-header-display":"","ast-banner-title-visibility":"","ast-main-header-display":"","ast-hfb-above-header-display":"","ast-hfb-below-header-display":"","ast-hfb-mobile-header-display":"","site-post-title":"","ast-breadcrumbs-content":"","ast-featured-img":"","footer-sml-layout":"","theme-transparent-header-meta":"default","adv-header-id-meta":"","stick-header-meta":"","header-above-stick-meta":"","header-main-stick-meta":"","header-below-stick-meta":"","astra-migrate-meta-layouts":"default","ast-page-background-enabled":"default","ast-page-background-meta":{"desktop":{"background-color":"var(--ast-global-color-4)","background-image":"","background-repeat":"repeat","background-position":"center center","background-size":"auto","background-attachment":"scroll","background-type":"","background-media":"","overlay-type":"","overlay-color":"","overlay-opacity":"","overlay-gradient":""},"tablet":{"background-color":"","background-image":"","background-repeat":"repeat","background-position":"center center","background-size":"auto","background-attachment":"scroll","background-type":"","background-media":"","overlay-type":"","overlay-color":"","overlay-opacity":"","overlay-gradient":""},"mobile":{"background-color":"","background-image":"","background-repeat":"repeat","background-position":"center center","background-size":"auto","background-attachment":"scroll","background-type":"","background-media":"","overlay-type":"","overlay-color":"","overlay-opacity":"","overlay-gradient":""}},"ast-content-background-meta":{"desktop":{"background-color":"var(--ast-global-color-5)","background-image":"","background-repeat":"repeat","background-position":"center center","background-size":"auto","background-attachment":"scroll","background-type":"","background-media":"","overlay-type":"","overlay-color":"","overlay-opacity":"","overlay-gradient":""},"tablet":{"background-color":"var(--ast-global-color-5)","background-image":"","background-repeat":"repeat","background-position":"center center","background-size":"auto","background-attachment":"scroll","background-type":"","background-media":"","overlay-type":"","overlay-color":"","overlay-opacity":"","overlay-gradient":""},"mobile":{"background-color":"var(--ast-global-color-5)","background-image":"","background-repeat":"repeat","background-position":"center center","background-size":"auto","background-attachment":"scroll","background-type":"","background-media":"","overlay-type":"","overlay-color":"","overlay-opacity":"","overlay-gradient":""}}},"product_brand":[875],"product_cat":[184,165],"product_tag":[876],"class_list":{"0":"post-26530","1":"product","2":"type-product","3":"status-publish","4":"has-post-thumbnail","6":"product_brand-ragnhildur-weisshappel","7":"product_cat-einstok-verk","8":"product_cat-nytt","9":"product_tag-ragnhildur-weisshappel","10":"product_shipping_class-litil-verk","11":"desktop-align-left","12":"tablet-align-left","13":"mobile-align-left","15":"first","16":"instock","17":"taxable","18":"shipping-taxable","19":"purchasable","20":"product-type-simple"},"yoast_head":"<!-- This site is optimized with the Yoast SEO plugin v26.9 - https:\/\/yoast.com\/product\/yoast-seo-wordpress\/ -->\n<title>Bl\u00e1 komp\u00f3sisj\u00f3n \/ Composition in blue (4) | LISTVAL<\/title>\n<meta name=\"robots\" content=\"index, follow, max-snippet:-1, max-image-preview:large, max-video-preview:-1\" \/>\n<link rel=\"canonical\" href=\"https:\/\/listval.is\/en\/artwork\/bla-komposisjon-composition-in-blue-4-2\/\" \/>\n<meta property=\"og:locale\" content=\"en_US\" \/>\n<meta property=\"og:type\" content=\"article\" \/>\n<meta property=\"og:title\" content=\"Bl\u00e1 komp\u00f3sisj\u00f3n \/ Composition in blue (4) | LISTVAL\" \/>\n<meta property=\"og:description\" content=\"Ragnhildur Weisshappel nam myndlist \u00e1 \u00cdslandi og \u00ed Frakklandi og lauk MFA fr\u00e1 Listah\u00e1sk\u00f3la \u00cdslands vori\u00f0 2022. H\u00fan hefur teki\u00f0 \u00fe\u00e1tt \u00ed sams\u00fdningum b\u00e6\u00f0i h\u00e9r heima og erlendis. Ragnhildur vinnur \u00ed \u00fdmsa mi\u00f0la og notar \u00fe\u00e1 sem t\u00e6ki til a\u00f0 \u00fe\u00fd\u00f0a \u00far einu \u00ed anna\u00f0. Ragnhildur b\u00fdr og starfar \u00ed Svarfa\u00f0ardal.\" \/>\n<meta property=\"og:url\" content=\"https:\/\/listval.is\/en\/artwork\/bla-komposisjon-composition-in-blue-4-2\/\" \/>\n<meta property=\"og:site_name\" content=\"LISTVAL\" \/>\n<meta property=\"article:publisher\" content=\"https:\/\/www.facebook.com\/listval\" \/>\n<meta property=\"article:modified_time\" content=\"2026-04-10T15:49:30+00:00\" \/>\n<meta property=\"og:image\" content=\"https:\/\/listval.is\/wp-content\/uploads\/2026\/04\/sykurmolar-4-scaled.jpg\" \/>\n\t<meta property=\"og:image:width\" content=\"2560\" \/>\n\t<meta property=\"og:image:height\" content=\"2483\" \/>\n\t<meta property=\"og:image:type\" content=\"image\/jpeg\" \/>\n<meta name=\"twitter:card\" content=\"summary_large_image\" \/>\n<meta name=\"twitter:label1\" content=\"Est. reading time\" \/>\n\t<meta name=\"twitter:data1\" content=\"1 minute\" \/>\n<script type=\"application\/ld+json\" class=\"yoast-schema-graph\">{\"@context\":\"https:\/\/schema.org\",\"@graph\":[{\"@type\":[\"WebPage\",\"ItemPage\"],\"@id\":\"https:\/\/listval.is\/artwork\/bla-komposisjon-composition-in-blue-4-2\/\",\"url\":\"https:\/\/listval.is\/artwork\/bla-komposisjon-composition-in-blue-4-2\/\",\"name\":\"Bl\u00e1 komp\u00f3sisj\u00f3n \/ Composition in blue (4) | LISTVAL\",\"isPartOf\":{\"@id\":\"https:\/\/listval.is\/#website\"},\"primaryImageOfPage\":{\"@id\":\"https:\/\/listval.is\/artwork\/bla-komposisjon-composition-in-blue-4-2\/#primaryimage\"},\"image\":{\"@id\":\"https:\/\/listval.is\/artwork\/bla-komposisjon-composition-in-blue-4-2\/#primaryimage\"},\"thumbnailUrl\":\"https:\/\/listval.is\/wp-content\/uploads\/2026\/04\/sykurmolar-4-scaled.jpg\",\"datePublished\":\"2026-04-10T15:34:38+00:00\",\"dateModified\":\"2026-04-10T15:49:30+00:00\",\"breadcrumb\":{\"@id\":\"https:\/\/listval.is\/artwork\/bla-komposisjon-composition-in-blue-4-2\/#breadcrumb\"},\"inLanguage\":\"en-US\",\"potentialAction\":[{\"@type\":\"ReadAction\",\"target\":[\"https:\/\/listval.is\/artwork\/bla-komposisjon-composition-in-blue-4-2\/\"]}]},{\"@type\":\"ImageObject\",\"inLanguage\":\"en-US\",\"@id\":\"https:\/\/listval.is\/artwork\/bla-komposisjon-composition-in-blue-4-2\/#primaryimage\",\"url\":\"https:\/\/listval.is\/wp-content\/uploads\/2026\/04\/sykurmolar-4-scaled.jpg\",\"contentUrl\":\"https:\/\/listval.is\/wp-content\/uploads\/2026\/04\/sykurmolar-4-scaled.jpg\",\"width\":2560,\"height\":2483},{\"@type\":\"BreadcrumbList\",\"@id\":\"https:\/\/listval.is\/artwork\/bla-komposisjon-composition-in-blue-4-2\/#breadcrumb\",\"itemListElement\":[{\"@type\":\"ListItem\",\"position\":1,\"name\":\"Home\",\"item\":\"https:\/\/listval.is\/\"},{\"@type\":\"ListItem\",\"position\":2,\"name\":\"Shop\",\"item\":\"https:\/\/listval.is\/shop\/\"},{\"@type\":\"ListItem\",\"position\":3,\"name\":\"Bl\u00e1 komp\u00f3sisj\u00f3n \/ Composition in blue (4)\"}]},{\"@type\":\"WebSite\",\"@id\":\"https:\/\/listval.is\/#website\",\"url\":\"https:\/\/listval.is\/\",\"name\":\"LISTVAL GALLERY\",\"description\":\"Art Gallery based in Reykjav\u00edk, Iceland\",\"publisher\":{\"@id\":\"https:\/\/listval.is\/#organization\"},\"potentialAction\":[{\"@type\":\"SearchAction\",\"target\":{\"@type\":\"EntryPoint\",\"urlTemplate\":\"https:\/\/listval.is\/?s={search_term_string}\"},\"query-input\":{\"@type\":\"PropertyValueSpecification\",\"valueRequired\":true,\"valueName\":\"search_term_string\"}}],\"inLanguage\":\"en-US\"},{\"@type\":\"Organization\",\"@id\":\"https:\/\/listval.is\/#organization\",\"name\":\"Listval\",\"url\":\"https:\/\/listval.is\/\",\"logo\":{\"@type\":\"ImageObject\",\"inLanguage\":\"en-US\",\"@id\":\"https:\/\/listval.is\/#\/schema\/logo\/image\/\",\"url\":\"https:\/\/listval.is\/wp-content\/uploads\/2023\/07\/Logo-profile-40.png\",\"contentUrl\":\"https:\/\/listval.is\/wp-content\/uploads\/2023\/07\/Logo-profile-40.png\",\"width\":2250,\"height\":2250,\"caption\":\"Listval\"},\"image\":{\"@id\":\"https:\/\/listval.is\/#\/schema\/logo\/image\/\"},\"sameAs\":[\"https:\/\/www.facebook.com\/listval\",\"https:\/\/www.instagram.com\/listval_\/\",\"https:\/\/www.linkedin.com\/company\/listval\/\",\"https:\/\/www.youtube.com\/channel\/UCm0wWRjGyr-dEJrH08-7z6Q\",\"https:\/\/www.pinterest.com\/listval_\/\"]}]}<\/script>\n<!-- \/ Yoast SEO plugin. -->","yoast_head_json":{"title":"Bl\u00e1 komp\u00f3sisj\u00f3n \/ Composition in blue (4) | LISTVAL","robots":{"index":"index","follow":"follow","max-snippet":"max-snippet:-1","max-image-preview":"max-image-preview:large","max-video-preview":"max-video-preview:-1"},"canonical":"https:\/\/listval.is\/en\/artwork\/bla-komposisjon-composition-in-blue-4-2\/","og_locale":"en_US","og_type":"article","og_title":"Bl\u00e1 komp\u00f3sisj\u00f3n \/ Composition in blue (4) | LISTVAL","og_description":"Ragnhildur Weisshappel nam myndlist \u00e1 \u00cdslandi og \u00ed Frakklandi og lauk MFA fr\u00e1 Listah\u00e1sk\u00f3la \u00cdslands vori\u00f0 2022. H\u00fan hefur teki\u00f0 \u00fe\u00e1tt \u00ed sams\u00fdningum b\u00e6\u00f0i h\u00e9r heima og erlendis. Ragnhildur vinnur \u00ed \u00fdmsa mi\u00f0la og notar \u00fe\u00e1 sem t\u00e6ki til a\u00f0 \u00fe\u00fd\u00f0a \u00far einu \u00ed anna\u00f0. Ragnhildur b\u00fdr og starfar \u00ed Svarfa\u00f0ardal.","og_url":"https:\/\/listval.is\/en\/artwork\/bla-komposisjon-composition-in-blue-4-2\/","og_site_name":"LISTVAL","article_publisher":"https:\/\/www.facebook.com\/listval","article_modified_time":"2026-04-10T15:49:30+00:00","og_image":[{"width":2560,"height":2483,"url":"https:\/\/listval.is\/wp-content\/uploads\/2026\/04\/sykurmolar-4-scaled.jpg","type":"image\/jpeg"}],"twitter_card":"summary_large_image","twitter_misc":{"Est. reading time":"1 minute"},"schema":{"@context":"https:\/\/schema.org","@graph":[{"@type":["WebPage","ItemPage"],"@id":"https:\/\/listval.is\/artwork\/bla-komposisjon-composition-in-blue-4-2\/","url":"https:\/\/listval.is\/artwork\/bla-komposisjon-composition-in-blue-4-2\/","name":"Bl\u00e1 komp\u00f3sisj\u00f3n \/ Composition in blue (4) | LISTVAL","isPartOf":{"@id":"https:\/\/listval.is\/#website"},"primaryImageOfPage":{"@id":"https:\/\/listval.is\/artwork\/bla-komposisjon-composition-in-blue-4-2\/#primaryimage"},"image":{"@id":"https:\/\/listval.is\/artwork\/bla-komposisjon-composition-in-blue-4-2\/#primaryimage"},"thumbnailUrl":"https:\/\/listval.is\/wp-content\/uploads\/2026\/04\/sykurmolar-4-scaled.jpg","datePublished":"2026-04-10T15:34:38+00:00","dateModified":"2026-04-10T15:49:30+00:00","breadcrumb":{"@id":"https:\/\/listval.is\/artwork\/bla-komposisjon-composition-in-blue-4-2\/#breadcrumb"},"inLanguage":"en-US","potentialAction":[{"@type":"ReadAction","target":["https:\/\/listval.is\/artwork\/bla-komposisjon-composition-in-blue-4-2\/"]}]},{"@type":"ImageObject","inLanguage":"en-US","@id":"https:\/\/listval.is\/artwork\/bla-komposisjon-composition-in-blue-4-2\/#primaryimage","url":"https:\/\/listval.is\/wp-content\/uploads\/2026\/04\/sykurmolar-4-scaled.jpg","contentUrl":"https:\/\/listval.is\/wp-content\/uploads\/2026\/04\/sykurmolar-4-scaled.jpg","width":2560,"height":2483},{"@type":"BreadcrumbList","@id":"https:\/\/listval.is\/artwork\/bla-komposisjon-composition-in-blue-4-2\/#breadcrumb","itemListElement":[{"@type":"ListItem","position":1,"name":"Home","item":"https:\/\/listval.is\/"},{"@type":"ListItem","position":2,"name":"Shop","item":"https:\/\/listval.is\/shop\/"},{"@type":"ListItem","position":3,"name":"Bl\u00e1 komp\u00f3sisj\u00f3n \/ Composition in blue (4)"}]},{"@type":"WebSite","@id":"https:\/\/listval.is\/#website","url":"https:\/\/listval.is\/","name":"LISTVAL GALLERY","description":"Art Gallery based in Reykjav\u00edk, Iceland","publisher":{"@id":"https:\/\/listval.is\/#organization"},"potentialAction":[{"@type":"SearchAction","target":{"@type":"EntryPoint","urlTemplate":"https:\/\/listval.is\/?s={search_term_string}"},"query-input":{"@type":"PropertyValueSpecification","valueRequired":true,"valueName":"search_term_string"}}],"inLanguage":"en-US"},{"@type":"Organization","@id":"https:\/\/listval.is\/#organization","name":"Listval","url":"https:\/\/listval.is\/","logo":{"@type":"ImageObject","inLanguage":"en-US","@id":"https:\/\/listval.is\/#\/schema\/logo\/image\/","url":"https:\/\/listval.is\/wp-content\/uploads\/2023\/07\/Logo-profile-40.png","contentUrl":"https:\/\/listval.is\/wp-content\/uploads\/2023\/07\/Logo-profile-40.png","width":2250,"height":2250,"caption":"Listval"},"image":{"@id":"https:\/\/listval.is\/#\/schema\/logo\/image\/"},"sameAs":["https:\/\/www.facebook.com\/listval","https:\/\/www.instagram.com\/listval_\/","https:\/\/www.linkedin.com\/company\/listval\/","https:\/\/www.youtube.com\/channel\/UCm0wWRjGyr-dEJrH08-7z6Q","https:\/\/www.pinterest.com\/listval_\/"]}]}},"_links":{"self":[{"href":"https:\/\/listval.is\/en\/wp-json\/wp\/v2\/product\/26530","targetHints":{"allow":["GET"]}}],"collection":[{"href":"https:\/\/listval.is\/en\/wp-json\/wp\/v2\/product"}],"about":[{"href":"https:\/\/listval.is\/en\/wp-json\/wp\/v2\/types\/product"}],"version-history":[{"count":2,"href":"https:\/\/listval.is\/en\/wp-json\/wp\/v2\/product\/26530\/revisions"}],"predecessor-version":[{"id":26535,"href":"https:\/\/listval.is\/en\/wp-json\/wp\/v2\/product\/26530\/revisions\/26535"}],"wp:featuredmedia":[{"embeddable":true,"href":"https:\/\/listval.is\/en\/wp-json\/wp\/v2\/media\/26538"}],"wp:attachment":[{"href":"https:\/\/listval.is\/en\/wp-json\/wp\/v2\/media?parent=26530"}],"wp:term":[{"taxonomy":"product_brand","embeddable":true,"href":"https:\/\/listval.is\/en\/wp-json\/wp\/v2\/product_brand?post=26530"},{"taxonomy":"product_cat","embeddable":true,"href":"https:\/\/listval.is\/en\/wp-json\/wp\/v2\/product_cat?post=26530"},{"taxonomy":"product_tag","embeddable":true,"href":"https:\/\/listval.is\/en\/wp-json\/wp\/v2\/product_tag?post=26530"}],"curies":[{"name":"wp","href":"https:\/\/api.w.org\/{rel}","templated":true}]}}