{"id":22651,"date":"2025-04-25T13:37:28","date_gmt":"2025-04-25T13:37:28","guid":{"rendered":"https:\/\/listval.is\/?post_type=product&#038;p=22651"},"modified":"2025-04-25T14:08:21","modified_gmt":"2025-04-25T14:08:21","slug":"hypnosis-a","status":"publish","type":"product","link":"https:\/\/listval.is\/en\/artwork\/hypnosis-a\/","title":{"rendered":"Hypnosis A"},"content":{"rendered":"<p>Sigr\u00fan Hr\u00f3lfsd\u00f3ttir was born in 1973 in Reykjav\u00edk. She studied art at the Fj\u00f6lbrautask\u00f3linn in Brei\u00f0holt from 1990-93, at the Icelandic School of Fine Arts and Crafts 1993 &#8211; 96 and a master&#8217;s degree at the Pratt Institute in New York from 1996 &#8211; 97. She has also studied art history and philosophy at the University of Iceland and completed an MA degree in philosophy from the University of Iceland in 2016.<\/p>","protected":false},"excerpt":{"rendered":"<p>Sigr\u00fan Hr\u00f3lfsd\u00f3ttir was born in 1973 in Reykjav\u00edk. She studied art at the Fj\u00f6lbrautask\u00f3linn in Brei\u00f0holt from 1990-93, at the Icelandic School of Fine Arts and Crafts 1993 &#8211; 96 and a master&#8217;s degree at the Pratt Institute in New York from 1996 &#8211; 97. She has also studied art history and philosophy at the [&hellip;]<\/p>\n","protected":false},"featured_media":22677,"template":"","meta":{"site-sidebar-layout":"default","site-content-layout":"default","ast-site-content-layout":"default","site-content-style":"default","site-sidebar-style":"default","ast-global-header-display":"","ast-banner-title-visibility":"","ast-main-header-display":"","ast-hfb-above-header-display":"","ast-hfb-below-header-display":"","ast-hfb-mobile-header-display":"","site-post-title":"","ast-breadcrumbs-content":"","ast-featured-img":"","footer-sml-layout":"","theme-transparent-header-meta":"default","adv-header-id-meta":"","stick-header-meta":"","header-above-stick-meta":"","header-main-stick-meta":"","header-below-stick-meta":"","astra-migrate-meta-layouts":"default","ast-page-background-enabled":"default","ast-page-background-meta":{"desktop":{"background-color":"var(--ast-global-color-4)","background-image":"","background-repeat":"repeat","background-position":"center center","background-size":"auto","background-attachment":"scroll","background-type":"","background-media":"","overlay-type":"","overlay-color":"","overlay-opacity":"","overlay-gradient":""},"tablet":{"background-color":"","background-image":"","background-repeat":"repeat","background-position":"center center","background-size":"auto","background-attachment":"scroll","background-type":"","background-media":"","overlay-type":"","overlay-color":"","overlay-opacity":"","overlay-gradient":""},"mobile":{"background-color":"","background-image":"","background-repeat":"repeat","background-position":"center center","background-size":"auto","background-attachment":"scroll","background-type":"","background-media":"","overlay-type":"","overlay-color":"","overlay-opacity":"","overlay-gradient":""}},"ast-content-background-meta":{"desktop":{"background-color":"var(--ast-global-color-5)","background-image":"","background-repeat":"repeat","background-position":"center center","background-size":"auto","background-attachment":"scroll","background-type":"","background-media":"","overlay-type":"","overlay-color":"","overlay-opacity":"","overlay-gradient":""},"tablet":{"background-color":"var(--ast-global-color-5)","background-image":"","background-repeat":"repeat","background-position":"center center","background-size":"auto","background-attachment":"scroll","background-type":"","background-media":"","overlay-type":"","overlay-color":"","overlay-opacity":"","overlay-gradient":""},"mobile":{"background-color":"var(--ast-global-color-5)","background-image":"","background-repeat":"repeat","background-position":"center center","background-size":"auto","background-attachment":"scroll","background-type":"","background-media":"","overlay-type":"","overlay-color":"","overlay-opacity":"","overlay-gradient":""}}},"product_brand":[354],"product_cat":[184,165],"product_tag":[450],"class_list":{"0":"post-22651","1":"product","2":"type-product","3":"status-publish","4":"has-post-thumbnail","6":"product_brand-sigrun-hrolfsdottir","7":"product_cat-einstok-verk","8":"product_cat-nytt","9":"product_tag-sigrun-hrolfsdottir","10":"product_shipping_class-litil-verk","11":"desktop-align-left","12":"tablet-align-left","13":"mobile-align-left","15":"first","16":"instock","17":"taxable","18":"shipping-taxable","19":"purchasable","20":"product-type-simple"},"yoast_head":"<!-- This site is optimized with the Yoast SEO plugin v26.9 - https:\/\/yoast.com\/product\/yoast-seo-wordpress\/ -->\n<title>Hypnosis A | LISTVAL<\/title>\n<meta name=\"robots\" content=\"index, follow, max-snippet:-1, max-image-preview:large, max-video-preview:-1\" \/>\n<link rel=\"canonical\" href=\"https:\/\/listval.is\/en\/artwork\/hypnosis-a\/\" \/>\n<meta property=\"og:locale\" content=\"en_US\" \/>\n<meta property=\"og:type\" content=\"article\" \/>\n<meta property=\"og:title\" content=\"Hypnosis A | LISTVAL\" \/>\n<meta property=\"og:description\" content=\"Sigr\u00fan Hr\u00f3lfsd\u00f3ttir was born in 1973 in Reykjav\u00edk. She studied art at the Fj\u00f6lbrautask\u00f3linn in Brei\u00f0holt from 1990-93, at the Icelandic School of Fine Arts and Crafts 1993 &#8211; 96 and a master&#8217;s degree at the Pratt Institute in New York from 1996 &#8211; 97. She has also studied art history and philosophy at the [&hellip;]\" \/>\n<meta property=\"og:url\" content=\"https:\/\/listval.is\/en\/artwork\/hypnosis-a\/\" \/>\n<meta property=\"og:site_name\" content=\"LISTVAL\" \/>\n<meta property=\"article:publisher\" content=\"https:\/\/www.facebook.com\/listval\" \/>\n<meta property=\"article:modified_time\" content=\"2025-04-25T14:08:21+00:00\" \/>\n<meta property=\"og:image\" content=\"https:\/\/listval.is\/wp-content\/uploads\/2025\/04\/Screenshot-2025-04-25-at-13.36.59.jpg\" \/>\n\t<meta property=\"og:image:width\" content=\"1136\" \/>\n\t<meta property=\"og:image:height\" content=\"1492\" \/>\n\t<meta property=\"og:image:type\" content=\"image\/jpeg\" \/>\n<meta name=\"twitter:card\" content=\"summary_large_image\" \/>\n<meta name=\"twitter:label1\" content=\"Est. reading time\" \/>\n\t<meta name=\"twitter:data1\" content=\"1 minute\" \/>\n<script type=\"application\/ld+json\" class=\"yoast-schema-graph\">{\"@context\":\"https:\/\/schema.org\",\"@graph\":[{\"@type\":[\"WebPage\",\"ItemPage\"],\"@id\":\"https:\/\/listval.is\/artwork\/hypnosis-a\/\",\"url\":\"https:\/\/listval.is\/artwork\/hypnosis-a\/\",\"name\":\"Hypnosis A | LISTVAL\",\"isPartOf\":{\"@id\":\"https:\/\/listval.is\/#website\"},\"primaryImageOfPage\":{\"@id\":\"https:\/\/listval.is\/artwork\/hypnosis-a\/#primaryimage\"},\"image\":{\"@id\":\"https:\/\/listval.is\/artwork\/hypnosis-a\/#primaryimage\"},\"thumbnailUrl\":\"https:\/\/listval.is\/wp-content\/uploads\/2025\/04\/Screenshot-2025-04-25-at-14.12.43.png\",\"datePublished\":\"2025-04-25T13:37:28+00:00\",\"dateModified\":\"2025-04-25T14:08:21+00:00\",\"breadcrumb\":{\"@id\":\"https:\/\/listval.is\/artwork\/hypnosis-a\/#breadcrumb\"},\"inLanguage\":\"en-US\",\"potentialAction\":[{\"@type\":\"ReadAction\",\"target\":[\"https:\/\/listval.is\/artwork\/hypnosis-a\/\"]}]},{\"@type\":\"ImageObject\",\"inLanguage\":\"en-US\",\"@id\":\"https:\/\/listval.is\/artwork\/hypnosis-a\/#primaryimage\",\"url\":\"https:\/\/listval.is\/wp-content\/uploads\/2025\/04\/Screenshot-2025-04-25-at-14.12.43.png\",\"contentUrl\":\"https:\/\/listval.is\/wp-content\/uploads\/2025\/04\/Screenshot-2025-04-25-at-14.12.43.png\",\"width\":1104,\"height\":1456},{\"@type\":\"BreadcrumbList\",\"@id\":\"https:\/\/listval.is\/artwork\/hypnosis-a\/#breadcrumb\",\"itemListElement\":[{\"@type\":\"ListItem\",\"position\":1,\"name\":\"Home\",\"item\":\"https:\/\/listval.is\/\"},{\"@type\":\"ListItem\",\"position\":2,\"name\":\"Shop\",\"item\":\"https:\/\/listval.is\/shop\/\"},{\"@type\":\"ListItem\",\"position\":3,\"name\":\"Hypnosis A\"}]},{\"@type\":\"WebSite\",\"@id\":\"https:\/\/listval.is\/#website\",\"url\":\"https:\/\/listval.is\/\",\"name\":\"LISTVAL GALLERY\",\"description\":\"Art Gallery based in Reykjav\u00edk, Iceland\",\"publisher\":{\"@id\":\"https:\/\/listval.is\/#organization\"},\"potentialAction\":[{\"@type\":\"SearchAction\",\"target\":{\"@type\":\"EntryPoint\",\"urlTemplate\":\"https:\/\/listval.is\/?s={search_term_string}\"},\"query-input\":{\"@type\":\"PropertyValueSpecification\",\"valueRequired\":true,\"valueName\":\"search_term_string\"}}],\"inLanguage\":\"en-US\"},{\"@type\":\"Organization\",\"@id\":\"https:\/\/listval.is\/#organization\",\"name\":\"Listval\",\"url\":\"https:\/\/listval.is\/\",\"logo\":{\"@type\":\"ImageObject\",\"inLanguage\":\"en-US\",\"@id\":\"https:\/\/listval.is\/#\/schema\/logo\/image\/\",\"url\":\"https:\/\/listval.is\/wp-content\/uploads\/2023\/07\/Logo-profile-40.png\",\"contentUrl\":\"https:\/\/listval.is\/wp-content\/uploads\/2023\/07\/Logo-profile-40.png\",\"width\":2250,\"height\":2250,\"caption\":\"Listval\"},\"image\":{\"@id\":\"https:\/\/listval.is\/#\/schema\/logo\/image\/\"},\"sameAs\":[\"https:\/\/www.facebook.com\/listval\",\"https:\/\/www.instagram.com\/listval_\/\",\"https:\/\/www.linkedin.com\/company\/listval\/\",\"https:\/\/www.youtube.com\/channel\/UCm0wWRjGyr-dEJrH08-7z6Q\",\"https:\/\/www.pinterest.com\/listval_\/\"]}]}<\/script>\n<!-- \/ Yoast SEO plugin. -->","yoast_head_json":{"title":"Hypnosis A | LISTVAL","robots":{"index":"index","follow":"follow","max-snippet":"max-snippet:-1","max-image-preview":"max-image-preview:large","max-video-preview":"max-video-preview:-1"},"canonical":"https:\/\/listval.is\/en\/artwork\/hypnosis-a\/","og_locale":"en_US","og_type":"article","og_title":"Hypnosis A | LISTVAL","og_description":"Sigr\u00fan Hr\u00f3lfsd\u00f3ttir was born in 1973 in Reykjav\u00edk. She studied art at the Fj\u00f6lbrautask\u00f3linn in Brei\u00f0holt from 1990-93, at the Icelandic School of Fine Arts and Crafts 1993 &#8211; 96 and a master&#8217;s degree at the Pratt Institute in New York from 1996 &#8211; 97. She has also studied art history and philosophy at the [&hellip;]","og_url":"https:\/\/listval.is\/en\/artwork\/hypnosis-a\/","og_site_name":"LISTVAL","article_publisher":"https:\/\/www.facebook.com\/listval","article_modified_time":"2025-04-25T14:08:21+00:00","og_image":[{"width":1136,"height":1492,"url":"https:\/\/listval.is\/wp-content\/uploads\/2025\/04\/Screenshot-2025-04-25-at-13.36.59.jpg","type":"image\/jpeg"}],"twitter_card":"summary_large_image","twitter_misc":{"Est. reading time":"1 minute"},"schema":{"@context":"https:\/\/schema.org","@graph":[{"@type":["WebPage","ItemPage"],"@id":"https:\/\/listval.is\/artwork\/hypnosis-a\/","url":"https:\/\/listval.is\/artwork\/hypnosis-a\/","name":"Hypnosis A | LISTVAL","isPartOf":{"@id":"https:\/\/listval.is\/#website"},"primaryImageOfPage":{"@id":"https:\/\/listval.is\/artwork\/hypnosis-a\/#primaryimage"},"image":{"@id":"https:\/\/listval.is\/artwork\/hypnosis-a\/#primaryimage"},"thumbnailUrl":"https:\/\/listval.is\/wp-content\/uploads\/2025\/04\/Screenshot-2025-04-25-at-14.12.43.png","datePublished":"2025-04-25T13:37:28+00:00","dateModified":"2025-04-25T14:08:21+00:00","breadcrumb":{"@id":"https:\/\/listval.is\/artwork\/hypnosis-a\/#breadcrumb"},"inLanguage":"en-US","potentialAction":[{"@type":"ReadAction","target":["https:\/\/listval.is\/artwork\/hypnosis-a\/"]}]},{"@type":"ImageObject","inLanguage":"en-US","@id":"https:\/\/listval.is\/artwork\/hypnosis-a\/#primaryimage","url":"https:\/\/listval.is\/wp-content\/uploads\/2025\/04\/Screenshot-2025-04-25-at-14.12.43.png","contentUrl":"https:\/\/listval.is\/wp-content\/uploads\/2025\/04\/Screenshot-2025-04-25-at-14.12.43.png","width":1104,"height":1456},{"@type":"BreadcrumbList","@id":"https:\/\/listval.is\/artwork\/hypnosis-a\/#breadcrumb","itemListElement":[{"@type":"ListItem","position":1,"name":"Home","item":"https:\/\/listval.is\/"},{"@type":"ListItem","position":2,"name":"Shop","item":"https:\/\/listval.is\/shop\/"},{"@type":"ListItem","position":3,"name":"Hypnosis A"}]},{"@type":"WebSite","@id":"https:\/\/listval.is\/#website","url":"https:\/\/listval.is\/","name":"LISTVAL GALLERY","description":"Art Gallery based in Reykjav\u00edk, Iceland","publisher":{"@id":"https:\/\/listval.is\/#organization"},"potentialAction":[{"@type":"SearchAction","target":{"@type":"EntryPoint","urlTemplate":"https:\/\/listval.is\/?s={search_term_string}"},"query-input":{"@type":"PropertyValueSpecification","valueRequired":true,"valueName":"search_term_string"}}],"inLanguage":"en-US"},{"@type":"Organization","@id":"https:\/\/listval.is\/#organization","name":"Listval","url":"https:\/\/listval.is\/","logo":{"@type":"ImageObject","inLanguage":"en-US","@id":"https:\/\/listval.is\/#\/schema\/logo\/image\/","url":"https:\/\/listval.is\/wp-content\/uploads\/2023\/07\/Logo-profile-40.png","contentUrl":"https:\/\/listval.is\/wp-content\/uploads\/2023\/07\/Logo-profile-40.png","width":2250,"height":2250,"caption":"Listval"},"image":{"@id":"https:\/\/listval.is\/#\/schema\/logo\/image\/"},"sameAs":["https:\/\/www.facebook.com\/listval","https:\/\/www.instagram.com\/listval_\/","https:\/\/www.linkedin.com\/company\/listval\/","https:\/\/www.youtube.com\/channel\/UCm0wWRjGyr-dEJrH08-7z6Q","https:\/\/www.pinterest.com\/listval_\/"]}]}},"_links":{"self":[{"href":"https:\/\/listval.is\/en\/wp-json\/wp\/v2\/product\/22651","targetHints":{"allow":["GET"]}}],"collection":[{"href":"https:\/\/listval.is\/en\/wp-json\/wp\/v2\/product"}],"about":[{"href":"https:\/\/listval.is\/en\/wp-json\/wp\/v2\/types\/product"}],"version-history":[{"count":0,"href":"https:\/\/listval.is\/en\/wp-json\/wp\/v2\/product\/22651\/revisions"}],"wp:featuredmedia":[{"embeddable":true,"href":"https:\/\/listval.is\/en\/wp-json\/wp\/v2\/media\/22677"}],"wp:attachment":[{"href":"https:\/\/listval.is\/en\/wp-json\/wp\/v2\/media?parent=22651"}],"wp:term":[{"taxonomy":"product_brand","embeddable":true,"href":"https:\/\/listval.is\/en\/wp-json\/wp\/v2\/product_brand?post=22651"},{"taxonomy":"product_cat","embeddable":true,"href":"https:\/\/listval.is\/en\/wp-json\/wp\/v2\/product_cat?post=22651"},{"taxonomy":"product_tag","embeddable":true,"href":"https:\/\/listval.is\/en\/wp-json\/wp\/v2\/product_tag?post=22651"}],"curies":[{"name":"wp","href":"https:\/\/api.w.org\/{rel}","templated":true}]}}