{"id":20919,"date":"2024-11-01T16:50:00","date_gmt":"2024-11-01T16:50:00","guid":{"rendered":"https:\/\/listval.is\/?post_type=product&#038;p=20919"},"modified":"2025-01-08T11:58:18","modified_gmt":"2025-01-08T11:58:18","slug":"tulipvase","status":"publish","type":"product","link":"https:\/\/listval.is\/en\/artwork\/tulipvase\/","title":{"rendered":"Tulipvase"},"content":{"rendered":"<p>Hanna D\u00eds Whitehead (1982) graduated from Design Academy Eindhoven in 2011. Her works are located on the border of design, art and crafts. The process is allowed to dominate the journey and one goes between different materials such as wood, textiles and ceramics within the same concept. Hanna D\u00eds is particularly interested in evoking a conversation between works and the audience as she weaves together stories, form, colors and drawing. She lives and works in Hornafj\u00f6r\u00f0ur.<\/p>","protected":false},"excerpt":{"rendered":"<p>Hanna D\u00eds Whitehead (1982) \u00fatskrifa\u00f0ist fr\u00e1 Design Academy Eindhoven \u00e1ri\u00f0 2011. Verk hennar eru sta\u00f0sett \u00e1 landam\u00e6rum h\u00f6nnunar, listar og handverks. Ferlinu er leyft a\u00f0 r\u00e1\u00f0a fer\u00f0inni og fari\u00f0 er \u00e1 milli mismunandi efna svo sem vi\u00f0ar, text\u00edls og keram\u00edkur innan s\u00f6mu hugmyndar. Hanna D\u00eds hefur s\u00e9rstakan \u00e1huga \u00e1 a\u00f0 vekja upp samtal \u00e1 milli [&hellip;]<\/p>\n","protected":false},"featured_media":20921,"template":"","meta":{"site-sidebar-layout":"default","site-content-layout":"default","ast-site-content-layout":"default","site-content-style":"default","site-sidebar-style":"default","ast-global-header-display":"","ast-banner-title-visibility":"","ast-main-header-display":"","ast-hfb-above-header-display":"","ast-hfb-below-header-display":"","ast-hfb-mobile-header-display":"","site-post-title":"","ast-breadcrumbs-content":"","ast-featured-img":"","footer-sml-layout":"","theme-transparent-header-meta":"default","adv-header-id-meta":"","stick-header-meta":"","header-above-stick-meta":"","header-main-stick-meta":"","header-below-stick-meta":"","astra-migrate-meta-layouts":"default","ast-page-background-enabled":"default","ast-page-background-meta":{"desktop":{"background-color":"var(--ast-global-color-4)","background-image":"","background-repeat":"repeat","background-position":"center center","background-size":"auto","background-attachment":"scroll","background-type":"","background-media":"","overlay-type":"","overlay-color":"","overlay-opacity":"","overlay-gradient":""},"tablet":{"background-color":"","background-image":"","background-repeat":"repeat","background-position":"center center","background-size":"auto","background-attachment":"scroll","background-type":"","background-media":"","overlay-type":"","overlay-color":"","overlay-opacity":"","overlay-gradient":""},"mobile":{"background-color":"","background-image":"","background-repeat":"repeat","background-position":"center center","background-size":"auto","background-attachment":"scroll","background-type":"","background-media":"","overlay-type":"","overlay-color":"","overlay-opacity":"","overlay-gradient":""}},"ast-content-background-meta":{"desktop":{"background-color":"var(--ast-global-color-5)","background-image":"","background-repeat":"repeat","background-position":"center center","background-size":"auto","background-attachment":"scroll","background-type":"","background-media":"","overlay-type":"","overlay-color":"","overlay-opacity":"","overlay-gradient":""},"tablet":{"background-color":"var(--ast-global-color-5)","background-image":"","background-repeat":"repeat","background-position":"center center","background-size":"auto","background-attachment":"scroll","background-type":"","background-media":"","overlay-type":"","overlay-color":"","overlay-opacity":"","overlay-gradient":""},"mobile":{"background-color":"var(--ast-global-color-5)","background-image":"","background-repeat":"repeat","background-position":"center center","background-size":"auto","background-attachment":"scroll","background-type":"","background-media":"","overlay-type":"","overlay-color":"","overlay-opacity":"","overlay-gradient":""}}},"product_brand":[299],"product_cat":[165],"product_tag":[405],"class_list":{"0":"post-20919","1":"product","2":"type-product","3":"status-publish","4":"has-post-thumbnail","6":"product_brand-hanna-dis-whitehead","7":"product_cat-nytt","8":"product_tag-hanna-dis-whitehead","9":"desktop-align-left","10":"tablet-align-left","11":"mobile-align-left","13":"first","14":"instock","15":"taxable","16":"shipping-taxable","17":"purchasable","18":"product-type-simple"},"yoast_head":"<!-- This site is optimized with the Yoast SEO plugin v26.9 - https:\/\/yoast.com\/product\/yoast-seo-wordpress\/ -->\n<title>Tulipvase | LISTVAL<\/title>\n<meta name=\"robots\" content=\"index, follow, max-snippet:-1, max-image-preview:large, max-video-preview:-1\" \/>\n<link rel=\"canonical\" href=\"https:\/\/listval.is\/en\/artwork\/tulipvase\/\" \/>\n<meta property=\"og:locale\" content=\"en_US\" \/>\n<meta property=\"og:type\" content=\"article\" \/>\n<meta property=\"og:title\" content=\"Tulipvase | LISTVAL\" \/>\n<meta property=\"og:description\" content=\"Hanna D\u00eds Whitehead (1982) \u00fatskrifa\u00f0ist fr\u00e1 Design Academy Eindhoven \u00e1ri\u00f0 2011. Verk hennar eru sta\u00f0sett \u00e1 landam\u00e6rum h\u00f6nnunar, listar og handverks. Ferlinu er leyft a\u00f0 r\u00e1\u00f0a fer\u00f0inni og fari\u00f0 er \u00e1 milli mismunandi efna svo sem vi\u00f0ar, text\u00edls og keram\u00edkur innan s\u00f6mu hugmyndar. Hanna D\u00eds hefur s\u00e9rstakan \u00e1huga \u00e1 a\u00f0 vekja upp samtal \u00e1 milli [&hellip;]\" \/>\n<meta property=\"og:url\" content=\"https:\/\/listval.is\/en\/artwork\/tulipvase\/\" \/>\n<meta property=\"og:site_name\" content=\"LISTVAL\" \/>\n<meta property=\"article:publisher\" content=\"https:\/\/www.facebook.com\/listval\" \/>\n<meta property=\"article:modified_time\" content=\"2025-01-08T11:58:18+00:00\" \/>\n<meta property=\"og:image\" content=\"https:\/\/listval.is\/wp-content\/uploads\/2024\/11\/TulipvaseB4.jpg\" \/>\n\t<meta property=\"og:image:width\" content=\"1600\" \/>\n\t<meta property=\"og:image:height\" content=\"2112\" \/>\n\t<meta property=\"og:image:type\" content=\"image\/jpeg\" \/>\n<meta name=\"twitter:card\" content=\"summary_large_image\" \/>\n<meta name=\"twitter:label1\" content=\"Est. reading time\" \/>\n\t<meta name=\"twitter:data1\" content=\"1 minute\" \/>\n<script type=\"application\/ld+json\" class=\"yoast-schema-graph\">{\"@context\":\"https:\/\/schema.org\",\"@graph\":[{\"@type\":[\"WebPage\",\"ItemPage\"],\"@id\":\"https:\/\/listval.is\/artwork\/tulipvase\/\",\"url\":\"https:\/\/listval.is\/artwork\/tulipvase\/\",\"name\":\"Tulipvase | LISTVAL\",\"isPartOf\":{\"@id\":\"https:\/\/listval.is\/#website\"},\"primaryImageOfPage\":{\"@id\":\"https:\/\/listval.is\/artwork\/tulipvase\/#primaryimage\"},\"image\":{\"@id\":\"https:\/\/listval.is\/artwork\/tulipvase\/#primaryimage\"},\"thumbnailUrl\":\"https:\/\/listval.is\/wp-content\/uploads\/2024\/11\/TulipvaseB4.jpg\",\"datePublished\":\"2024-11-01T16:50:00+00:00\",\"dateModified\":\"2025-01-08T11:58:18+00:00\",\"breadcrumb\":{\"@id\":\"https:\/\/listval.is\/artwork\/tulipvase\/#breadcrumb\"},\"inLanguage\":\"en-US\",\"potentialAction\":[{\"@type\":\"ReadAction\",\"target\":[\"https:\/\/listval.is\/artwork\/tulipvase\/\"]}]},{\"@type\":\"ImageObject\",\"inLanguage\":\"en-US\",\"@id\":\"https:\/\/listval.is\/artwork\/tulipvase\/#primaryimage\",\"url\":\"https:\/\/listval.is\/wp-content\/uploads\/2024\/11\/TulipvaseB4.jpg\",\"contentUrl\":\"https:\/\/listval.is\/wp-content\/uploads\/2024\/11\/TulipvaseB4.jpg\",\"width\":1600,\"height\":2112},{\"@type\":\"BreadcrumbList\",\"@id\":\"https:\/\/listval.is\/artwork\/tulipvase\/#breadcrumb\",\"itemListElement\":[{\"@type\":\"ListItem\",\"position\":1,\"name\":\"Home\",\"item\":\"https:\/\/listval.is\/\"},{\"@type\":\"ListItem\",\"position\":2,\"name\":\"Shop\",\"item\":\"https:\/\/listval.is\/shop\/\"},{\"@type\":\"ListItem\",\"position\":3,\"name\":\"Tulipvase\"}]},{\"@type\":\"WebSite\",\"@id\":\"https:\/\/listval.is\/#website\",\"url\":\"https:\/\/listval.is\/\",\"name\":\"LISTVAL GALLERY\",\"description\":\"Art Gallery based in Reykjav\u00edk, Iceland\",\"publisher\":{\"@id\":\"https:\/\/listval.is\/#organization\"},\"potentialAction\":[{\"@type\":\"SearchAction\",\"target\":{\"@type\":\"EntryPoint\",\"urlTemplate\":\"https:\/\/listval.is\/?s={search_term_string}\"},\"query-input\":{\"@type\":\"PropertyValueSpecification\",\"valueRequired\":true,\"valueName\":\"search_term_string\"}}],\"inLanguage\":\"en-US\"},{\"@type\":\"Organization\",\"@id\":\"https:\/\/listval.is\/#organization\",\"name\":\"Listval\",\"url\":\"https:\/\/listval.is\/\",\"logo\":{\"@type\":\"ImageObject\",\"inLanguage\":\"en-US\",\"@id\":\"https:\/\/listval.is\/#\/schema\/logo\/image\/\",\"url\":\"https:\/\/listval.is\/wp-content\/uploads\/2023\/07\/Logo-profile-40.png\",\"contentUrl\":\"https:\/\/listval.is\/wp-content\/uploads\/2023\/07\/Logo-profile-40.png\",\"width\":2250,\"height\":2250,\"caption\":\"Listval\"},\"image\":{\"@id\":\"https:\/\/listval.is\/#\/schema\/logo\/image\/\"},\"sameAs\":[\"https:\/\/www.facebook.com\/listval\",\"https:\/\/www.instagram.com\/listval_\/\",\"https:\/\/www.linkedin.com\/company\/listval\/\",\"https:\/\/www.youtube.com\/channel\/UCm0wWRjGyr-dEJrH08-7z6Q\",\"https:\/\/www.pinterest.com\/listval_\/\"]}]}<\/script>\n<!-- \/ Yoast SEO plugin. -->","yoast_head_json":{"title":"Tulipvase | LISTVAL","robots":{"index":"index","follow":"follow","max-snippet":"max-snippet:-1","max-image-preview":"max-image-preview:large","max-video-preview":"max-video-preview:-1"},"canonical":"https:\/\/listval.is\/en\/artwork\/tulipvase\/","og_locale":"en_US","og_type":"article","og_title":"Tulipvase | LISTVAL","og_description":"Hanna D\u00eds Whitehead (1982) \u00fatskrifa\u00f0ist fr\u00e1 Design Academy Eindhoven \u00e1ri\u00f0 2011. Verk hennar eru sta\u00f0sett \u00e1 landam\u00e6rum h\u00f6nnunar, listar og handverks. Ferlinu er leyft a\u00f0 r\u00e1\u00f0a fer\u00f0inni og fari\u00f0 er \u00e1 milli mismunandi efna svo sem vi\u00f0ar, text\u00edls og keram\u00edkur innan s\u00f6mu hugmyndar. Hanna D\u00eds hefur s\u00e9rstakan \u00e1huga \u00e1 a\u00f0 vekja upp samtal \u00e1 milli [&hellip;]","og_url":"https:\/\/listval.is\/en\/artwork\/tulipvase\/","og_site_name":"LISTVAL","article_publisher":"https:\/\/www.facebook.com\/listval","article_modified_time":"2025-01-08T11:58:18+00:00","og_image":[{"width":1600,"height":2112,"url":"https:\/\/listval.is\/wp-content\/uploads\/2024\/11\/TulipvaseB4.jpg","type":"image\/jpeg"}],"twitter_card":"summary_large_image","twitter_misc":{"Est. reading time":"1 minute"},"schema":{"@context":"https:\/\/schema.org","@graph":[{"@type":["WebPage","ItemPage"],"@id":"https:\/\/listval.is\/artwork\/tulipvase\/","url":"https:\/\/listval.is\/artwork\/tulipvase\/","name":"Tulipvase | LISTVAL","isPartOf":{"@id":"https:\/\/listval.is\/#website"},"primaryImageOfPage":{"@id":"https:\/\/listval.is\/artwork\/tulipvase\/#primaryimage"},"image":{"@id":"https:\/\/listval.is\/artwork\/tulipvase\/#primaryimage"},"thumbnailUrl":"https:\/\/listval.is\/wp-content\/uploads\/2024\/11\/TulipvaseB4.jpg","datePublished":"2024-11-01T16:50:00+00:00","dateModified":"2025-01-08T11:58:18+00:00","breadcrumb":{"@id":"https:\/\/listval.is\/artwork\/tulipvase\/#breadcrumb"},"inLanguage":"en-US","potentialAction":[{"@type":"ReadAction","target":["https:\/\/listval.is\/artwork\/tulipvase\/"]}]},{"@type":"ImageObject","inLanguage":"en-US","@id":"https:\/\/listval.is\/artwork\/tulipvase\/#primaryimage","url":"https:\/\/listval.is\/wp-content\/uploads\/2024\/11\/TulipvaseB4.jpg","contentUrl":"https:\/\/listval.is\/wp-content\/uploads\/2024\/11\/TulipvaseB4.jpg","width":1600,"height":2112},{"@type":"BreadcrumbList","@id":"https:\/\/listval.is\/artwork\/tulipvase\/#breadcrumb","itemListElement":[{"@type":"ListItem","position":1,"name":"Home","item":"https:\/\/listval.is\/"},{"@type":"ListItem","position":2,"name":"Shop","item":"https:\/\/listval.is\/shop\/"},{"@type":"ListItem","position":3,"name":"Tulipvase"}]},{"@type":"WebSite","@id":"https:\/\/listval.is\/#website","url":"https:\/\/listval.is\/","name":"LISTVAL GALLERY","description":"Art Gallery based in Reykjav\u00edk, Iceland","publisher":{"@id":"https:\/\/listval.is\/#organization"},"potentialAction":[{"@type":"SearchAction","target":{"@type":"EntryPoint","urlTemplate":"https:\/\/listval.is\/?s={search_term_string}"},"query-input":{"@type":"PropertyValueSpecification","valueRequired":true,"valueName":"search_term_string"}}],"inLanguage":"en-US"},{"@type":"Organization","@id":"https:\/\/listval.is\/#organization","name":"Listval","url":"https:\/\/listval.is\/","logo":{"@type":"ImageObject","inLanguage":"en-US","@id":"https:\/\/listval.is\/#\/schema\/logo\/image\/","url":"https:\/\/listval.is\/wp-content\/uploads\/2023\/07\/Logo-profile-40.png","contentUrl":"https:\/\/listval.is\/wp-content\/uploads\/2023\/07\/Logo-profile-40.png","width":2250,"height":2250,"caption":"Listval"},"image":{"@id":"https:\/\/listval.is\/#\/schema\/logo\/image\/"},"sameAs":["https:\/\/www.facebook.com\/listval","https:\/\/www.instagram.com\/listval_\/","https:\/\/www.linkedin.com\/company\/listval\/","https:\/\/www.youtube.com\/channel\/UCm0wWRjGyr-dEJrH08-7z6Q","https:\/\/www.pinterest.com\/listval_\/"]}]}},"_links":{"self":[{"href":"https:\/\/listval.is\/en\/wp-json\/wp\/v2\/product\/20919","targetHints":{"allow":["GET"]}}],"collection":[{"href":"https:\/\/listval.is\/en\/wp-json\/wp\/v2\/product"}],"about":[{"href":"https:\/\/listval.is\/en\/wp-json\/wp\/v2\/types\/product"}],"version-history":[{"count":0,"href":"https:\/\/listval.is\/en\/wp-json\/wp\/v2\/product\/20919\/revisions"}],"wp:featuredmedia":[{"embeddable":true,"href":"https:\/\/listval.is\/en\/wp-json\/wp\/v2\/media\/20921"}],"wp:attachment":[{"href":"https:\/\/listval.is\/en\/wp-json\/wp\/v2\/media?parent=20919"}],"wp:term":[{"taxonomy":"product_brand","embeddable":true,"href":"https:\/\/listval.is\/en\/wp-json\/wp\/v2\/product_brand?post=20919"},{"taxonomy":"product_cat","embeddable":true,"href":"https:\/\/listval.is\/en\/wp-json\/wp\/v2\/product_cat?post=20919"},{"taxonomy":"product_tag","embeddable":true,"href":"https:\/\/listval.is\/en\/wp-json\/wp\/v2\/product_tag?post=20919"}],"curies":[{"name":"wp","href":"https:\/\/api.w.org\/{rel}","templated":true}]}}