{"id":17925,"date":"2024-01-27T15:00:00","date_gmt":"2024-01-27T15:00:00","guid":{"rendered":"https:\/\/listval.is\/?post_type=product&#038;p=17925"},"modified":"2025-01-08T12:31:56","modified_gmt":"2025-01-08T12:31:56","slug":"new-product-5","status":"publish","type":"product","link":"https:\/\/listval.is\/en\/artwork\/new-product-5\/","title":{"rendered":"Flamingo (Vatnsm\u00fdri)"},"content":{"rendered":"<p><span style=\"font-weight: 400;\">Thomas Pausz is an artist and designer born in Paris and based in Reykjav\u00edk. Pausz holds an MA from the Royal College of Arts (UK) and a BA in Philosophy from Paris X University (France). In his practice, Pausz explores fictional ecosystems, using media and material experiments to propose alternative relations to the non-human environment. In 2023-2024, Pausz is a Stanley Picker Fellow in Art and Design in London. Recent projects include <em>Haunted Ecologies<\/em> at Stanley Picker Gallery, London; <em>Interspecies Futures<\/em> at Centre for Book Arts, New York; <em>Nature in Transition, Shifting Identities<\/em> at The Nordic House, Iceland; <em>The Wildflower<\/em> at Hafnarborg Museum, Iceland; <em>The Swamp Pavilion<\/em> at the Venice Architecture Biennale; <em>Species without Spaces<\/em> at Atelier Luma &amp; Istanbul Design Biennale; <em>Food: Bigger than the Plate<\/em> at the Victoria &amp; Albert Museum, London UK and <em>Out of the Sea<\/em> at Passerelle Contemporary Art Centre Brest, France.<\/span><\/p>","protected":false},"excerpt":{"rendered":"<p>Thomas Pausz er listama\u00f0ur og h\u00f6nnu\u00f0ur, f\u00e6ddur \u00ed Par\u00eds en b\u00fdr og starfar \u00ed Reykjav\u00edk. Hann er me\u00f0 MA-gr\u00e1\u00f0u fr\u00e1 Konunglega listask\u00f3lanum \u00ed Bretlandi og BA \u00ed heimspeki fr\u00e1 X-h\u00e1sk\u00f3lanum \u00ed Par\u00eds. Verk hans eru unnin \u00fevert \u00e1 mi\u00f0la. \u00deau hverfast um sk\u00e1ldu\u00f0 vistkerfi, efnislegar tilraunir og hugmyndir um annars konar tengsl vi\u00f0 hi\u00f0 \u00f3mannlega [&hellip;]<\/p>\n","protected":false},"featured_media":17935,"template":"","meta":{"site-sidebar-layout":"default","site-content-layout":"default","ast-site-content-layout":"default","site-content-style":"default","site-sidebar-style":"default","ast-global-header-display":"","ast-banner-title-visibility":"","ast-main-header-display":"","ast-hfb-above-header-display":"","ast-hfb-below-header-display":"","ast-hfb-mobile-header-display":"","site-post-title":"","ast-breadcrumbs-content":"","ast-featured-img":"","footer-sml-layout":"","theme-transparent-header-meta":"default","adv-header-id-meta":"","stick-header-meta":"","header-above-stick-meta":"","header-main-stick-meta":"","header-below-stick-meta":"","astra-migrate-meta-layouts":"default","ast-page-background-enabled":"default","ast-page-background-meta":{"desktop":{"background-color":"var(--ast-global-color-4)","background-image":"","background-repeat":"repeat","background-position":"center center","background-size":"auto","background-attachment":"scroll","background-type":"","background-media":"","overlay-type":"","overlay-color":"","overlay-opacity":"","overlay-gradient":""},"tablet":{"background-color":"","background-image":"","background-repeat":"repeat","background-position":"center center","background-size":"auto","background-attachment":"scroll","background-type":"","background-media":"","overlay-type":"","overlay-color":"","overlay-opacity":"","overlay-gradient":""},"mobile":{"background-color":"","background-image":"","background-repeat":"repeat","background-position":"center center","background-size":"auto","background-attachment":"scroll","background-type":"","background-media":"","overlay-type":"","overlay-color":"","overlay-opacity":"","overlay-gradient":""}},"ast-content-background-meta":{"desktop":{"background-color":"var(--ast-global-color-5)","background-image":"","background-repeat":"repeat","background-position":"center center","background-size":"auto","background-attachment":"scroll","background-type":"","background-media":"","overlay-type":"","overlay-color":"","overlay-opacity":"","overlay-gradient":""},"tablet":{"background-color":"var(--ast-global-color-5)","background-image":"","background-repeat":"repeat","background-position":"center center","background-size":"auto","background-attachment":"scroll","background-type":"","background-media":"","overlay-type":"","overlay-color":"","overlay-opacity":"","overlay-gradient":""},"mobile":{"background-color":"var(--ast-global-color-5)","background-image":"","background-repeat":"repeat","background-position":"center center","background-size":"auto","background-attachment":"scroll","background-type":"","background-media":"","overlay-type":"","overlay-color":"","overlay-opacity":"","overlay-gradient":""}}},"product_brand":[794],"product_cat":[184],"product_tag":[],"class_list":{"0":"post-17925","1":"product","2":"type-product","3":"status-publish","4":"has-post-thumbnail","6":"product_brand-thomas-pausz","7":"product_cat-einstok-verk","8":"product_shipping_class-litil-verk","9":"desktop-align-left","10":"tablet-align-left","11":"mobile-align-left","13":"first","14":"instock","15":"taxable","16":"shipping-taxable","17":"purchasable","18":"product-type-simple"},"yoast_head":"<!-- This site is optimized with the Yoast SEO plugin v26.9 - https:\/\/yoast.com\/product\/yoast-seo-wordpress\/ -->\n<title>Flamingo (Vatnsm\u00fdri) | LISTVAL<\/title>\n<meta name=\"robots\" content=\"index, follow, max-snippet:-1, max-image-preview:large, max-video-preview:-1\" \/>\n<link rel=\"canonical\" href=\"https:\/\/listval.is\/en\/artwork\/new-product-5\/\" \/>\n<meta property=\"og:locale\" content=\"en_US\" \/>\n<meta property=\"og:type\" content=\"article\" \/>\n<meta property=\"og:title\" content=\"Flamingo (Vatnsm\u00fdri) | LISTVAL\" \/>\n<meta property=\"og:description\" content=\"Thomas Pausz er listama\u00f0ur og h\u00f6nnu\u00f0ur, f\u00e6ddur \u00ed Par\u00eds en b\u00fdr og starfar \u00ed Reykjav\u00edk. Hann er me\u00f0 MA-gr\u00e1\u00f0u fr\u00e1 Konunglega listask\u00f3lanum \u00ed Bretlandi og BA \u00ed heimspeki fr\u00e1 X-h\u00e1sk\u00f3lanum \u00ed Par\u00eds. Verk hans eru unnin \u00fevert \u00e1 mi\u00f0la. \u00deau hverfast um sk\u00e1ldu\u00f0 vistkerfi, efnislegar tilraunir og hugmyndir um annars konar tengsl vi\u00f0 hi\u00f0 \u00f3mannlega [&hellip;]\" \/>\n<meta property=\"og:url\" content=\"https:\/\/listval.is\/en\/artwork\/new-product-5\/\" \/>\n<meta property=\"og:site_name\" content=\"LISTVAL\" \/>\n<meta property=\"article:publisher\" content=\"https:\/\/www.facebook.com\/listval\" \/>\n<meta property=\"article:modified_time\" content=\"2025-01-08T12:31:56+00:00\" \/>\n<meta property=\"og:image\" content=\"https:\/\/listval.is\/wp-content\/uploads\/2024\/01\/TP_0003_IMG_5270-scaled.jpg\" \/>\n\t<meta property=\"og:image:width\" content=\"1950\" \/>\n\t<meta property=\"og:image:height\" content=\"2560\" \/>\n\t<meta property=\"og:image:type\" content=\"image\/jpeg\" \/>\n<meta name=\"twitter:card\" content=\"summary_large_image\" \/>\n<meta name=\"twitter:label1\" content=\"Est. reading time\" \/>\n\t<meta name=\"twitter:data1\" content=\"1 minute\" \/>\n<script type=\"application\/ld+json\" class=\"yoast-schema-graph\">{\"@context\":\"https:\/\/schema.org\",\"@graph\":[{\"@type\":[\"WebPage\",\"ItemPage\"],\"@id\":\"https:\/\/listval.is\/artwork\/new-product-5\/\",\"url\":\"https:\/\/listval.is\/artwork\/new-product-5\/\",\"name\":\"Flamingo (Vatnsm\u00fdri) | LISTVAL\",\"isPartOf\":{\"@id\":\"https:\/\/listval.is\/#website\"},\"primaryImageOfPage\":{\"@id\":\"https:\/\/listval.is\/artwork\/new-product-5\/#primaryimage\"},\"image\":{\"@id\":\"https:\/\/listval.is\/artwork\/new-product-5\/#primaryimage\"},\"thumbnailUrl\":\"https:\/\/listval.is\/wp-content\/uploads\/2024\/01\/TP_0003_IMG_5270-scaled.jpg\",\"datePublished\":\"2024-01-27T15:00:00+00:00\",\"dateModified\":\"2025-01-08T12:31:56+00:00\",\"breadcrumb\":{\"@id\":\"https:\/\/listval.is\/artwork\/new-product-5\/#breadcrumb\"},\"inLanguage\":\"en-US\",\"potentialAction\":[{\"@type\":\"ReadAction\",\"target\":[\"https:\/\/listval.is\/artwork\/new-product-5\/\"]}]},{\"@type\":\"ImageObject\",\"inLanguage\":\"en-US\",\"@id\":\"https:\/\/listval.is\/artwork\/new-product-5\/#primaryimage\",\"url\":\"https:\/\/listval.is\/wp-content\/uploads\/2024\/01\/TP_0003_IMG_5270-scaled.jpg\",\"contentUrl\":\"https:\/\/listval.is\/wp-content\/uploads\/2024\/01\/TP_0003_IMG_5270-scaled.jpg\",\"width\":1950,\"height\":2560},{\"@type\":\"BreadcrumbList\",\"@id\":\"https:\/\/listval.is\/artwork\/new-product-5\/#breadcrumb\",\"itemListElement\":[{\"@type\":\"ListItem\",\"position\":1,\"name\":\"Home\",\"item\":\"https:\/\/listval.is\/\"},{\"@type\":\"ListItem\",\"position\":2,\"name\":\"Shop\",\"item\":\"https:\/\/listval.is\/shop\/\"},{\"@type\":\"ListItem\",\"position\":3,\"name\":\"Flamingo (Vatnsm\u00fdri)\"}]},{\"@type\":\"WebSite\",\"@id\":\"https:\/\/listval.is\/#website\",\"url\":\"https:\/\/listval.is\/\",\"name\":\"LISTVAL GALLERY\",\"description\":\"Art Gallery based in Reykjav\u00edk, Iceland\",\"publisher\":{\"@id\":\"https:\/\/listval.is\/#organization\"},\"potentialAction\":[{\"@type\":\"SearchAction\",\"target\":{\"@type\":\"EntryPoint\",\"urlTemplate\":\"https:\/\/listval.is\/?s={search_term_string}\"},\"query-input\":{\"@type\":\"PropertyValueSpecification\",\"valueRequired\":true,\"valueName\":\"search_term_string\"}}],\"inLanguage\":\"en-US\"},{\"@type\":\"Organization\",\"@id\":\"https:\/\/listval.is\/#organization\",\"name\":\"Listval\",\"url\":\"https:\/\/listval.is\/\",\"logo\":{\"@type\":\"ImageObject\",\"inLanguage\":\"en-US\",\"@id\":\"https:\/\/listval.is\/#\/schema\/logo\/image\/\",\"url\":\"https:\/\/listval.is\/wp-content\/uploads\/2023\/07\/Logo-profile-40.png\",\"contentUrl\":\"https:\/\/listval.is\/wp-content\/uploads\/2023\/07\/Logo-profile-40.png\",\"width\":2250,\"height\":2250,\"caption\":\"Listval\"},\"image\":{\"@id\":\"https:\/\/listval.is\/#\/schema\/logo\/image\/\"},\"sameAs\":[\"https:\/\/www.facebook.com\/listval\",\"https:\/\/www.instagram.com\/listval_\/\",\"https:\/\/www.linkedin.com\/company\/listval\/\",\"https:\/\/www.youtube.com\/channel\/UCm0wWRjGyr-dEJrH08-7z6Q\",\"https:\/\/www.pinterest.com\/listval_\/\"]}]}<\/script>\n<!-- \/ Yoast SEO plugin. -->","yoast_head_json":{"title":"Flamingo (Vatnsm\u00fdri) | LISTVAL","robots":{"index":"index","follow":"follow","max-snippet":"max-snippet:-1","max-image-preview":"max-image-preview:large","max-video-preview":"max-video-preview:-1"},"canonical":"https:\/\/listval.is\/en\/artwork\/new-product-5\/","og_locale":"en_US","og_type":"article","og_title":"Flamingo (Vatnsm\u00fdri) | LISTVAL","og_description":"Thomas Pausz er listama\u00f0ur og h\u00f6nnu\u00f0ur, f\u00e6ddur \u00ed Par\u00eds en b\u00fdr og starfar \u00ed Reykjav\u00edk. Hann er me\u00f0 MA-gr\u00e1\u00f0u fr\u00e1 Konunglega listask\u00f3lanum \u00ed Bretlandi og BA \u00ed heimspeki fr\u00e1 X-h\u00e1sk\u00f3lanum \u00ed Par\u00eds. Verk hans eru unnin \u00fevert \u00e1 mi\u00f0la. \u00deau hverfast um sk\u00e1ldu\u00f0 vistkerfi, efnislegar tilraunir og hugmyndir um annars konar tengsl vi\u00f0 hi\u00f0 \u00f3mannlega [&hellip;]","og_url":"https:\/\/listval.is\/en\/artwork\/new-product-5\/","og_site_name":"LISTVAL","article_publisher":"https:\/\/www.facebook.com\/listval","article_modified_time":"2025-01-08T12:31:56+00:00","og_image":[{"width":1950,"height":2560,"url":"https:\/\/listval.is\/wp-content\/uploads\/2024\/01\/TP_0003_IMG_5270-scaled.jpg","type":"image\/jpeg"}],"twitter_card":"summary_large_image","twitter_misc":{"Est. reading time":"1 minute"},"schema":{"@context":"https:\/\/schema.org","@graph":[{"@type":["WebPage","ItemPage"],"@id":"https:\/\/listval.is\/artwork\/new-product-5\/","url":"https:\/\/listval.is\/artwork\/new-product-5\/","name":"Flamingo (Vatnsm\u00fdri) | LISTVAL","isPartOf":{"@id":"https:\/\/listval.is\/#website"},"primaryImageOfPage":{"@id":"https:\/\/listval.is\/artwork\/new-product-5\/#primaryimage"},"image":{"@id":"https:\/\/listval.is\/artwork\/new-product-5\/#primaryimage"},"thumbnailUrl":"https:\/\/listval.is\/wp-content\/uploads\/2024\/01\/TP_0003_IMG_5270-scaled.jpg","datePublished":"2024-01-27T15:00:00+00:00","dateModified":"2025-01-08T12:31:56+00:00","breadcrumb":{"@id":"https:\/\/listval.is\/artwork\/new-product-5\/#breadcrumb"},"inLanguage":"en-US","potentialAction":[{"@type":"ReadAction","target":["https:\/\/listval.is\/artwork\/new-product-5\/"]}]},{"@type":"ImageObject","inLanguage":"en-US","@id":"https:\/\/listval.is\/artwork\/new-product-5\/#primaryimage","url":"https:\/\/listval.is\/wp-content\/uploads\/2024\/01\/TP_0003_IMG_5270-scaled.jpg","contentUrl":"https:\/\/listval.is\/wp-content\/uploads\/2024\/01\/TP_0003_IMG_5270-scaled.jpg","width":1950,"height":2560},{"@type":"BreadcrumbList","@id":"https:\/\/listval.is\/artwork\/new-product-5\/#breadcrumb","itemListElement":[{"@type":"ListItem","position":1,"name":"Home","item":"https:\/\/listval.is\/"},{"@type":"ListItem","position":2,"name":"Shop","item":"https:\/\/listval.is\/shop\/"},{"@type":"ListItem","position":3,"name":"Flamingo (Vatnsm\u00fdri)"}]},{"@type":"WebSite","@id":"https:\/\/listval.is\/#website","url":"https:\/\/listval.is\/","name":"LISTVAL GALLERY","description":"Art Gallery based in Reykjav\u00edk, Iceland","publisher":{"@id":"https:\/\/listval.is\/#organization"},"potentialAction":[{"@type":"SearchAction","target":{"@type":"EntryPoint","urlTemplate":"https:\/\/listval.is\/?s={search_term_string}"},"query-input":{"@type":"PropertyValueSpecification","valueRequired":true,"valueName":"search_term_string"}}],"inLanguage":"en-US"},{"@type":"Organization","@id":"https:\/\/listval.is\/#organization","name":"Listval","url":"https:\/\/listval.is\/","logo":{"@type":"ImageObject","inLanguage":"en-US","@id":"https:\/\/listval.is\/#\/schema\/logo\/image\/","url":"https:\/\/listval.is\/wp-content\/uploads\/2023\/07\/Logo-profile-40.png","contentUrl":"https:\/\/listval.is\/wp-content\/uploads\/2023\/07\/Logo-profile-40.png","width":2250,"height":2250,"caption":"Listval"},"image":{"@id":"https:\/\/listval.is\/#\/schema\/logo\/image\/"},"sameAs":["https:\/\/www.facebook.com\/listval","https:\/\/www.instagram.com\/listval_\/","https:\/\/www.linkedin.com\/company\/listval\/","https:\/\/www.youtube.com\/channel\/UCm0wWRjGyr-dEJrH08-7z6Q","https:\/\/www.pinterest.com\/listval_\/"]}]}},"_links":{"self":[{"href":"https:\/\/listval.is\/en\/wp-json\/wp\/v2\/product\/17925","targetHints":{"allow":["GET"]}}],"collection":[{"href":"https:\/\/listval.is\/en\/wp-json\/wp\/v2\/product"}],"about":[{"href":"https:\/\/listval.is\/en\/wp-json\/wp\/v2\/types\/product"}],"version-history":[{"count":0,"href":"https:\/\/listval.is\/en\/wp-json\/wp\/v2\/product\/17925\/revisions"}],"wp:featuredmedia":[{"embeddable":true,"href":"https:\/\/listval.is\/en\/wp-json\/wp\/v2\/media\/17935"}],"wp:attachment":[{"href":"https:\/\/listval.is\/en\/wp-json\/wp\/v2\/media?parent=17925"}],"wp:term":[{"taxonomy":"product_brand","embeddable":true,"href":"https:\/\/listval.is\/en\/wp-json\/wp\/v2\/product_brand?post=17925"},{"taxonomy":"product_cat","embeddable":true,"href":"https:\/\/listval.is\/en\/wp-json\/wp\/v2\/product_cat?post=17925"},{"taxonomy":"product_tag","embeddable":true,"href":"https:\/\/listval.is\/en\/wp-json\/wp\/v2\/product_tag?post=17925"}],"curies":[{"name":"wp","href":"https:\/\/api.w.org\/{rel}","templated":true}]}}