{"id":17512,"date":"2023-12-09T21:59:52","date_gmt":"2023-12-09T21:59:52","guid":{"rendered":"https:\/\/listval.is\/?post_type=product&#038;p=17512"},"modified":"2025-01-08T12:38:14","modified_gmt":"2025-01-08T12:38:14","slug":"rcu","status":"publish","type":"product","link":"https:\/\/listval.is\/en\/artwork\/rcu\/","title":{"rendered":"RCU"},"content":{"rendered":"<p>Michal Korchowiec (f. 1987) er p\u00f3lskur listama\u00f0ur sem vinnur lj\u00f3sask\u00falpt\u00fara \u00far s\u00e9rv\u00f6ldum ant\u00edk lampaskermum fr\u00e1 \u00e1runum 1920-1980 sem hann hreinsar, skr\u00fabbar og ra\u00f0ar saman \u00ed n\u00fdja heild. Upphaflega ur\u00f0u sk\u00falpt\u00fararnir til vi\u00f0 einmana i\u00f0ju listamannsins \u00ed heimsfaraldrinum. Leikur me\u00f0 lj\u00f3s, liti, birtu og form var\u00f0 a\u00f0 vi\u00f0leitni hans til a\u00f0 komast \u00ed gegnu einsemd og innilokun \u00ed gr\u00e1um hversdagsleika einangrunar. Sk\u00falpt\u00fararnir l\u00edfgu\u00f0u \u00feannig upp \u00e1 tilveruna, r\u00e9tt eins og \u00feeir lifna vi\u00f0 \u00ed lj\u00f3saskiptunum \u00feegar \u00f3v\u00e6nt bl\u00e6brig\u00f0i lita birtast og l\u00fdsa upp skammdegi\u00f0.<\/p>","protected":false},"excerpt":{"rendered":"<p>Michal Korchowiec (f. 1987) er p\u00f3lskur listama\u00f0ur sem vinnur lj\u00f3sask\u00falpt\u00fara \u00far s\u00e9rv\u00f6ldum ant\u00edk lampaskermum fr\u00e1 \u00e1runum 1920-1980 sem hann hreinsar, skr\u00fabbar og ra\u00f0ar saman \u00ed n\u00fdja heild. Upphaflega ur\u00f0u sk\u00falpt\u00fararnir til vi\u00f0 einmana i\u00f0ju listamannsins \u00ed heimsfaraldrinum. Leikur me\u00f0 lj\u00f3s, liti, birtu og form var\u00f0 a\u00f0 vi\u00f0leitni hans til a\u00f0 komast \u00ed gegnu einsemd og [&hellip;]<\/p>\n","protected":false},"featured_media":17493,"template":"","meta":{"site-sidebar-layout":"default","site-content-layout":"default","ast-site-content-layout":"default","site-content-style":"default","site-sidebar-style":"default","ast-global-header-display":"","ast-banner-title-visibility":"","ast-main-header-display":"","ast-hfb-above-header-display":"","ast-hfb-below-header-display":"","ast-hfb-mobile-header-display":"","site-post-title":"","ast-breadcrumbs-content":"","ast-featured-img":"","footer-sml-layout":"","theme-transparent-header-meta":"default","adv-header-id-meta":"","stick-header-meta":"","header-above-stick-meta":"","header-main-stick-meta":"","header-below-stick-meta":"","astra-migrate-meta-layouts":"default","ast-page-background-enabled":"default","ast-page-background-meta":{"desktop":{"background-color":"var(--ast-global-color-4)","background-image":"","background-repeat":"repeat","background-position":"center center","background-size":"auto","background-attachment":"scroll","background-type":"","background-media":"","overlay-type":"","overlay-color":"","overlay-opacity":"","overlay-gradient":""},"tablet":{"background-color":"","background-image":"","background-repeat":"repeat","background-position":"center center","background-size":"auto","background-attachment":"scroll","background-type":"","background-media":"","overlay-type":"","overlay-color":"","overlay-opacity":"","overlay-gradient":""},"mobile":{"background-color":"","background-image":"","background-repeat":"repeat","background-position":"center center","background-size":"auto","background-attachment":"scroll","background-type":"","background-media":"","overlay-type":"","overlay-color":"","overlay-opacity":"","overlay-gradient":""}},"ast-content-background-meta":{"desktop":{"background-color":"var(--ast-global-color-5)","background-image":"","background-repeat":"repeat","background-position":"center center","background-size":"auto","background-attachment":"scroll","background-type":"","background-media":"","overlay-type":"","overlay-color":"","overlay-opacity":"","overlay-gradient":""},"tablet":{"background-color":"var(--ast-global-color-5)","background-image":"","background-repeat":"repeat","background-position":"center center","background-size":"auto","background-attachment":"scroll","background-type":"","background-media":"","overlay-type":"","overlay-color":"","overlay-opacity":"","overlay-gradient":""},"mobile":{"background-color":"var(--ast-global-color-5)","background-image":"","background-repeat":"repeat","background-position":"center center","background-size":"auto","background-attachment":"scroll","background-type":"","background-media":"","overlay-type":"","overlay-color":"","overlay-opacity":"","overlay-gradient":""}}},"product_brand":[334],"product_cat":[15],"product_tag":[],"class_list":{"0":"post-17512","1":"product","2":"type-product","3":"status-publish","4":"has-post-thumbnail","6":"product_brand-michal-korchowiec","7":"product_cat-uncategorized","8":"product_shipping_class-litil-verk","9":"desktop-align-left","10":"tablet-align-left","11":"mobile-align-left","13":"first","14":"instock","15":"taxable","16":"shipping-taxable","17":"purchasable","18":"product-type-simple"},"yoast_head":"<!-- This site is optimized with the Yoast SEO plugin v26.9 - https:\/\/yoast.com\/product\/yoast-seo-wordpress\/ -->\n<title>RCU | LISTVAL<\/title>\n<meta name=\"robots\" content=\"index, follow, max-snippet:-1, max-image-preview:large, max-video-preview:-1\" \/>\n<link rel=\"canonical\" href=\"https:\/\/listval.is\/en\/artwork\/rcu\/\" \/>\n<meta property=\"og:locale\" content=\"en_US\" \/>\n<meta property=\"og:type\" content=\"article\" \/>\n<meta property=\"og:title\" content=\"RCU | LISTVAL\" \/>\n<meta property=\"og:description\" content=\"Michal Korchowiec (f. 1987) er p\u00f3lskur listama\u00f0ur sem vinnur lj\u00f3sask\u00falpt\u00fara \u00far s\u00e9rv\u00f6ldum ant\u00edk lampaskermum fr\u00e1 \u00e1runum 1920-1980 sem hann hreinsar, skr\u00fabbar og ra\u00f0ar saman \u00ed n\u00fdja heild. Upphaflega ur\u00f0u sk\u00falpt\u00fararnir til vi\u00f0 einmana i\u00f0ju listamannsins \u00ed heimsfaraldrinum. Leikur me\u00f0 lj\u00f3s, liti, birtu og form var\u00f0 a\u00f0 vi\u00f0leitni hans til a\u00f0 komast \u00ed gegnu einsemd og [&hellip;]\" \/>\n<meta property=\"og:url\" content=\"https:\/\/listval.is\/en\/artwork\/rcu\/\" \/>\n<meta property=\"og:site_name\" content=\"LISTVAL\" \/>\n<meta property=\"article:publisher\" content=\"https:\/\/www.facebook.com\/listval\" \/>\n<meta property=\"article:modified_time\" content=\"2025-01-08T12:38:14+00:00\" \/>\n<meta property=\"og:image\" content=\"https:\/\/listval.is\/wp-content\/uploads\/2023\/12\/Lamps_0003_IMG_3984-scaled.jpg\" \/>\n\t<meta property=\"og:image:width\" content=\"1920\" \/>\n\t<meta property=\"og:image:height\" content=\"2560\" \/>\n\t<meta property=\"og:image:type\" content=\"image\/jpeg\" \/>\n<meta name=\"twitter:card\" content=\"summary_large_image\" \/>\n<meta name=\"twitter:label1\" content=\"Est. reading time\" \/>\n\t<meta name=\"twitter:data1\" content=\"1 minute\" \/>\n<script type=\"application\/ld+json\" class=\"yoast-schema-graph\">{\"@context\":\"https:\/\/schema.org\",\"@graph\":[{\"@type\":[\"WebPage\",\"ItemPage\"],\"@id\":\"https:\/\/listval.is\/artwork\/rcu\/\",\"url\":\"https:\/\/listval.is\/artwork\/rcu\/\",\"name\":\"RCU | LISTVAL\",\"isPartOf\":{\"@id\":\"https:\/\/listval.is\/#website\"},\"primaryImageOfPage\":{\"@id\":\"https:\/\/listval.is\/artwork\/rcu\/#primaryimage\"},\"image\":{\"@id\":\"https:\/\/listval.is\/artwork\/rcu\/#primaryimage\"},\"thumbnailUrl\":\"https:\/\/listval.is\/wp-content\/uploads\/2023\/12\/Lamps_0003_IMG_3984-scaled.jpg\",\"datePublished\":\"2023-12-09T21:59:52+00:00\",\"dateModified\":\"2025-01-08T12:38:14+00:00\",\"breadcrumb\":{\"@id\":\"https:\/\/listval.is\/artwork\/rcu\/#breadcrumb\"},\"inLanguage\":\"en-US\",\"potentialAction\":[{\"@type\":\"ReadAction\",\"target\":[\"https:\/\/listval.is\/artwork\/rcu\/\"]}]},{\"@type\":\"ImageObject\",\"inLanguage\":\"en-US\",\"@id\":\"https:\/\/listval.is\/artwork\/rcu\/#primaryimage\",\"url\":\"https:\/\/listval.is\/wp-content\/uploads\/2023\/12\/Lamps_0003_IMG_3984-scaled.jpg\",\"contentUrl\":\"https:\/\/listval.is\/wp-content\/uploads\/2023\/12\/Lamps_0003_IMG_3984-scaled.jpg\",\"width\":1920,\"height\":2560},{\"@type\":\"BreadcrumbList\",\"@id\":\"https:\/\/listval.is\/artwork\/rcu\/#breadcrumb\",\"itemListElement\":[{\"@type\":\"ListItem\",\"position\":1,\"name\":\"Home\",\"item\":\"https:\/\/listval.is\/\"},{\"@type\":\"ListItem\",\"position\":2,\"name\":\"Shop\",\"item\":\"https:\/\/listval.is\/shop\/\"},{\"@type\":\"ListItem\",\"position\":3,\"name\":\"RCU\"}]},{\"@type\":\"WebSite\",\"@id\":\"https:\/\/listval.is\/#website\",\"url\":\"https:\/\/listval.is\/\",\"name\":\"LISTVAL GALLERY\",\"description\":\"Art Gallery based in Reykjav\u00edk, Iceland\",\"publisher\":{\"@id\":\"https:\/\/listval.is\/#organization\"},\"potentialAction\":[{\"@type\":\"SearchAction\",\"target\":{\"@type\":\"EntryPoint\",\"urlTemplate\":\"https:\/\/listval.is\/?s={search_term_string}\"},\"query-input\":{\"@type\":\"PropertyValueSpecification\",\"valueRequired\":true,\"valueName\":\"search_term_string\"}}],\"inLanguage\":\"en-US\"},{\"@type\":\"Organization\",\"@id\":\"https:\/\/listval.is\/#organization\",\"name\":\"Listval\",\"url\":\"https:\/\/listval.is\/\",\"logo\":{\"@type\":\"ImageObject\",\"inLanguage\":\"en-US\",\"@id\":\"https:\/\/listval.is\/#\/schema\/logo\/image\/\",\"url\":\"https:\/\/listval.is\/wp-content\/uploads\/2023\/07\/Logo-profile-40.png\",\"contentUrl\":\"https:\/\/listval.is\/wp-content\/uploads\/2023\/07\/Logo-profile-40.png\",\"width\":2250,\"height\":2250,\"caption\":\"Listval\"},\"image\":{\"@id\":\"https:\/\/listval.is\/#\/schema\/logo\/image\/\"},\"sameAs\":[\"https:\/\/www.facebook.com\/listval\",\"https:\/\/www.instagram.com\/listval_\/\",\"https:\/\/www.linkedin.com\/company\/listval\/\",\"https:\/\/www.youtube.com\/channel\/UCm0wWRjGyr-dEJrH08-7z6Q\",\"https:\/\/www.pinterest.com\/listval_\/\"]}]}<\/script>\n<!-- \/ Yoast SEO plugin. -->","yoast_head_json":{"title":"RCU | LISTVAL","robots":{"index":"index","follow":"follow","max-snippet":"max-snippet:-1","max-image-preview":"max-image-preview:large","max-video-preview":"max-video-preview:-1"},"canonical":"https:\/\/listval.is\/en\/artwork\/rcu\/","og_locale":"en_US","og_type":"article","og_title":"RCU | LISTVAL","og_description":"Michal Korchowiec (f. 1987) er p\u00f3lskur listama\u00f0ur sem vinnur lj\u00f3sask\u00falpt\u00fara \u00far s\u00e9rv\u00f6ldum ant\u00edk lampaskermum fr\u00e1 \u00e1runum 1920-1980 sem hann hreinsar, skr\u00fabbar og ra\u00f0ar saman \u00ed n\u00fdja heild. Upphaflega ur\u00f0u sk\u00falpt\u00fararnir til vi\u00f0 einmana i\u00f0ju listamannsins \u00ed heimsfaraldrinum. Leikur me\u00f0 lj\u00f3s, liti, birtu og form var\u00f0 a\u00f0 vi\u00f0leitni hans til a\u00f0 komast \u00ed gegnu einsemd og [&hellip;]","og_url":"https:\/\/listval.is\/en\/artwork\/rcu\/","og_site_name":"LISTVAL","article_publisher":"https:\/\/www.facebook.com\/listval","article_modified_time":"2025-01-08T12:38:14+00:00","og_image":[{"width":1920,"height":2560,"url":"https:\/\/listval.is\/wp-content\/uploads\/2023\/12\/Lamps_0003_IMG_3984-scaled.jpg","type":"image\/jpeg"}],"twitter_card":"summary_large_image","twitter_misc":{"Est. reading time":"1 minute"},"schema":{"@context":"https:\/\/schema.org","@graph":[{"@type":["WebPage","ItemPage"],"@id":"https:\/\/listval.is\/artwork\/rcu\/","url":"https:\/\/listval.is\/artwork\/rcu\/","name":"RCU | LISTVAL","isPartOf":{"@id":"https:\/\/listval.is\/#website"},"primaryImageOfPage":{"@id":"https:\/\/listval.is\/artwork\/rcu\/#primaryimage"},"image":{"@id":"https:\/\/listval.is\/artwork\/rcu\/#primaryimage"},"thumbnailUrl":"https:\/\/listval.is\/wp-content\/uploads\/2023\/12\/Lamps_0003_IMG_3984-scaled.jpg","datePublished":"2023-12-09T21:59:52+00:00","dateModified":"2025-01-08T12:38:14+00:00","breadcrumb":{"@id":"https:\/\/listval.is\/artwork\/rcu\/#breadcrumb"},"inLanguage":"en-US","potentialAction":[{"@type":"ReadAction","target":["https:\/\/listval.is\/artwork\/rcu\/"]}]},{"@type":"ImageObject","inLanguage":"en-US","@id":"https:\/\/listval.is\/artwork\/rcu\/#primaryimage","url":"https:\/\/listval.is\/wp-content\/uploads\/2023\/12\/Lamps_0003_IMG_3984-scaled.jpg","contentUrl":"https:\/\/listval.is\/wp-content\/uploads\/2023\/12\/Lamps_0003_IMG_3984-scaled.jpg","width":1920,"height":2560},{"@type":"BreadcrumbList","@id":"https:\/\/listval.is\/artwork\/rcu\/#breadcrumb","itemListElement":[{"@type":"ListItem","position":1,"name":"Home","item":"https:\/\/listval.is\/"},{"@type":"ListItem","position":2,"name":"Shop","item":"https:\/\/listval.is\/shop\/"},{"@type":"ListItem","position":3,"name":"RCU"}]},{"@type":"WebSite","@id":"https:\/\/listval.is\/#website","url":"https:\/\/listval.is\/","name":"LISTVAL GALLERY","description":"Art Gallery based in Reykjav\u00edk, Iceland","publisher":{"@id":"https:\/\/listval.is\/#organization"},"potentialAction":[{"@type":"SearchAction","target":{"@type":"EntryPoint","urlTemplate":"https:\/\/listval.is\/?s={search_term_string}"},"query-input":{"@type":"PropertyValueSpecification","valueRequired":true,"valueName":"search_term_string"}}],"inLanguage":"en-US"},{"@type":"Organization","@id":"https:\/\/listval.is\/#organization","name":"Listval","url":"https:\/\/listval.is\/","logo":{"@type":"ImageObject","inLanguage":"en-US","@id":"https:\/\/listval.is\/#\/schema\/logo\/image\/","url":"https:\/\/listval.is\/wp-content\/uploads\/2023\/07\/Logo-profile-40.png","contentUrl":"https:\/\/listval.is\/wp-content\/uploads\/2023\/07\/Logo-profile-40.png","width":2250,"height":2250,"caption":"Listval"},"image":{"@id":"https:\/\/listval.is\/#\/schema\/logo\/image\/"},"sameAs":["https:\/\/www.facebook.com\/listval","https:\/\/www.instagram.com\/listval_\/","https:\/\/www.linkedin.com\/company\/listval\/","https:\/\/www.youtube.com\/channel\/UCm0wWRjGyr-dEJrH08-7z6Q","https:\/\/www.pinterest.com\/listval_\/"]}]}},"_links":{"self":[{"href":"https:\/\/listval.is\/en\/wp-json\/wp\/v2\/product\/17512","targetHints":{"allow":["GET"]}}],"collection":[{"href":"https:\/\/listval.is\/en\/wp-json\/wp\/v2\/product"}],"about":[{"href":"https:\/\/listval.is\/en\/wp-json\/wp\/v2\/types\/product"}],"version-history":[{"count":0,"href":"https:\/\/listval.is\/en\/wp-json\/wp\/v2\/product\/17512\/revisions"}],"wp:featuredmedia":[{"embeddable":true,"href":"https:\/\/listval.is\/en\/wp-json\/wp\/v2\/media\/17493"}],"wp:attachment":[{"href":"https:\/\/listval.is\/en\/wp-json\/wp\/v2\/media?parent=17512"}],"wp:term":[{"taxonomy":"product_brand","embeddable":true,"href":"https:\/\/listval.is\/en\/wp-json\/wp\/v2\/product_brand?post=17512"},{"taxonomy":"product_cat","embeddable":true,"href":"https:\/\/listval.is\/en\/wp-json\/wp\/v2\/product_cat?post=17512"},{"taxonomy":"product_tag","embeddable":true,"href":"https:\/\/listval.is\/en\/wp-json\/wp\/v2\/product_tag?post=17512"}],"curies":[{"name":"wp","href":"https:\/\/api.w.org\/{rel}","templated":true}]}}