{"id":15525,"date":"2023-10-28T14:23:00","date_gmt":"2023-10-28T14:23:00","guid":{"rendered":"https:\/\/listval.is\/?post_type=product&#038;p=15525"},"modified":"2025-01-08T13:03:09","modified_gmt":"2025-01-08T13:03:09","slug":"silfurskottumadurinn-silverfish-man","status":"publish","type":"product","link":"https:\/\/listval.is\/en\/artwork\/silfurskottumadurinn-silverfish-man\/","title":{"rendered":"Silfurskottuma\u00f0urinn \/ Silverfish Man"},"content":{"rendered":"<p>Steingr\u00edmur Eyfj\u00f6r\u00f0 (b. 1954) is among the foremost of his generation of Icelandic artists who emerged in the eighties of the last century. In his work, he utilizes a variety of media, including photography, drawings, videos, painting, sculpture, performance art, writing, and installations. His choice of subject matter is equally diverse; he draws inspiration from various directions such as folk tales, Icelandic sagas, fashion magazines, religion, superstition, critical theory, and various other contemporary topics. In his approach, these influences intersect at multiple points, giving rise to complex works that sometimes blur the boundaries but always provide a clear and unexpected perspective on the subjects he engages with. Steingr\u00edmur represented Iceland at the Venice Biennale in 2007.<\/p>","protected":false},"excerpt":{"rendered":"<p>Steingr\u00edmur Eyfj\u00f6r\u00f0\u00a0(f. 1954) er me\u00f0al hinna fremstu \u00ed \u00feeirri kynsl\u00f3\u00f0 \u00edslenskra listamanna sem fram kom \u00e1 \u00e1ttunda \u00e1ratugi s\u00ed\u00f0ustu aldar. \u00cd vinnu sinni n\u00fdtir hann s\u00e9r fj\u00f6lbreytta mi\u00f0la, \u00fear \u00e1 me\u00f0al lj\u00f3smyndun, teiknimyndir, myndb\u00f6nd, m\u00e1lun, sk\u00falpt\u00fara, gj\u00f6rningalist, skrif og innsetningar. Efnisvali\u00f0 er \u00e1l\u00edka fj\u00f6lbreytt; hann s\u00e6kir innbl\u00e1stur \u00ed jafn \u00f3l\u00edkar \u00e1ttir og \u00fej\u00f3\u00f0s\u00f6gur, \u00cdslendingas\u00f6gur, t\u00edskut\u00edmarit, [&hellip;]<\/p>\n","protected":false},"featured_media":15562,"template":"","meta":{"site-sidebar-layout":"default","site-content-layout":"default","ast-site-content-layout":"default","site-content-style":"default","site-sidebar-style":"default","ast-global-header-display":"","ast-banner-title-visibility":"","ast-main-header-display":"","ast-hfb-above-header-display":"","ast-hfb-below-header-display":"","ast-hfb-mobile-header-display":"","site-post-title":"","ast-breadcrumbs-content":"","ast-featured-img":"","footer-sml-layout":"","theme-transparent-header-meta":"default","adv-header-id-meta":"","stick-header-meta":"","header-above-stick-meta":"","header-main-stick-meta":"","header-below-stick-meta":"","astra-migrate-meta-layouts":"default","ast-page-background-enabled":"default","ast-page-background-meta":{"desktop":{"background-color":"var(--ast-global-color-4)","background-image":"","background-repeat":"repeat","background-position":"center center","background-size":"auto","background-attachment":"scroll","background-type":"","background-media":"","overlay-type":"","overlay-color":"","overlay-opacity":"","overlay-gradient":""},"tablet":{"background-color":"","background-image":"","background-repeat":"repeat","background-position":"center center","background-size":"auto","background-attachment":"scroll","background-type":"","background-media":"","overlay-type":"","overlay-color":"","overlay-opacity":"","overlay-gradient":""},"mobile":{"background-color":"","background-image":"","background-repeat":"repeat","background-position":"center center","background-size":"auto","background-attachment":"scroll","background-type":"","background-media":"","overlay-type":"","overlay-color":"","overlay-opacity":"","overlay-gradient":""}},"ast-content-background-meta":{"desktop":{"background-color":"var(--ast-global-color-5)","background-image":"","background-repeat":"repeat","background-position":"center center","background-size":"auto","background-attachment":"scroll","background-type":"","background-media":"","overlay-type":"","overlay-color":"","overlay-opacity":"","overlay-gradient":""},"tablet":{"background-color":"var(--ast-global-color-5)","background-image":"","background-repeat":"repeat","background-position":"center center","background-size":"auto","background-attachment":"scroll","background-type":"","background-media":"","overlay-type":"","overlay-color":"","overlay-opacity":"","overlay-gradient":""},"mobile":{"background-color":"var(--ast-global-color-5)","background-image":"","background-repeat":"repeat","background-position":"center center","background-size":"auto","background-attachment":"scroll","background-type":"","background-media":"","overlay-type":"","overlay-color":"","overlay-opacity":"","overlay-gradient":""}}},"product_brand":[853],"product_cat":[184],"product_tag":[],"class_list":{"0":"post-15525","1":"product","2":"type-product","3":"status-publish","4":"has-post-thumbnail","6":"product_brand-steingrimur-eyfjord","7":"product_cat-einstok-verk","8":"product_shipping_class-stor-verk","9":"desktop-align-left","10":"tablet-align-left","11":"mobile-align-left","13":"first","14":"instock","15":"taxable","16":"shipping-taxable","17":"purchasable","18":"product-type-simple"},"yoast_head":"<!-- This site is optimized with the Yoast SEO plugin v26.9 - https:\/\/yoast.com\/product\/yoast-seo-wordpress\/ -->\n<title>Silfurskottuma\u00f0urinn \/ Silverfish Man | LISTVAL<\/title>\n<meta name=\"robots\" content=\"index, follow, max-snippet:-1, max-image-preview:large, max-video-preview:-1\" \/>\n<link rel=\"canonical\" href=\"https:\/\/listval.is\/en\/artwork\/silfurskottumadurinn-silverfish-man\/\" \/>\n<meta property=\"og:locale\" content=\"en_US\" \/>\n<meta property=\"og:type\" content=\"article\" \/>\n<meta property=\"og:title\" content=\"Silfurskottuma\u00f0urinn \/ Silverfish Man | LISTVAL\" \/>\n<meta property=\"og:description\" content=\"Steingr\u00edmur Eyfj\u00f6r\u00f0\u00a0(f. 1954) er me\u00f0al hinna fremstu \u00ed \u00feeirri kynsl\u00f3\u00f0 \u00edslenskra listamanna sem fram kom \u00e1 \u00e1ttunda \u00e1ratugi s\u00ed\u00f0ustu aldar. \u00cd vinnu sinni n\u00fdtir hann s\u00e9r fj\u00f6lbreytta mi\u00f0la, \u00fear \u00e1 me\u00f0al lj\u00f3smyndun, teiknimyndir, myndb\u00f6nd, m\u00e1lun, sk\u00falpt\u00fara, gj\u00f6rningalist, skrif og innsetningar. Efnisvali\u00f0 er \u00e1l\u00edka fj\u00f6lbreytt; hann s\u00e6kir innbl\u00e1stur \u00ed jafn \u00f3l\u00edkar \u00e1ttir og \u00fej\u00f3\u00f0s\u00f6gur, \u00cdslendingas\u00f6gur, t\u00edskut\u00edmarit, [&hellip;]\" \/>\n<meta property=\"og:url\" content=\"https:\/\/listval.is\/en\/artwork\/silfurskottumadurinn-silverfish-man\/\" \/>\n<meta property=\"og:site_name\" content=\"LISTVAL\" \/>\n<meta property=\"article:publisher\" content=\"https:\/\/www.facebook.com\/listval\" \/>\n<meta property=\"article:modified_time\" content=\"2025-01-08T13:03:09+00:00\" \/>\n<meta property=\"og:image\" content=\"https:\/\/listval.is\/wp-content\/uploads\/2023\/07\/SE0117-image-768x1024.jpg\" \/>\n\t<meta property=\"og:image:width\" content=\"768\" \/>\n\t<meta property=\"og:image:height\" content=\"1024\" \/>\n\t<meta property=\"og:image:type\" content=\"image\/jpeg\" \/>\n<meta name=\"twitter:card\" content=\"summary_large_image\" \/>\n<meta name=\"twitter:label1\" content=\"Est. reading time\" \/>\n\t<meta name=\"twitter:data1\" content=\"1 minute\" \/>\n<script type=\"application\/ld+json\" class=\"yoast-schema-graph\">{\"@context\":\"https:\/\/schema.org\",\"@graph\":[{\"@type\":[\"WebPage\",\"ItemPage\"],\"@id\":\"https:\/\/listval.is\/artwork\/silfurskottumadurinn-silverfish-man\/\",\"url\":\"https:\/\/listval.is\/artwork\/silfurskottumadurinn-silverfish-man\/\",\"name\":\"Silfurskottuma\u00f0urinn \/ Silverfish Man | LISTVAL\",\"isPartOf\":{\"@id\":\"https:\/\/listval.is\/#website\"},\"primaryImageOfPage\":{\"@id\":\"https:\/\/listval.is\/artwork\/silfurskottumadurinn-silverfish-man\/#primaryimage\"},\"image\":{\"@id\":\"https:\/\/listval.is\/artwork\/silfurskottumadurinn-silverfish-man\/#primaryimage\"},\"thumbnailUrl\":\"https:\/\/listval.is\/wp-content\/uploads\/2023\/07\/SE0117-image.jpg\",\"datePublished\":\"2023-10-28T14:23:00+00:00\",\"dateModified\":\"2025-01-08T13:03:09+00:00\",\"breadcrumb\":{\"@id\":\"https:\/\/listval.is\/artwork\/silfurskottumadurinn-silverfish-man\/#breadcrumb\"},\"inLanguage\":\"en-US\",\"potentialAction\":[{\"@type\":\"ReadAction\",\"target\":[\"https:\/\/listval.is\/artwork\/silfurskottumadurinn-silverfish-man\/\"]}]},{\"@type\":\"ImageObject\",\"inLanguage\":\"en-US\",\"@id\":\"https:\/\/listval.is\/artwork\/silfurskottumadurinn-silverfish-man\/#primaryimage\",\"url\":\"https:\/\/listval.is\/wp-content\/uploads\/2023\/07\/SE0117-image.jpg\",\"contentUrl\":\"https:\/\/listval.is\/wp-content\/uploads\/2023\/07\/SE0117-image.jpg\",\"width\":1800,\"height\":2400},{\"@type\":\"BreadcrumbList\",\"@id\":\"https:\/\/listval.is\/artwork\/silfurskottumadurinn-silverfish-man\/#breadcrumb\",\"itemListElement\":[{\"@type\":\"ListItem\",\"position\":1,\"name\":\"Home\",\"item\":\"https:\/\/listval.is\/\"},{\"@type\":\"ListItem\",\"position\":2,\"name\":\"Shop\",\"item\":\"https:\/\/listval.is\/shop\/\"},{\"@type\":\"ListItem\",\"position\":3,\"name\":\"Silfurskottuma\u00f0urinn \/ Silverfish Man\"}]},{\"@type\":\"WebSite\",\"@id\":\"https:\/\/listval.is\/#website\",\"url\":\"https:\/\/listval.is\/\",\"name\":\"LISTVAL GALLERY\",\"description\":\"Art Gallery based in Reykjav\u00edk, Iceland\",\"publisher\":{\"@id\":\"https:\/\/listval.is\/#organization\"},\"potentialAction\":[{\"@type\":\"SearchAction\",\"target\":{\"@type\":\"EntryPoint\",\"urlTemplate\":\"https:\/\/listval.is\/?s={search_term_string}\"},\"query-input\":{\"@type\":\"PropertyValueSpecification\",\"valueRequired\":true,\"valueName\":\"search_term_string\"}}],\"inLanguage\":\"en-US\"},{\"@type\":\"Organization\",\"@id\":\"https:\/\/listval.is\/#organization\",\"name\":\"Listval\",\"url\":\"https:\/\/listval.is\/\",\"logo\":{\"@type\":\"ImageObject\",\"inLanguage\":\"en-US\",\"@id\":\"https:\/\/listval.is\/#\/schema\/logo\/image\/\",\"url\":\"https:\/\/listval.is\/wp-content\/uploads\/2023\/07\/Logo-profile-40.png\",\"contentUrl\":\"https:\/\/listval.is\/wp-content\/uploads\/2023\/07\/Logo-profile-40.png\",\"width\":2250,\"height\":2250,\"caption\":\"Listval\"},\"image\":{\"@id\":\"https:\/\/listval.is\/#\/schema\/logo\/image\/\"},\"sameAs\":[\"https:\/\/www.facebook.com\/listval\",\"https:\/\/www.instagram.com\/listval_\/\",\"https:\/\/www.linkedin.com\/company\/listval\/\",\"https:\/\/www.youtube.com\/channel\/UCm0wWRjGyr-dEJrH08-7z6Q\",\"https:\/\/www.pinterest.com\/listval_\/\"]}]}<\/script>\n<!-- \/ Yoast SEO plugin. -->","yoast_head_json":{"title":"Silfurskottuma\u00f0urinn \/ Silverfish Man | LISTVAL","robots":{"index":"index","follow":"follow","max-snippet":"max-snippet:-1","max-image-preview":"max-image-preview:large","max-video-preview":"max-video-preview:-1"},"canonical":"https:\/\/listval.is\/en\/artwork\/silfurskottumadurinn-silverfish-man\/","og_locale":"en_US","og_type":"article","og_title":"Silfurskottuma\u00f0urinn \/ Silverfish Man | LISTVAL","og_description":"Steingr\u00edmur Eyfj\u00f6r\u00f0\u00a0(f. 1954) er me\u00f0al hinna fremstu \u00ed \u00feeirri kynsl\u00f3\u00f0 \u00edslenskra listamanna sem fram kom \u00e1 \u00e1ttunda \u00e1ratugi s\u00ed\u00f0ustu aldar. \u00cd vinnu sinni n\u00fdtir hann s\u00e9r fj\u00f6lbreytta mi\u00f0la, \u00fear \u00e1 me\u00f0al lj\u00f3smyndun, teiknimyndir, myndb\u00f6nd, m\u00e1lun, sk\u00falpt\u00fara, gj\u00f6rningalist, skrif og innsetningar. Efnisvali\u00f0 er \u00e1l\u00edka fj\u00f6lbreytt; hann s\u00e6kir innbl\u00e1stur \u00ed jafn \u00f3l\u00edkar \u00e1ttir og \u00fej\u00f3\u00f0s\u00f6gur, \u00cdslendingas\u00f6gur, t\u00edskut\u00edmarit, [&hellip;]","og_url":"https:\/\/listval.is\/en\/artwork\/silfurskottumadurinn-silverfish-man\/","og_site_name":"LISTVAL","article_publisher":"https:\/\/www.facebook.com\/listval","article_modified_time":"2025-01-08T13:03:09+00:00","og_image":[{"width":768,"height":1024,"url":"https:\/\/listval.is\/wp-content\/uploads\/2023\/07\/SE0117-image-768x1024.jpg","type":"image\/jpeg"}],"twitter_card":"summary_large_image","twitter_misc":{"Est. reading time":"1 minute"},"schema":{"@context":"https:\/\/schema.org","@graph":[{"@type":["WebPage","ItemPage"],"@id":"https:\/\/listval.is\/artwork\/silfurskottumadurinn-silverfish-man\/","url":"https:\/\/listval.is\/artwork\/silfurskottumadurinn-silverfish-man\/","name":"Silfurskottuma\u00f0urinn \/ Silverfish Man | LISTVAL","isPartOf":{"@id":"https:\/\/listval.is\/#website"},"primaryImageOfPage":{"@id":"https:\/\/listval.is\/artwork\/silfurskottumadurinn-silverfish-man\/#primaryimage"},"image":{"@id":"https:\/\/listval.is\/artwork\/silfurskottumadurinn-silverfish-man\/#primaryimage"},"thumbnailUrl":"https:\/\/listval.is\/wp-content\/uploads\/2023\/07\/SE0117-image.jpg","datePublished":"2023-10-28T14:23:00+00:00","dateModified":"2025-01-08T13:03:09+00:00","breadcrumb":{"@id":"https:\/\/listval.is\/artwork\/silfurskottumadurinn-silverfish-man\/#breadcrumb"},"inLanguage":"en-US","potentialAction":[{"@type":"ReadAction","target":["https:\/\/listval.is\/artwork\/silfurskottumadurinn-silverfish-man\/"]}]},{"@type":"ImageObject","inLanguage":"en-US","@id":"https:\/\/listval.is\/artwork\/silfurskottumadurinn-silverfish-man\/#primaryimage","url":"https:\/\/listval.is\/wp-content\/uploads\/2023\/07\/SE0117-image.jpg","contentUrl":"https:\/\/listval.is\/wp-content\/uploads\/2023\/07\/SE0117-image.jpg","width":1800,"height":2400},{"@type":"BreadcrumbList","@id":"https:\/\/listval.is\/artwork\/silfurskottumadurinn-silverfish-man\/#breadcrumb","itemListElement":[{"@type":"ListItem","position":1,"name":"Home","item":"https:\/\/listval.is\/"},{"@type":"ListItem","position":2,"name":"Shop","item":"https:\/\/listval.is\/shop\/"},{"@type":"ListItem","position":3,"name":"Silfurskottuma\u00f0urinn \/ Silverfish Man"}]},{"@type":"WebSite","@id":"https:\/\/listval.is\/#website","url":"https:\/\/listval.is\/","name":"LISTVAL GALLERY","description":"Art Gallery based in Reykjav\u00edk, Iceland","publisher":{"@id":"https:\/\/listval.is\/#organization"},"potentialAction":[{"@type":"SearchAction","target":{"@type":"EntryPoint","urlTemplate":"https:\/\/listval.is\/?s={search_term_string}"},"query-input":{"@type":"PropertyValueSpecification","valueRequired":true,"valueName":"search_term_string"}}],"inLanguage":"en-US"},{"@type":"Organization","@id":"https:\/\/listval.is\/#organization","name":"Listval","url":"https:\/\/listval.is\/","logo":{"@type":"ImageObject","inLanguage":"en-US","@id":"https:\/\/listval.is\/#\/schema\/logo\/image\/","url":"https:\/\/listval.is\/wp-content\/uploads\/2023\/07\/Logo-profile-40.png","contentUrl":"https:\/\/listval.is\/wp-content\/uploads\/2023\/07\/Logo-profile-40.png","width":2250,"height":2250,"caption":"Listval"},"image":{"@id":"https:\/\/listval.is\/#\/schema\/logo\/image\/"},"sameAs":["https:\/\/www.facebook.com\/listval","https:\/\/www.instagram.com\/listval_\/","https:\/\/www.linkedin.com\/company\/listval\/","https:\/\/www.youtube.com\/channel\/UCm0wWRjGyr-dEJrH08-7z6Q","https:\/\/www.pinterest.com\/listval_\/"]}]}},"_links":{"self":[{"href":"https:\/\/listval.is\/en\/wp-json\/wp\/v2\/product\/15525","targetHints":{"allow":["GET"]}}],"collection":[{"href":"https:\/\/listval.is\/en\/wp-json\/wp\/v2\/product"}],"about":[{"href":"https:\/\/listval.is\/en\/wp-json\/wp\/v2\/types\/product"}],"version-history":[{"count":0,"href":"https:\/\/listval.is\/en\/wp-json\/wp\/v2\/product\/15525\/revisions"}],"wp:featuredmedia":[{"embeddable":true,"href":"https:\/\/listval.is\/en\/wp-json\/wp\/v2\/media\/15562"}],"wp:attachment":[{"href":"https:\/\/listval.is\/en\/wp-json\/wp\/v2\/media?parent=15525"}],"wp:term":[{"taxonomy":"product_brand","embeddable":true,"href":"https:\/\/listval.is\/en\/wp-json\/wp\/v2\/product_brand?post=15525"},{"taxonomy":"product_cat","embeddable":true,"href":"https:\/\/listval.is\/en\/wp-json\/wp\/v2\/product_cat?post=15525"},{"taxonomy":"product_tag","embeddable":true,"href":"https:\/\/listval.is\/en\/wp-json\/wp\/v2\/product_tag?post=15525"}],"curies":[{"name":"wp","href":"https:\/\/api.w.org\/{rel}","templated":true}]}}