{"id":26290,"date":"2026-03-06T15:46:27","date_gmt":"2026-03-06T15:46:27","guid":{"rendered":"https:\/\/listval.is\/?post_type=product&#038;p=26290"},"modified":"2026-03-13T14:33:04","modified_gmt":"2026-03-13T14:33:04","slug":"freak-hoe","status":"publish","type":"product","link":"http:\/\/listval.is\/en\/artwork\/freak-hoe\/","title":{"rendered":"Freak hoe"},"content":{"rendered":"<p>Hanna J\u00f3nsd\u00f3ttir was born and raised in Ja\u00f0ri in Su\u00f0ursveit and approaches her subjects with efficiency and resourcefulness as her guiding principles. In her work, she relies on experimentation and process to lead her to a goal and increase her connection to the outside world.<\/p>","protected":false},"excerpt":{"rendered":"<p>Hanna J\u00f3nsd\u00f3ttir was born and raised in Ja\u00f0ri in Su\u00f0ursveit and approaches her subjects with efficiency and resourcefulness as her guiding principles. In her work, she relies on experimentation and process to lead her to a goal and increase her connection to the outside world.<\/p>","protected":false},"featured_media":26381,"template":"","meta":{"site-sidebar-layout":"default","site-content-layout":"","ast-site-content-layout":"default","site-content-style":"default","site-sidebar-style":"default","ast-global-header-display":"","ast-banner-title-visibility":"","ast-main-header-display":"","ast-hfb-above-header-display":"","ast-hfb-below-header-display":"","ast-hfb-mobile-header-display":"","site-post-title":"","ast-breadcrumbs-content":"","ast-featured-img":"","footer-sml-layout":"","theme-transparent-header-meta":"","adv-header-id-meta":"","stick-header-meta":"","header-above-stick-meta":"","header-main-stick-meta":"","header-below-stick-meta":"","astra-migrate-meta-layouts":"default","ast-page-background-enabled":"default","ast-page-background-meta":{"desktop":{"background-color":"var(--ast-global-color-4)","background-image":"","background-repeat":"repeat","background-position":"center center","background-size":"auto","background-attachment":"scroll","background-type":"","background-media":"","overlay-type":"","overlay-color":"","overlay-opacity":"","overlay-gradient":""},"tablet":{"background-color":"","background-image":"","background-repeat":"repeat","background-position":"center center","background-size":"auto","background-attachment":"scroll","background-type":"","background-media":"","overlay-type":"","overlay-color":"","overlay-opacity":"","overlay-gradient":""},"mobile":{"background-color":"","background-image":"","background-repeat":"repeat","background-position":"center center","background-size":"auto","background-attachment":"scroll","background-type":"","background-media":"","overlay-type":"","overlay-color":"","overlay-opacity":"","overlay-gradient":""}},"ast-content-background-meta":{"desktop":{"background-color":"var(--ast-global-color-5)","background-image":"","background-repeat":"repeat","background-position":"center center","background-size":"auto","background-attachment":"scroll","background-type":"","background-media":"","overlay-type":"","overlay-color":"","overlay-opacity":"","overlay-gradient":""},"tablet":{"background-color":"var(--ast-global-color-5)","background-image":"","background-repeat":"repeat","background-position":"center center","background-size":"auto","background-attachment":"scroll","background-type":"","background-media":"","overlay-type":"","overlay-color":"","overlay-opacity":"","overlay-gradient":""},"mobile":{"background-color":"var(--ast-global-color-5)","background-image":"","background-repeat":"repeat","background-position":"center center","background-size":"auto","background-attachment":"scroll","background-type":"","background-media":"","overlay-type":"","overlay-color":"","overlay-opacity":"","overlay-gradient":""}}},"product_brand":[925],"product_cat":[184,165],"product_tag":[],"class_list":{"0":"post-26290","1":"product","2":"type-product","3":"status-publish","4":"has-post-thumbnail","6":"product_brand-hildur-elisa-jonsdottir","7":"product_cat-einstok-verk","8":"product_cat-nytt","9":"product_shipping_class-litil-verk","10":"desktop-align-left","11":"tablet-align-left","12":"mobile-align-left","14":"first","15":"instock","16":"taxable","17":"shipping-taxable","18":"purchasable","19":"product-type-simple"},"yoast_head":"<!-- This site is optimized with the Yoast SEO plugin v26.9 - https:\/\/yoast.com\/product\/yoast-seo-wordpress\/ -->\n<title>Freak hoe | LISTVAL<\/title>\n<meta name=\"robots\" content=\"index, follow, max-snippet:-1, max-image-preview:large, max-video-preview:-1\" \/>\n<link rel=\"canonical\" href=\"https:\/\/listval.is\/en\/artwork\/freak-hoe\/\" \/>\n<meta property=\"og:locale\" content=\"en_US\" \/>\n<meta property=\"og:type\" content=\"article\" \/>\n<meta property=\"og:title\" content=\"Freak hoe | LISTVAL\" \/>\n<meta property=\"og:description\" content=\"Hanna J\u00f3nsd\u00f3ttir er f\u00e6dd og uppalin \u00e1 Ja\u00f0ri \u00ed Su\u00f0ursveit og n\u00e1lgast vi\u00f0fangsefni s\u00edn me\u00f0 n\u00fdtni og \u00fatsj\u00f3narsemi a\u00f0 lei\u00f0arlj\u00f3si. \u00cd vinnu sinni \u00fe\u00e1 treystir h\u00fan \u00e1 a\u00f0 tilraunir og ferli lei\u00f0i sig \u00ed mark og auki samband hennar vi\u00f0 umheiminn.\" \/>\n<meta property=\"og:url\" content=\"https:\/\/listval.is\/en\/artwork\/freak-hoe\/\" \/>\n<meta property=\"og:site_name\" content=\"LISTVAL\" \/>\n<meta property=\"article:publisher\" content=\"https:\/\/www.facebook.com\/listval\" \/>\n<meta property=\"article:modified_time\" content=\"2026-03-13T14:33:04+00:00\" \/>\n<meta property=\"og:image\" content=\"https:\/\/listval.is\/wp-content\/uploads\/2026\/03\/Freak-hoe-1024x1017.jpg\" \/>\n\t<meta property=\"og:image:width\" content=\"1024\" \/>\n\t<meta property=\"og:image:height\" content=\"1017\" \/>\n\t<meta property=\"og:image:type\" content=\"image\/jpeg\" \/>\n<meta name=\"twitter:card\" content=\"summary_large_image\" \/>\n<script type=\"application\/ld+json\" class=\"yoast-schema-graph\">{\"@context\":\"https:\/\/schema.org\",\"@graph\":[{\"@type\":[\"WebPage\",\"ItemPage\"],\"@id\":\"https:\/\/listval.is\/artwork\/freak-hoe\/\",\"url\":\"https:\/\/listval.is\/artwork\/freak-hoe\/\",\"name\":\"Freak hoe | LISTVAL\",\"isPartOf\":{\"@id\":\"https:\/\/listval.is\/#website\"},\"primaryImageOfPage\":{\"@id\":\"https:\/\/listval.is\/artwork\/freak-hoe\/#primaryimage\"},\"image\":{\"@id\":\"https:\/\/listval.is\/artwork\/freak-hoe\/#primaryimage\"},\"thumbnailUrl\":\"https:\/\/listval.is\/wp-content\/uploads\/2026\/03\/Freak-hoe.jpg\",\"datePublished\":\"2026-03-06T15:46:27+00:00\",\"dateModified\":\"2026-03-13T14:33:04+00:00\",\"breadcrumb\":{\"@id\":\"https:\/\/listval.is\/artwork\/freak-hoe\/#breadcrumb\"},\"inLanguage\":\"en-US\",\"potentialAction\":[{\"@type\":\"ReadAction\",\"target\":[\"https:\/\/listval.is\/artwork\/freak-hoe\/\"]}]},{\"@type\":\"ImageObject\",\"inLanguage\":\"en-US\",\"@id\":\"https:\/\/listval.is\/artwork\/freak-hoe\/#primaryimage\",\"url\":\"https:\/\/listval.is\/wp-content\/uploads\/2026\/03\/Freak-hoe.jpg\",\"contentUrl\":\"https:\/\/listval.is\/wp-content\/uploads\/2026\/03\/Freak-hoe.jpg\",\"width\":2156,\"height\":2142},{\"@type\":\"BreadcrumbList\",\"@id\":\"https:\/\/listval.is\/artwork\/freak-hoe\/#breadcrumb\",\"itemListElement\":[{\"@type\":\"ListItem\",\"position\":1,\"name\":\"Home\",\"item\":\"https:\/\/listval.is\/\"},{\"@type\":\"ListItem\",\"position\":2,\"name\":\"Shop\",\"item\":\"https:\/\/listval.is\/shop\/\"},{\"@type\":\"ListItem\",\"position\":3,\"name\":\"Freak hoe\"}]},{\"@type\":\"WebSite\",\"@id\":\"https:\/\/listval.is\/#website\",\"url\":\"https:\/\/listval.is\/\",\"name\":\"LISTVAL GALLERY\",\"description\":\"Art Gallery based in Reykjav\u00edk, Iceland\",\"publisher\":{\"@id\":\"https:\/\/listval.is\/#organization\"},\"potentialAction\":[{\"@type\":\"SearchAction\",\"target\":{\"@type\":\"EntryPoint\",\"urlTemplate\":\"https:\/\/listval.is\/?s={search_term_string}\"},\"query-input\":{\"@type\":\"PropertyValueSpecification\",\"valueRequired\":true,\"valueName\":\"search_term_string\"}}],\"inLanguage\":\"en-US\"},{\"@type\":\"Organization\",\"@id\":\"https:\/\/listval.is\/#organization\",\"name\":\"Listval\",\"url\":\"https:\/\/listval.is\/\",\"logo\":{\"@type\":\"ImageObject\",\"inLanguage\":\"en-US\",\"@id\":\"https:\/\/listval.is\/#\/schema\/logo\/image\/\",\"url\":\"https:\/\/listval.is\/wp-content\/uploads\/2023\/07\/Logo-profile-40.png\",\"contentUrl\":\"https:\/\/listval.is\/wp-content\/uploads\/2023\/07\/Logo-profile-40.png\",\"width\":2250,\"height\":2250,\"caption\":\"Listval\"},\"image\":{\"@id\":\"https:\/\/listval.is\/#\/schema\/logo\/image\/\"},\"sameAs\":[\"https:\/\/www.facebook.com\/listval\",\"https:\/\/www.instagram.com\/listval_\/\",\"https:\/\/www.linkedin.com\/company\/listval\/\",\"https:\/\/www.youtube.com\/channel\/UCm0wWRjGyr-dEJrH08-7z6Q\",\"https:\/\/www.pinterest.com\/listval_\/\"]}]}<\/script>\n<!-- \/ Yoast SEO plugin. -->","yoast_head_json":{"title":"Freak hoe | LISTVAL","robots":{"index":"index","follow":"follow","max-snippet":"max-snippet:-1","max-image-preview":"max-image-preview:large","max-video-preview":"max-video-preview:-1"},"canonical":"https:\/\/listval.is\/en\/artwork\/freak-hoe\/","og_locale":"en_US","og_type":"article","og_title":"Freak hoe | LISTVAL","og_description":"Hanna J\u00f3nsd\u00f3ttir er f\u00e6dd og uppalin \u00e1 Ja\u00f0ri \u00ed Su\u00f0ursveit og n\u00e1lgast vi\u00f0fangsefni s\u00edn me\u00f0 n\u00fdtni og \u00fatsj\u00f3narsemi a\u00f0 lei\u00f0arlj\u00f3si. \u00cd vinnu sinni \u00fe\u00e1 treystir h\u00fan \u00e1 a\u00f0 tilraunir og ferli lei\u00f0i sig \u00ed mark og auki samband hennar vi\u00f0 umheiminn.","og_url":"https:\/\/listval.is\/en\/artwork\/freak-hoe\/","og_site_name":"LISTVAL","article_publisher":"https:\/\/www.facebook.com\/listval","article_modified_time":"2026-03-13T14:33:04+00:00","og_image":[{"width":1024,"height":1017,"url":"https:\/\/listval.is\/wp-content\/uploads\/2026\/03\/Freak-hoe-1024x1017.jpg","type":"image\/jpeg"}],"twitter_card":"summary_large_image","schema":{"@context":"https:\/\/schema.org","@graph":[{"@type":["WebPage","ItemPage"],"@id":"https:\/\/listval.is\/artwork\/freak-hoe\/","url":"https:\/\/listval.is\/artwork\/freak-hoe\/","name":"Freak hoe | LISTVAL","isPartOf":{"@id":"https:\/\/listval.is\/#website"},"primaryImageOfPage":{"@id":"https:\/\/listval.is\/artwork\/freak-hoe\/#primaryimage"},"image":{"@id":"https:\/\/listval.is\/artwork\/freak-hoe\/#primaryimage"},"thumbnailUrl":"https:\/\/listval.is\/wp-content\/uploads\/2026\/03\/Freak-hoe.jpg","datePublished":"2026-03-06T15:46:27+00:00","dateModified":"2026-03-13T14:33:04+00:00","breadcrumb":{"@id":"https:\/\/listval.is\/artwork\/freak-hoe\/#breadcrumb"},"inLanguage":"en-US","potentialAction":[{"@type":"ReadAction","target":["https:\/\/listval.is\/artwork\/freak-hoe\/"]}]},{"@type":"ImageObject","inLanguage":"en-US","@id":"https:\/\/listval.is\/artwork\/freak-hoe\/#primaryimage","url":"https:\/\/listval.is\/wp-content\/uploads\/2026\/03\/Freak-hoe.jpg","contentUrl":"https:\/\/listval.is\/wp-content\/uploads\/2026\/03\/Freak-hoe.jpg","width":2156,"height":2142},{"@type":"BreadcrumbList","@id":"https:\/\/listval.is\/artwork\/freak-hoe\/#breadcrumb","itemListElement":[{"@type":"ListItem","position":1,"name":"Home","item":"https:\/\/listval.is\/"},{"@type":"ListItem","position":2,"name":"Shop","item":"https:\/\/listval.is\/shop\/"},{"@type":"ListItem","position":3,"name":"Freak hoe"}]},{"@type":"WebSite","@id":"https:\/\/listval.is\/#website","url":"https:\/\/listval.is\/","name":"LISTVAL GALLERY","description":"Art Gallery based in Reykjav\u00edk, Iceland","publisher":{"@id":"https:\/\/listval.is\/#organization"},"potentialAction":[{"@type":"SearchAction","target":{"@type":"EntryPoint","urlTemplate":"https:\/\/listval.is\/?s={search_term_string}"},"query-input":{"@type":"PropertyValueSpecification","valueRequired":true,"valueName":"search_term_string"}}],"inLanguage":"en-US"},{"@type":"Organization","@id":"https:\/\/listval.is\/#organization","name":"Listval","url":"https:\/\/listval.is\/","logo":{"@type":"ImageObject","inLanguage":"en-US","@id":"https:\/\/listval.is\/#\/schema\/logo\/image\/","url":"https:\/\/listval.is\/wp-content\/uploads\/2023\/07\/Logo-profile-40.png","contentUrl":"https:\/\/listval.is\/wp-content\/uploads\/2023\/07\/Logo-profile-40.png","width":2250,"height":2250,"caption":"Listval"},"image":{"@id":"https:\/\/listval.is\/#\/schema\/logo\/image\/"},"sameAs":["https:\/\/www.facebook.com\/listval","https:\/\/www.instagram.com\/listval_\/","https:\/\/www.linkedin.com\/company\/listval\/","https:\/\/www.youtube.com\/channel\/UCm0wWRjGyr-dEJrH08-7z6Q","https:\/\/www.pinterest.com\/listval_\/"]}]}},"_links":{"self":[{"href":"http:\/\/listval.is\/en\/wp-json\/wp\/v2\/product\/26290","targetHints":{"allow":["GET"]}}],"collection":[{"href":"http:\/\/listval.is\/en\/wp-json\/wp\/v2\/product"}],"about":[{"href":"http:\/\/listval.is\/en\/wp-json\/wp\/v2\/types\/product"}],"version-history":[{"count":2,"href":"http:\/\/listval.is\/en\/wp-json\/wp\/v2\/product\/26290\/revisions"}],"predecessor-version":[{"id":26309,"href":"http:\/\/listval.is\/en\/wp-json\/wp\/v2\/product\/26290\/revisions\/26309"}],"wp:featuredmedia":[{"embeddable":true,"href":"http:\/\/listval.is\/en\/wp-json\/wp\/v2\/media\/26381"}],"wp:attachment":[{"href":"http:\/\/listval.is\/en\/wp-json\/wp\/v2\/media?parent=26290"}],"wp:term":[{"taxonomy":"product_brand","embeddable":true,"href":"http:\/\/listval.is\/en\/wp-json\/wp\/v2\/product_brand?post=26290"},{"taxonomy":"product_cat","embeddable":true,"href":"http:\/\/listval.is\/en\/wp-json\/wp\/v2\/product_cat?post=26290"},{"taxonomy":"product_tag","embeddable":true,"href":"http:\/\/listval.is\/en\/wp-json\/wp\/v2\/product_tag?post=26290"}],"curies":[{"name":"wp","href":"https:\/\/api.w.org\/{rel}","templated":true}]}}