{"id":24714,"date":"2025-11-27T20:54:04","date_gmt":"2025-11-27T20:54:04","guid":{"rendered":"https:\/\/listval.is\/?post_type=product&#038;p=24714"},"modified":"2025-11-28T15:32:55","modified_gmt":"2025-11-28T15:32:55","slug":"saman","status":"publish","type":"product","link":"http:\/\/listval.is\/en\/artwork\/saman\/","title":{"rendered":"Saman"},"content":{"rendered":"<p>\u00cd verkum Erlu \u00de\u00f3rarinsd\u00f3ttur birtist hi\u00f0 sammennska; h\u00fan leitar a\u00f0 frummyndum og samhengi mannsins \u00ed heiminum. List hennar er \u00f6gu\u00f0 og frj\u00e1ls \u00ed senn, \u00ed st\u00f6\u00f0ugu jafnv\u00e6gi en \u00ferungin orku. Erla \u00fatskrifa\u00f0ist fr\u00e1 Konstfack \u00ed Stokkh\u00f3lmi \u00e1ri\u00f0 1981 og hefur starfa\u00f0 a\u00f0 myndlist s\u00ed\u00f0an. H\u00fan hefur s\u00fdnt v\u00ed\u00f0a \u00e1 Nor\u00f0url\u00f6ndunum, \u00ed Vestur-Evr\u00f3pu, New York, Indlandi og K\u00edna og teki\u00f0 \u00fe\u00e1tt \u00ed fj\u00f6lda s\u00fdninga h\u00e9r heima og erlendis. Erla b\u00fdr og starfar \u00ed Reykjav\u00edk.<\/p>","protected":false},"excerpt":{"rendered":"<p>\u00cd verkum Erlu \u00de\u00f3rarinsd\u00f3ttur birtist hi\u00f0 sammennska; h\u00fan leitar a\u00f0 frummyndum og samhengi mannsins \u00ed heiminum. List hennar er \u00f6gu\u00f0 og frj\u00e1ls \u00ed senn, \u00ed st\u00f6\u00f0ugu jafnv\u00e6gi en \u00ferungin orku. Erla \u00fatskrifa\u00f0ist fr\u00e1 Konstfack \u00ed Stokkh\u00f3lmi \u00e1ri\u00f0 1981 og hefur starfa\u00f0 a\u00f0 myndlist s\u00ed\u00f0an. H\u00fan hefur s\u00fdnt v\u00ed\u00f0a \u00e1 Nor\u00f0url\u00f6ndunum, \u00ed Vestur-Evr\u00f3pu, New York, Indlandi [&hellip;]<\/p>\n","protected":false},"featured_media":24699,"template":"","meta":{"site-sidebar-layout":"default","site-content-layout":"","ast-site-content-layout":"default","site-content-style":"default","site-sidebar-style":"default","ast-global-header-display":"","ast-banner-title-visibility":"","ast-main-header-display":"","ast-hfb-above-header-display":"","ast-hfb-below-header-display":"","ast-hfb-mobile-header-display":"","site-post-title":"","ast-breadcrumbs-content":"","ast-featured-img":"","footer-sml-layout":"","theme-transparent-header-meta":"","adv-header-id-meta":"","stick-header-meta":"","header-above-stick-meta":"","header-main-stick-meta":"","header-below-stick-meta":"","astra-migrate-meta-layouts":"default","ast-page-background-enabled":"default","ast-page-background-meta":{"desktop":{"background-color":"var(--ast-global-color-4)","background-image":"","background-repeat":"repeat","background-position":"center center","background-size":"auto","background-attachment":"scroll","background-type":"","background-media":"","overlay-type":"","overlay-color":"","overlay-opacity":"","overlay-gradient":""},"tablet":{"background-color":"","background-image":"","background-repeat":"repeat","background-position":"center center","background-size":"auto","background-attachment":"scroll","background-type":"","background-media":"","overlay-type":"","overlay-color":"","overlay-opacity":"","overlay-gradient":""},"mobile":{"background-color":"","background-image":"","background-repeat":"repeat","background-position":"center center","background-size":"auto","background-attachment":"scroll","background-type":"","background-media":"","overlay-type":"","overlay-color":"","overlay-opacity":"","overlay-gradient":""}},"ast-content-background-meta":{"desktop":{"background-color":"var(--ast-global-color-5)","background-image":"","background-repeat":"repeat","background-position":"center center","background-size":"auto","background-attachment":"scroll","background-type":"","background-media":"","overlay-type":"","overlay-color":"","overlay-opacity":"","overlay-gradient":""},"tablet":{"background-color":"var(--ast-global-color-5)","background-image":"","background-repeat":"repeat","background-position":"center center","background-size":"auto","background-attachment":"scroll","background-type":"","background-media":"","overlay-type":"","overlay-color":"","overlay-opacity":"","overlay-gradient":""},"mobile":{"background-color":"var(--ast-global-color-5)","background-image":"","background-repeat":"repeat","background-position":"center center","background-size":"auto","background-attachment":"scroll","background-type":"","background-media":"","overlay-type":"","overlay-color":"","overlay-opacity":"","overlay-gradient":""}}},"product_brand":[913],"product_cat":[15,165],"product_tag":[],"class_list":{"0":"post-24714","1":"product","2":"type-product","3":"status-publish","4":"has-post-thumbnail","6":"product_brand-erla-thorarinsdottir","7":"product_cat-uncategorized","8":"product_cat-nytt","9":"product_shipping_class-litil-verk","10":"desktop-align-left","11":"tablet-align-left","12":"mobile-align-left","14":"first","15":"instock","16":"taxable","17":"shipping-taxable","18":"purchasable","19":"product-type-simple"},"yoast_head":"<!-- This site is optimized with the Yoast SEO plugin v26.9 - https:\/\/yoast.com\/product\/yoast-seo-wordpress\/ -->\n<title>Saman | LISTVAL<\/title>\n<meta name=\"robots\" content=\"index, follow, max-snippet:-1, max-image-preview:large, max-video-preview:-1\" \/>\n<link rel=\"canonical\" href=\"https:\/\/listval.is\/en\/artwork\/saman\/\" \/>\n<meta property=\"og:locale\" content=\"en_US\" \/>\n<meta property=\"og:type\" content=\"article\" \/>\n<meta property=\"og:title\" content=\"Saman | LISTVAL\" \/>\n<meta property=\"og:description\" content=\"\u00cd verkum Erlu \u00de\u00f3rarinsd\u00f3ttur birtist hi\u00f0 sammennska; h\u00fan leitar a\u00f0 frummyndum og samhengi mannsins \u00ed heiminum. List hennar er \u00f6gu\u00f0 og frj\u00e1ls \u00ed senn, \u00ed st\u00f6\u00f0ugu jafnv\u00e6gi en \u00ferungin orku. Erla \u00fatskrifa\u00f0ist fr\u00e1 Konstfack \u00ed Stokkh\u00f3lmi \u00e1ri\u00f0 1981 og hefur starfa\u00f0 a\u00f0 myndlist s\u00ed\u00f0an. H\u00fan hefur s\u00fdnt v\u00ed\u00f0a \u00e1 Nor\u00f0url\u00f6ndunum, \u00ed Vestur-Evr\u00f3pu, New York, Indlandi [&hellip;]\" \/>\n<meta property=\"og:url\" content=\"https:\/\/listval.is\/en\/artwork\/saman\/\" \/>\n<meta property=\"og:site_name\" content=\"LISTVAL\" \/>\n<meta property=\"article:publisher\" content=\"https:\/\/www.facebook.com\/listval\" \/>\n<meta property=\"article:modified_time\" content=\"2025-11-28T15:32:55+00:00\" \/>\n<meta property=\"og:image\" content=\"https:\/\/listval.is\/wp-content\/uploads\/2025\/11\/SamanII.png-scaled.jpg\" \/>\n\t<meta property=\"og:image:width\" content=\"1920\" \/>\n\t<meta property=\"og:image:height\" content=\"2560\" \/>\n\t<meta property=\"og:image:type\" content=\"image\/jpeg\" \/>\n<meta name=\"twitter:card\" content=\"summary_large_image\" \/>\n<script type=\"application\/ld+json\" class=\"yoast-schema-graph\">{\"@context\":\"https:\/\/schema.org\",\"@graph\":[{\"@type\":[\"WebPage\",\"ItemPage\"],\"@id\":\"https:\/\/listval.is\/artwork\/saman\/\",\"url\":\"https:\/\/listval.is\/artwork\/saman\/\",\"name\":\"Saman | LISTVAL\",\"isPartOf\":{\"@id\":\"https:\/\/listval.is\/#website\"},\"primaryImageOfPage\":{\"@id\":\"https:\/\/listval.is\/artwork\/saman\/#primaryimage\"},\"image\":{\"@id\":\"https:\/\/listval.is\/artwork\/saman\/#primaryimage\"},\"thumbnailUrl\":\"https:\/\/listval.is\/wp-content\/uploads\/2025\/11\/SamanII.png-scaled.jpg\",\"datePublished\":\"2025-11-27T20:54:04+00:00\",\"dateModified\":\"2025-11-28T15:32:55+00:00\",\"breadcrumb\":{\"@id\":\"https:\/\/listval.is\/artwork\/saman\/#breadcrumb\"},\"inLanguage\":\"en-US\",\"potentialAction\":[{\"@type\":\"ReadAction\",\"target\":[\"https:\/\/listval.is\/artwork\/saman\/\"]}]},{\"@type\":\"ImageObject\",\"inLanguage\":\"en-US\",\"@id\":\"https:\/\/listval.is\/artwork\/saman\/#primaryimage\",\"url\":\"https:\/\/listval.is\/wp-content\/uploads\/2025\/11\/SamanII.png-scaled.jpg\",\"contentUrl\":\"https:\/\/listval.is\/wp-content\/uploads\/2025\/11\/SamanII.png-scaled.jpg\",\"width\":1920,\"height\":2560},{\"@type\":\"BreadcrumbList\",\"@id\":\"https:\/\/listval.is\/artwork\/saman\/#breadcrumb\",\"itemListElement\":[{\"@type\":\"ListItem\",\"position\":1,\"name\":\"Home\",\"item\":\"https:\/\/listval.is\/\"},{\"@type\":\"ListItem\",\"position\":2,\"name\":\"Shop\",\"item\":\"https:\/\/listval.is\/shop\/\"},{\"@type\":\"ListItem\",\"position\":3,\"name\":\"Saman\"}]},{\"@type\":\"WebSite\",\"@id\":\"https:\/\/listval.is\/#website\",\"url\":\"https:\/\/listval.is\/\",\"name\":\"LISTVAL GALLERY\",\"description\":\"Art Gallery based in Reykjav\u00edk, Iceland\",\"publisher\":{\"@id\":\"https:\/\/listval.is\/#organization\"},\"potentialAction\":[{\"@type\":\"SearchAction\",\"target\":{\"@type\":\"EntryPoint\",\"urlTemplate\":\"https:\/\/listval.is\/?s={search_term_string}\"},\"query-input\":{\"@type\":\"PropertyValueSpecification\",\"valueRequired\":true,\"valueName\":\"search_term_string\"}}],\"inLanguage\":\"en-US\"},{\"@type\":\"Organization\",\"@id\":\"https:\/\/listval.is\/#organization\",\"name\":\"Listval\",\"url\":\"https:\/\/listval.is\/\",\"logo\":{\"@type\":\"ImageObject\",\"inLanguage\":\"en-US\",\"@id\":\"https:\/\/listval.is\/#\/schema\/logo\/image\/\",\"url\":\"https:\/\/listval.is\/wp-content\/uploads\/2023\/07\/Logo-profile-40.png\",\"contentUrl\":\"https:\/\/listval.is\/wp-content\/uploads\/2023\/07\/Logo-profile-40.png\",\"width\":2250,\"height\":2250,\"caption\":\"Listval\"},\"image\":{\"@id\":\"https:\/\/listval.is\/#\/schema\/logo\/image\/\"},\"sameAs\":[\"https:\/\/www.facebook.com\/listval\",\"https:\/\/www.instagram.com\/listval_\/\",\"https:\/\/www.linkedin.com\/company\/listval\/\",\"https:\/\/www.youtube.com\/channel\/UCm0wWRjGyr-dEJrH08-7z6Q\",\"https:\/\/www.pinterest.com\/listval_\/\"]}]}<\/script>\n<!-- \/ Yoast SEO plugin. -->","yoast_head_json":{"title":"Saman | LISTVAL","robots":{"index":"index","follow":"follow","max-snippet":"max-snippet:-1","max-image-preview":"max-image-preview:large","max-video-preview":"max-video-preview:-1"},"canonical":"https:\/\/listval.is\/en\/artwork\/saman\/","og_locale":"en_US","og_type":"article","og_title":"Saman | LISTVAL","og_description":"\u00cd verkum Erlu \u00de\u00f3rarinsd\u00f3ttur birtist hi\u00f0 sammennska; h\u00fan leitar a\u00f0 frummyndum og samhengi mannsins \u00ed heiminum. List hennar er \u00f6gu\u00f0 og frj\u00e1ls \u00ed senn, \u00ed st\u00f6\u00f0ugu jafnv\u00e6gi en \u00ferungin orku. Erla \u00fatskrifa\u00f0ist fr\u00e1 Konstfack \u00ed Stokkh\u00f3lmi \u00e1ri\u00f0 1981 og hefur starfa\u00f0 a\u00f0 myndlist s\u00ed\u00f0an. H\u00fan hefur s\u00fdnt v\u00ed\u00f0a \u00e1 Nor\u00f0url\u00f6ndunum, \u00ed Vestur-Evr\u00f3pu, New York, Indlandi [&hellip;]","og_url":"https:\/\/listval.is\/en\/artwork\/saman\/","og_site_name":"LISTVAL","article_publisher":"https:\/\/www.facebook.com\/listval","article_modified_time":"2025-11-28T15:32:55+00:00","og_image":[{"width":1920,"height":2560,"url":"https:\/\/listval.is\/wp-content\/uploads\/2025\/11\/SamanII.png-scaled.jpg","type":"image\/jpeg"}],"twitter_card":"summary_large_image","schema":{"@context":"https:\/\/schema.org","@graph":[{"@type":["WebPage","ItemPage"],"@id":"https:\/\/listval.is\/artwork\/saman\/","url":"https:\/\/listval.is\/artwork\/saman\/","name":"Saman | LISTVAL","isPartOf":{"@id":"https:\/\/listval.is\/#website"},"primaryImageOfPage":{"@id":"https:\/\/listval.is\/artwork\/saman\/#primaryimage"},"image":{"@id":"https:\/\/listval.is\/artwork\/saman\/#primaryimage"},"thumbnailUrl":"https:\/\/listval.is\/wp-content\/uploads\/2025\/11\/SamanII.png-scaled.jpg","datePublished":"2025-11-27T20:54:04+00:00","dateModified":"2025-11-28T15:32:55+00:00","breadcrumb":{"@id":"https:\/\/listval.is\/artwork\/saman\/#breadcrumb"},"inLanguage":"en-US","potentialAction":[{"@type":"ReadAction","target":["https:\/\/listval.is\/artwork\/saman\/"]}]},{"@type":"ImageObject","inLanguage":"en-US","@id":"https:\/\/listval.is\/artwork\/saman\/#primaryimage","url":"https:\/\/listval.is\/wp-content\/uploads\/2025\/11\/SamanII.png-scaled.jpg","contentUrl":"https:\/\/listval.is\/wp-content\/uploads\/2025\/11\/SamanII.png-scaled.jpg","width":1920,"height":2560},{"@type":"BreadcrumbList","@id":"https:\/\/listval.is\/artwork\/saman\/#breadcrumb","itemListElement":[{"@type":"ListItem","position":1,"name":"Home","item":"https:\/\/listval.is\/"},{"@type":"ListItem","position":2,"name":"Shop","item":"https:\/\/listval.is\/shop\/"},{"@type":"ListItem","position":3,"name":"Saman"}]},{"@type":"WebSite","@id":"https:\/\/listval.is\/#website","url":"https:\/\/listval.is\/","name":"LISTVAL GALLERY","description":"Art Gallery based in Reykjav\u00edk, Iceland","publisher":{"@id":"https:\/\/listval.is\/#organization"},"potentialAction":[{"@type":"SearchAction","target":{"@type":"EntryPoint","urlTemplate":"https:\/\/listval.is\/?s={search_term_string}"},"query-input":{"@type":"PropertyValueSpecification","valueRequired":true,"valueName":"search_term_string"}}],"inLanguage":"en-US"},{"@type":"Organization","@id":"https:\/\/listval.is\/#organization","name":"Listval","url":"https:\/\/listval.is\/","logo":{"@type":"ImageObject","inLanguage":"en-US","@id":"https:\/\/listval.is\/#\/schema\/logo\/image\/","url":"https:\/\/listval.is\/wp-content\/uploads\/2023\/07\/Logo-profile-40.png","contentUrl":"https:\/\/listval.is\/wp-content\/uploads\/2023\/07\/Logo-profile-40.png","width":2250,"height":2250,"caption":"Listval"},"image":{"@id":"https:\/\/listval.is\/#\/schema\/logo\/image\/"},"sameAs":["https:\/\/www.facebook.com\/listval","https:\/\/www.instagram.com\/listval_\/","https:\/\/www.linkedin.com\/company\/listval\/","https:\/\/www.youtube.com\/channel\/UCm0wWRjGyr-dEJrH08-7z6Q","https:\/\/www.pinterest.com\/listval_\/"]}]}},"_links":{"self":[{"href":"http:\/\/listval.is\/en\/wp-json\/wp\/v2\/product\/24714","targetHints":{"allow":["GET"]}}],"collection":[{"href":"http:\/\/listval.is\/en\/wp-json\/wp\/v2\/product"}],"about":[{"href":"http:\/\/listval.is\/en\/wp-json\/wp\/v2\/types\/product"}],"version-history":[{"count":2,"href":"http:\/\/listval.is\/en\/wp-json\/wp\/v2\/product\/24714\/revisions"}],"predecessor-version":[{"id":24716,"href":"http:\/\/listval.is\/en\/wp-json\/wp\/v2\/product\/24714\/revisions\/24716"}],"wp:featuredmedia":[{"embeddable":true,"href":"http:\/\/listval.is\/en\/wp-json\/wp\/v2\/media\/24699"}],"wp:attachment":[{"href":"http:\/\/listval.is\/en\/wp-json\/wp\/v2\/media?parent=24714"}],"wp:term":[{"taxonomy":"product_brand","embeddable":true,"href":"http:\/\/listval.is\/en\/wp-json\/wp\/v2\/product_brand?post=24714"},{"taxonomy":"product_cat","embeddable":true,"href":"http:\/\/listval.is\/en\/wp-json\/wp\/v2\/product_cat?post=24714"},{"taxonomy":"product_tag","embeddable":true,"href":"http:\/\/listval.is\/en\/wp-json\/wp\/v2\/product_tag?post=24714"}],"curies":[{"name":"wp","href":"https:\/\/api.w.org\/{rel}","templated":true}]}}