{"id":24264,"date":"2025-10-29T14:36:45","date_gmt":"2025-10-29T14:36:45","guid":{"rendered":"https:\/\/listval.is\/?post_type=product&#038;p=24264"},"modified":"2025-10-29T22:34:28","modified_gmt":"2025-10-29T22:34:28","slug":"trans","status":"publish","type":"product","link":"http:\/\/listval.is\/en\/artwork\/trans\/","title":{"rendered":"Trans"},"content":{"rendered":"<p>N\u00fdjasta m\u00f3n\u00f3prentser\u00eda Gj\u00f6rningakl\u00fabbsins kemur \u00far sj\u00f3nr\u00e6num undirdj\u00fapum myndlistarkvennanna Eir\u00fanar Sigur\u00f0ard\u00f3ttur og J\u00f3n\u00edar J\u00f3nsd\u00f3ttur sem hafa unni\u00f0 saman undir merkjum Gj\u00f6rningakl\u00fabbsins fr\u00e1 1996. Hvert og eitt prent er einstakt og hafa listkonurnar vali\u00f0 sex st\u00f3r og sex minni verk \u00far prentferlinu sem helgast af miklu fl\u00e6\u00f0i og f\u00e6rni. \u00de\u00e6r vinna me\u00f0 hversdagslegan efnivi\u00f0, vei\u00f0arf\u00e6ranet og misgr\u00f3fofna text\u00edlb\u00fata, sem \u00ed abstrakt fa\u00f0ml\u00f6gum, kalla fram or\u00f0 hj\u00e1 listakonunum. Verkin \u00f3ska b\u00f3kstaflega eftir \u00fev\u00ed a\u00f0 vera leyst \u00far vi\u00f0jum nafnleysisins, eftir a\u00f0 hafa \u00ferykkst \u00e1 \u00feykkan graf\u00edkpapp\u00edrinn, or\u00f0i\u00f0 til, fyrir tilstilli alkem\u00edu listarinnar.<\/p>","protected":false},"excerpt":{"rendered":"<p>N\u00fdjasta m\u00f3n\u00f3prentser\u00eda Gj\u00f6rningakl\u00fabbsins kemur \u00far sj\u00f3nr\u00e6num undirdj\u00fapum myndlistarkvennanna Eir\u00fanar Sigur\u00f0ard\u00f3ttur og J\u00f3n\u00edar J\u00f3nsd\u00f3ttur sem hafa unni\u00f0 saman undir merkjum Gj\u00f6rningakl\u00fabbsins fr\u00e1 1996. Hvert og eitt prent er einstakt og hafa listkonurnar vali\u00f0 sex st\u00f3r og sex minni verk \u00far prentferlinu sem helgast af miklu fl\u00e6\u00f0i og f\u00e6rni. \u00de\u00e6r vinna me\u00f0 hversdagslegan efnivi\u00f0, vei\u00f0arf\u00e6ranet og misgr\u00f3fofna [&hellip;]<\/p>\n","protected":false},"featured_media":24284,"template":"","meta":{"site-sidebar-layout":"default","site-content-layout":"","ast-site-content-layout":"default","site-content-style":"default","site-sidebar-style":"default","ast-global-header-display":"","ast-banner-title-visibility":"","ast-main-header-display":"","ast-hfb-above-header-display":"","ast-hfb-below-header-display":"","ast-hfb-mobile-header-display":"","site-post-title":"","ast-breadcrumbs-content":"","ast-featured-img":"","footer-sml-layout":"","theme-transparent-header-meta":"default","adv-header-id-meta":"","stick-header-meta":"","header-above-stick-meta":"","header-main-stick-meta":"","header-below-stick-meta":"","astra-migrate-meta-layouts":"set","ast-page-background-enabled":"default","ast-page-background-meta":{"desktop":{"background-color":"var(--ast-global-color-4)","background-image":"","background-repeat":"repeat","background-position":"center center","background-size":"auto","background-attachment":"scroll","background-type":"","background-media":"","overlay-type":"","overlay-color":"","overlay-opacity":"","overlay-gradient":""},"tablet":{"background-color":"","background-image":"","background-repeat":"repeat","background-position":"center center","background-size":"auto","background-attachment":"scroll","background-type":"","background-media":"","overlay-type":"","overlay-color":"","overlay-opacity":"","overlay-gradient":""},"mobile":{"background-color":"","background-image":"","background-repeat":"repeat","background-position":"center center","background-size":"auto","background-attachment":"scroll","background-type":"","background-media":"","overlay-type":"","overlay-color":"","overlay-opacity":"","overlay-gradient":""}},"ast-content-background-meta":{"desktop":{"background-color":"var(--ast-global-color-5)","background-image":"","background-repeat":"repeat","background-position":"center center","background-size":"auto","background-attachment":"scroll","background-type":"","background-media":"","overlay-type":"","overlay-color":"","overlay-opacity":"","overlay-gradient":""},"tablet":{"background-color":"var(--ast-global-color-5)","background-image":"","background-repeat":"repeat","background-position":"center center","background-size":"auto","background-attachment":"scroll","background-type":"","background-media":"","overlay-type":"","overlay-color":"","overlay-opacity":"","overlay-gradient":""},"mobile":{"background-color":"var(--ast-global-color-5)","background-image":"","background-repeat":"repeat","background-position":"center center","background-size":"auto","background-attachment":"scroll","background-type":"","background-media":"","overlay-type":"","overlay-color":"","overlay-opacity":"","overlay-gradient":""}}},"product_brand":[368],"product_cat":[15],"product_tag":[460],"class_list":{"0":"post-24264","1":"product","2":"type-product","3":"status-publish","4":"has-post-thumbnail","6":"product_brand-gjorningaklubburinn-the-icelandic-love-corporation","7":"product_cat-uncategorized","8":"product_tag-gjorningaklubburinn","9":"product_shipping_class-stor-verk","10":"desktop-align-left","11":"tablet-align-left","12":"mobile-align-left","14":"first","15":"instock","16":"taxable","17":"shipping-taxable","18":"purchasable","19":"product-type-simple"},"yoast_head":"<!-- This site is optimized with the Yoast SEO plugin v26.9 - https:\/\/yoast.com\/product\/yoast-seo-wordpress\/ -->\n<title>Trans | LISTVAL<\/title>\n<meta name=\"robots\" content=\"index, follow, max-snippet:-1, max-image-preview:large, max-video-preview:-1\" \/>\n<link rel=\"canonical\" href=\"https:\/\/listval.is\/en\/artwork\/trans\/\" \/>\n<meta property=\"og:locale\" content=\"en_US\" \/>\n<meta property=\"og:type\" content=\"article\" \/>\n<meta property=\"og:title\" content=\"Trans | LISTVAL\" \/>\n<meta property=\"og:description\" content=\"N\u00fdjasta m\u00f3n\u00f3prentser\u00eda Gj\u00f6rningakl\u00fabbsins kemur \u00far sj\u00f3nr\u00e6num undirdj\u00fapum myndlistarkvennanna Eir\u00fanar Sigur\u00f0ard\u00f3ttur og J\u00f3n\u00edar J\u00f3nsd\u00f3ttur sem hafa unni\u00f0 saman undir merkjum Gj\u00f6rningakl\u00fabbsins fr\u00e1 1996. Hvert og eitt prent er einstakt og hafa listkonurnar vali\u00f0 sex st\u00f3r og sex minni verk \u00far prentferlinu sem helgast af miklu fl\u00e6\u00f0i og f\u00e6rni. \u00de\u00e6r vinna me\u00f0 hversdagslegan efnivi\u00f0, vei\u00f0arf\u00e6ranet og misgr\u00f3fofna [&hellip;]\" \/>\n<meta property=\"og:url\" content=\"https:\/\/listval.is\/en\/artwork\/trans\/\" \/>\n<meta property=\"og:site_name\" content=\"LISTVAL\" \/>\n<meta property=\"article:publisher\" content=\"https:\/\/www.facebook.com\/listval\" \/>\n<meta property=\"article:modified_time\" content=\"2025-10-29T22:34:28+00:00\" \/>\n<meta property=\"og:image\" content=\"https:\/\/listval.is\/wp-content\/uploads\/2025\/10\/Himinskaut_minni-verk_0012_Trans-scaled.jpg\" \/>\n\t<meta property=\"og:image:width\" content=\"1814\" \/>\n\t<meta property=\"og:image:height\" content=\"2560\" \/>\n\t<meta property=\"og:image:type\" content=\"image\/jpeg\" \/>\n<meta name=\"twitter:card\" content=\"summary_large_image\" \/>\n<meta name=\"twitter:label1\" content=\"Est. reading time\" \/>\n\t<meta name=\"twitter:data1\" content=\"1 minute\" \/>\n<script type=\"application\/ld+json\" class=\"yoast-schema-graph\">{\"@context\":\"https:\/\/schema.org\",\"@graph\":[{\"@type\":[\"WebPage\",\"ItemPage\"],\"@id\":\"https:\/\/listval.is\/artwork\/trans\/\",\"url\":\"https:\/\/listval.is\/artwork\/trans\/\",\"name\":\"Trans | LISTVAL\",\"isPartOf\":{\"@id\":\"https:\/\/listval.is\/#website\"},\"primaryImageOfPage\":{\"@id\":\"https:\/\/listval.is\/artwork\/trans\/#primaryimage\"},\"image\":{\"@id\":\"https:\/\/listval.is\/artwork\/trans\/#primaryimage\"},\"thumbnailUrl\":\"https:\/\/listval.is\/wp-content\/uploads\/2025\/10\/Himinskaut_minni-verk_0012_Trans-scaled.jpg\",\"datePublished\":\"2025-10-29T14:36:45+00:00\",\"dateModified\":\"2025-10-29T22:34:28+00:00\",\"breadcrumb\":{\"@id\":\"https:\/\/listval.is\/artwork\/trans\/#breadcrumb\"},\"inLanguage\":\"en-US\",\"potentialAction\":[{\"@type\":\"ReadAction\",\"target\":[\"https:\/\/listval.is\/artwork\/trans\/\"]}]},{\"@type\":\"ImageObject\",\"inLanguage\":\"en-US\",\"@id\":\"https:\/\/listval.is\/artwork\/trans\/#primaryimage\",\"url\":\"https:\/\/listval.is\/wp-content\/uploads\/2025\/10\/Himinskaut_minni-verk_0012_Trans-scaled.jpg\",\"contentUrl\":\"https:\/\/listval.is\/wp-content\/uploads\/2025\/10\/Himinskaut_minni-verk_0012_Trans-scaled.jpg\",\"width\":1814,\"height\":2560},{\"@type\":\"BreadcrumbList\",\"@id\":\"https:\/\/listval.is\/artwork\/trans\/#breadcrumb\",\"itemListElement\":[{\"@type\":\"ListItem\",\"position\":1,\"name\":\"Home\",\"item\":\"https:\/\/listval.is\/\"},{\"@type\":\"ListItem\",\"position\":2,\"name\":\"Shop\",\"item\":\"https:\/\/listval.is\/shop\/\"},{\"@type\":\"ListItem\",\"position\":3,\"name\":\"Trans\"}]},{\"@type\":\"WebSite\",\"@id\":\"https:\/\/listval.is\/#website\",\"url\":\"https:\/\/listval.is\/\",\"name\":\"LISTVAL GALLERY\",\"description\":\"Art Gallery based in Reykjav\u00edk, Iceland\",\"publisher\":{\"@id\":\"https:\/\/listval.is\/#organization\"},\"potentialAction\":[{\"@type\":\"SearchAction\",\"target\":{\"@type\":\"EntryPoint\",\"urlTemplate\":\"https:\/\/listval.is\/?s={search_term_string}\"},\"query-input\":{\"@type\":\"PropertyValueSpecification\",\"valueRequired\":true,\"valueName\":\"search_term_string\"}}],\"inLanguage\":\"en-US\"},{\"@type\":\"Organization\",\"@id\":\"https:\/\/listval.is\/#organization\",\"name\":\"Listval\",\"url\":\"https:\/\/listval.is\/\",\"logo\":{\"@type\":\"ImageObject\",\"inLanguage\":\"en-US\",\"@id\":\"https:\/\/listval.is\/#\/schema\/logo\/image\/\",\"url\":\"https:\/\/listval.is\/wp-content\/uploads\/2023\/07\/Logo-profile-40.png\",\"contentUrl\":\"https:\/\/listval.is\/wp-content\/uploads\/2023\/07\/Logo-profile-40.png\",\"width\":2250,\"height\":2250,\"caption\":\"Listval\"},\"image\":{\"@id\":\"https:\/\/listval.is\/#\/schema\/logo\/image\/\"},\"sameAs\":[\"https:\/\/www.facebook.com\/listval\",\"https:\/\/www.instagram.com\/listval_\/\",\"https:\/\/www.linkedin.com\/company\/listval\/\",\"https:\/\/www.youtube.com\/channel\/UCm0wWRjGyr-dEJrH08-7z6Q\",\"https:\/\/www.pinterest.com\/listval_\/\"]}]}<\/script>\n<!-- \/ Yoast SEO plugin. -->","yoast_head_json":{"title":"Trans | LISTVAL","robots":{"index":"index","follow":"follow","max-snippet":"max-snippet:-1","max-image-preview":"max-image-preview:large","max-video-preview":"max-video-preview:-1"},"canonical":"https:\/\/listval.is\/en\/artwork\/trans\/","og_locale":"en_US","og_type":"article","og_title":"Trans | LISTVAL","og_description":"N\u00fdjasta m\u00f3n\u00f3prentser\u00eda Gj\u00f6rningakl\u00fabbsins kemur \u00far sj\u00f3nr\u00e6num undirdj\u00fapum myndlistarkvennanna Eir\u00fanar Sigur\u00f0ard\u00f3ttur og J\u00f3n\u00edar J\u00f3nsd\u00f3ttur sem hafa unni\u00f0 saman undir merkjum Gj\u00f6rningakl\u00fabbsins fr\u00e1 1996. Hvert og eitt prent er einstakt og hafa listkonurnar vali\u00f0 sex st\u00f3r og sex minni verk \u00far prentferlinu sem helgast af miklu fl\u00e6\u00f0i og f\u00e6rni. \u00de\u00e6r vinna me\u00f0 hversdagslegan efnivi\u00f0, vei\u00f0arf\u00e6ranet og misgr\u00f3fofna [&hellip;]","og_url":"https:\/\/listval.is\/en\/artwork\/trans\/","og_site_name":"LISTVAL","article_publisher":"https:\/\/www.facebook.com\/listval","article_modified_time":"2025-10-29T22:34:28+00:00","og_image":[{"width":1814,"height":2560,"url":"https:\/\/listval.is\/wp-content\/uploads\/2025\/10\/Himinskaut_minni-verk_0012_Trans-scaled.jpg","type":"image\/jpeg"}],"twitter_card":"summary_large_image","twitter_misc":{"Est. reading time":"1 minute"},"schema":{"@context":"https:\/\/schema.org","@graph":[{"@type":["WebPage","ItemPage"],"@id":"https:\/\/listval.is\/artwork\/trans\/","url":"https:\/\/listval.is\/artwork\/trans\/","name":"Trans | LISTVAL","isPartOf":{"@id":"https:\/\/listval.is\/#website"},"primaryImageOfPage":{"@id":"https:\/\/listval.is\/artwork\/trans\/#primaryimage"},"image":{"@id":"https:\/\/listval.is\/artwork\/trans\/#primaryimage"},"thumbnailUrl":"https:\/\/listval.is\/wp-content\/uploads\/2025\/10\/Himinskaut_minni-verk_0012_Trans-scaled.jpg","datePublished":"2025-10-29T14:36:45+00:00","dateModified":"2025-10-29T22:34:28+00:00","breadcrumb":{"@id":"https:\/\/listval.is\/artwork\/trans\/#breadcrumb"},"inLanguage":"en-US","potentialAction":[{"@type":"ReadAction","target":["https:\/\/listval.is\/artwork\/trans\/"]}]},{"@type":"ImageObject","inLanguage":"en-US","@id":"https:\/\/listval.is\/artwork\/trans\/#primaryimage","url":"https:\/\/listval.is\/wp-content\/uploads\/2025\/10\/Himinskaut_minni-verk_0012_Trans-scaled.jpg","contentUrl":"https:\/\/listval.is\/wp-content\/uploads\/2025\/10\/Himinskaut_minni-verk_0012_Trans-scaled.jpg","width":1814,"height":2560},{"@type":"BreadcrumbList","@id":"https:\/\/listval.is\/artwork\/trans\/#breadcrumb","itemListElement":[{"@type":"ListItem","position":1,"name":"Home","item":"https:\/\/listval.is\/"},{"@type":"ListItem","position":2,"name":"Shop","item":"https:\/\/listval.is\/shop\/"},{"@type":"ListItem","position":3,"name":"Trans"}]},{"@type":"WebSite","@id":"https:\/\/listval.is\/#website","url":"https:\/\/listval.is\/","name":"LISTVAL GALLERY","description":"Art Gallery based in Reykjav\u00edk, Iceland","publisher":{"@id":"https:\/\/listval.is\/#organization"},"potentialAction":[{"@type":"SearchAction","target":{"@type":"EntryPoint","urlTemplate":"https:\/\/listval.is\/?s={search_term_string}"},"query-input":{"@type":"PropertyValueSpecification","valueRequired":true,"valueName":"search_term_string"}}],"inLanguage":"en-US"},{"@type":"Organization","@id":"https:\/\/listval.is\/#organization","name":"Listval","url":"https:\/\/listval.is\/","logo":{"@type":"ImageObject","inLanguage":"en-US","@id":"https:\/\/listval.is\/#\/schema\/logo\/image\/","url":"https:\/\/listval.is\/wp-content\/uploads\/2023\/07\/Logo-profile-40.png","contentUrl":"https:\/\/listval.is\/wp-content\/uploads\/2023\/07\/Logo-profile-40.png","width":2250,"height":2250,"caption":"Listval"},"image":{"@id":"https:\/\/listval.is\/#\/schema\/logo\/image\/"},"sameAs":["https:\/\/www.facebook.com\/listval","https:\/\/www.instagram.com\/listval_\/","https:\/\/www.linkedin.com\/company\/listval\/","https:\/\/www.youtube.com\/channel\/UCm0wWRjGyr-dEJrH08-7z6Q","https:\/\/www.pinterest.com\/listval_\/"]}]}},"_links":{"self":[{"href":"http:\/\/listval.is\/en\/wp-json\/wp\/v2\/product\/24264","targetHints":{"allow":["GET"]}}],"collection":[{"href":"http:\/\/listval.is\/en\/wp-json\/wp\/v2\/product"}],"about":[{"href":"http:\/\/listval.is\/en\/wp-json\/wp\/v2\/types\/product"}],"version-history":[{"count":4,"href":"http:\/\/listval.is\/en\/wp-json\/wp\/v2\/product\/24264\/revisions"}],"predecessor-version":[{"id":24380,"href":"http:\/\/listval.is\/en\/wp-json\/wp\/v2\/product\/24264\/revisions\/24380"}],"wp:featuredmedia":[{"embeddable":true,"href":"http:\/\/listval.is\/en\/wp-json\/wp\/v2\/media\/24284"}],"wp:attachment":[{"href":"http:\/\/listval.is\/en\/wp-json\/wp\/v2\/media?parent=24264"}],"wp:term":[{"taxonomy":"product_brand","embeddable":true,"href":"http:\/\/listval.is\/en\/wp-json\/wp\/v2\/product_brand?post=24264"},{"taxonomy":"product_cat","embeddable":true,"href":"http:\/\/listval.is\/en\/wp-json\/wp\/v2\/product_cat?post=24264"},{"taxonomy":"product_tag","embeddable":true,"href":"http:\/\/listval.is\/en\/wp-json\/wp\/v2\/product_tag?post=24264"}],"curies":[{"name":"wp","href":"https:\/\/api.w.org\/{rel}","templated":true}]}}