{"id":23752,"date":"2025-10-09T16:50:36","date_gmt":"2025-10-09T16:50:36","guid":{"rendered":"https:\/\/listval.is\/?post_type=product&#038;p=23752"},"modified":"2025-10-16T14:09:07","modified_gmt":"2025-10-16T14:09:07","slug":"segull","status":"publish","type":"product","link":"http:\/\/listval.is\/en\/artwork\/segull\/","title":{"rendered":"Segull"},"content":{"rendered":"<p>Geir\u00fer\u00fa\u00f0ur Einarsd\u00f3ttir (b. 1989) graduated from the visual arts department of the Iceland University of the Arts in the spring of 2016. In the autumn after graduation, she interned at the artist-run space A-Dash in Athens. Geir\u00fer\u00fa\u00f0ur is also an educated tailor, therefore textiles and sewing are often prominent in her work. Geir\u00fer\u00fa\u00f0ur strives for her works to be rich in material, but at the same time light and delicate. Lately she has been concentrating on painting. She has exhibited in Iceland and abroad.<\/p>","protected":false},"excerpt":{"rendered":"<p>Geir\u00fer\u00fa\u00f0ur Einarsd\u00f3ttir (f. 1989) \u00fatskrifa\u00f0ist af myndlistardeild Listah\u00e1sk\u00f3la \u00cdslands vori\u00f0 2016. Hausti\u00f0 eftir \u00fatskrift var h\u00fan starfsnemi hj\u00e1 listamannarekna r\u00fdminu A-Dash \u00ed A\u00feenu. Geir\u00fer\u00fa\u00f0ur er einnig mennta\u00f0ur kl\u00e6\u00f0skeri og er text\u00edll og saumur \u00fev\u00ed oft \u00e1berandi \u00ed verkum hennar. Geir\u00fer\u00fa\u00f0ur leitast eftir \u00fev\u00ed a\u00f0 verk hennar s\u00e9u r\u00edk \u00ed efnisger\u00f0 en \u00e1 sama t\u00edma l\u00e9tt [&hellip;]<\/p>\n","protected":false},"featured_media":23809,"template":"","meta":{"site-sidebar-layout":"default","site-content-layout":"default","ast-site-content-layout":"default","site-content-style":"default","site-sidebar-style":"default","ast-global-header-display":"","ast-banner-title-visibility":"","ast-main-header-display":"","ast-hfb-above-header-display":"","ast-hfb-below-header-display":"","ast-hfb-mobile-header-display":"","site-post-title":"","ast-breadcrumbs-content":"","ast-featured-img":"","footer-sml-layout":"","theme-transparent-header-meta":"default","adv-header-id-meta":"","stick-header-meta":"","header-above-stick-meta":"","header-main-stick-meta":"","header-below-stick-meta":"","astra-migrate-meta-layouts":"default","ast-page-background-enabled":"default","ast-page-background-meta":{"desktop":{"background-color":"var(--ast-global-color-4)","background-image":"","background-repeat":"repeat","background-position":"center center","background-size":"auto","background-attachment":"scroll","background-type":"","background-media":"","overlay-type":"","overlay-color":"","overlay-opacity":"","overlay-gradient":""},"tablet":{"background-color":"","background-image":"","background-repeat":"repeat","background-position":"center center","background-size":"auto","background-attachment":"scroll","background-type":"","background-media":"","overlay-type":"","overlay-color":"","overlay-opacity":"","overlay-gradient":""},"mobile":{"background-color":"","background-image":"","background-repeat":"repeat","background-position":"center center","background-size":"auto","background-attachment":"scroll","background-type":"","background-media":"","overlay-type":"","overlay-color":"","overlay-opacity":"","overlay-gradient":""}},"ast-content-background-meta":{"desktop":{"background-color":"var(--ast-global-color-5)","background-image":"","background-repeat":"repeat","background-position":"center center","background-size":"auto","background-attachment":"scroll","background-type":"","background-media":"","overlay-type":"","overlay-color":"","overlay-opacity":"","overlay-gradient":""},"tablet":{"background-color":"var(--ast-global-color-5)","background-image":"","background-repeat":"repeat","background-position":"center center","background-size":"auto","background-attachment":"scroll","background-type":"","background-media":"","overlay-type":"","overlay-color":"","overlay-opacity":"","overlay-gradient":""},"mobile":{"background-color":"var(--ast-global-color-5)","background-image":"","background-repeat":"repeat","background-position":"center center","background-size":"auto","background-attachment":"scroll","background-type":"","background-media":"","overlay-type":"","overlay-color":"","overlay-opacity":"","overlay-gradient":""}}},"product_brand":[205],"product_cat":[165],"product_tag":[166],"class_list":{"0":"post-23752","1":"product","2":"type-product","3":"status-publish","4":"has-post-thumbnail","6":"product_brand-geirthrudur-einarsdottir","7":"product_cat-nytt","8":"product_tag-geirthrudur-einarsdottir","9":"product_shipping_class-stor-verk","10":"desktop-align-left","11":"tablet-align-left","12":"mobile-align-left","14":"first","15":"outofstock","16":"taxable","17":"shipping-taxable","18":"purchasable","19":"product-type-simple"},"yoast_head":"<!-- This site is optimized with the Yoast SEO plugin v26.9 - https:\/\/yoast.com\/product\/yoast-seo-wordpress\/ -->\n<title>Segull | LISTVAL<\/title>\n<meta name=\"robots\" content=\"index, follow, max-snippet:-1, max-image-preview:large, max-video-preview:-1\" \/>\n<link rel=\"canonical\" href=\"https:\/\/listval.is\/en\/artwork\/segull\/\" \/>\n<meta property=\"og:locale\" content=\"en_US\" \/>\n<meta property=\"og:type\" content=\"article\" \/>\n<meta property=\"og:title\" content=\"Segull | LISTVAL\" \/>\n<meta property=\"og:description\" content=\"Geir\u00fer\u00fa\u00f0ur Einarsd\u00f3ttir (f. 1989) \u00fatskrifa\u00f0ist af myndlistardeild Listah\u00e1sk\u00f3la \u00cdslands vori\u00f0 2016. Hausti\u00f0 eftir \u00fatskrift var h\u00fan starfsnemi hj\u00e1 listamannarekna r\u00fdminu A-Dash \u00ed A\u00feenu. Geir\u00fer\u00fa\u00f0ur er einnig mennta\u00f0ur kl\u00e6\u00f0skeri og er text\u00edll og saumur \u00fev\u00ed oft \u00e1berandi \u00ed verkum hennar. Geir\u00fer\u00fa\u00f0ur leitast eftir \u00fev\u00ed a\u00f0 verk hennar s\u00e9u r\u00edk \u00ed efnisger\u00f0 en \u00e1 sama t\u00edma l\u00e9tt [&hellip;]\" \/>\n<meta property=\"og:url\" content=\"https:\/\/listval.is\/en\/artwork\/segull\/\" \/>\n<meta property=\"og:site_name\" content=\"LISTVAL\" \/>\n<meta property=\"article:publisher\" content=\"https:\/\/www.facebook.com\/listval\" \/>\n<meta property=\"article:modified_time\" content=\"2025-10-16T14:09:07+00:00\" \/>\n<meta property=\"og:image\" content=\"https:\/\/listval.is\/wp-content\/uploads\/2025\/10\/IMG_4314-1.jpeg\" \/>\n\t<meta property=\"og:image:width\" content=\"2063\" \/>\n\t<meta property=\"og:image:height\" content=\"2053\" \/>\n\t<meta property=\"og:image:type\" content=\"image\/jpeg\" \/>\n<meta name=\"twitter:card\" content=\"summary_large_image\" \/>\n<script type=\"application\/ld+json\" class=\"yoast-schema-graph\">{\"@context\":\"https:\/\/schema.org\",\"@graph\":[{\"@type\":[\"WebPage\",\"ItemPage\"],\"@id\":\"https:\/\/listval.is\/artwork\/segull\/\",\"url\":\"https:\/\/listval.is\/artwork\/segull\/\",\"name\":\"Segull | LISTVAL\",\"isPartOf\":{\"@id\":\"https:\/\/listval.is\/#website\"},\"primaryImageOfPage\":{\"@id\":\"https:\/\/listval.is\/artwork\/segull\/#primaryimage\"},\"image\":{\"@id\":\"https:\/\/listval.is\/artwork\/segull\/#primaryimage\"},\"thumbnailUrl\":\"https:\/\/listval.is\/wp-content\/uploads\/2025\/10\/IMG_4314-1.jpeg\",\"datePublished\":\"2025-10-09T16:50:36+00:00\",\"dateModified\":\"2025-10-16T14:09:07+00:00\",\"breadcrumb\":{\"@id\":\"https:\/\/listval.is\/artwork\/segull\/#breadcrumb\"},\"inLanguage\":\"en-US\",\"potentialAction\":[{\"@type\":\"ReadAction\",\"target\":[\"https:\/\/listval.is\/artwork\/segull\/\"]}]},{\"@type\":\"ImageObject\",\"inLanguage\":\"en-US\",\"@id\":\"https:\/\/listval.is\/artwork\/segull\/#primaryimage\",\"url\":\"https:\/\/listval.is\/wp-content\/uploads\/2025\/10\/IMG_4314-1.jpeg\",\"contentUrl\":\"https:\/\/listval.is\/wp-content\/uploads\/2025\/10\/IMG_4314-1.jpeg\",\"width\":2063,\"height\":2053},{\"@type\":\"BreadcrumbList\",\"@id\":\"https:\/\/listval.is\/artwork\/segull\/#breadcrumb\",\"itemListElement\":[{\"@type\":\"ListItem\",\"position\":1,\"name\":\"Home\",\"item\":\"https:\/\/listval.is\/\"},{\"@type\":\"ListItem\",\"position\":2,\"name\":\"Shop\",\"item\":\"https:\/\/listval.is\/shop\/\"},{\"@type\":\"ListItem\",\"position\":3,\"name\":\"Segull\"}]},{\"@type\":\"WebSite\",\"@id\":\"https:\/\/listval.is\/#website\",\"url\":\"https:\/\/listval.is\/\",\"name\":\"LISTVAL GALLERY\",\"description\":\"Art Gallery based in Reykjav\u00edk, Iceland\",\"publisher\":{\"@id\":\"https:\/\/listval.is\/#organization\"},\"potentialAction\":[{\"@type\":\"SearchAction\",\"target\":{\"@type\":\"EntryPoint\",\"urlTemplate\":\"https:\/\/listval.is\/?s={search_term_string}\"},\"query-input\":{\"@type\":\"PropertyValueSpecification\",\"valueRequired\":true,\"valueName\":\"search_term_string\"}}],\"inLanguage\":\"en-US\"},{\"@type\":\"Organization\",\"@id\":\"https:\/\/listval.is\/#organization\",\"name\":\"Listval\",\"url\":\"https:\/\/listval.is\/\",\"logo\":{\"@type\":\"ImageObject\",\"inLanguage\":\"en-US\",\"@id\":\"https:\/\/listval.is\/#\/schema\/logo\/image\/\",\"url\":\"https:\/\/listval.is\/wp-content\/uploads\/2023\/07\/Logo-profile-40.png\",\"contentUrl\":\"https:\/\/listval.is\/wp-content\/uploads\/2023\/07\/Logo-profile-40.png\",\"width\":2250,\"height\":2250,\"caption\":\"Listval\"},\"image\":{\"@id\":\"https:\/\/listval.is\/#\/schema\/logo\/image\/\"},\"sameAs\":[\"https:\/\/www.facebook.com\/listval\",\"https:\/\/www.instagram.com\/listval_\/\",\"https:\/\/www.linkedin.com\/company\/listval\/\",\"https:\/\/www.youtube.com\/channel\/UCm0wWRjGyr-dEJrH08-7z6Q\",\"https:\/\/www.pinterest.com\/listval_\/\"]}]}<\/script>\n<!-- \/ Yoast SEO plugin. -->","yoast_head_json":{"title":"Segull | LISTVAL","robots":{"index":"index","follow":"follow","max-snippet":"max-snippet:-1","max-image-preview":"max-image-preview:large","max-video-preview":"max-video-preview:-1"},"canonical":"https:\/\/listval.is\/en\/artwork\/segull\/","og_locale":"en_US","og_type":"article","og_title":"Segull | LISTVAL","og_description":"Geir\u00fer\u00fa\u00f0ur Einarsd\u00f3ttir (f. 1989) \u00fatskrifa\u00f0ist af myndlistardeild Listah\u00e1sk\u00f3la \u00cdslands vori\u00f0 2016. Hausti\u00f0 eftir \u00fatskrift var h\u00fan starfsnemi hj\u00e1 listamannarekna r\u00fdminu A-Dash \u00ed A\u00feenu. Geir\u00fer\u00fa\u00f0ur er einnig mennta\u00f0ur kl\u00e6\u00f0skeri og er text\u00edll og saumur \u00fev\u00ed oft \u00e1berandi \u00ed verkum hennar. Geir\u00fer\u00fa\u00f0ur leitast eftir \u00fev\u00ed a\u00f0 verk hennar s\u00e9u r\u00edk \u00ed efnisger\u00f0 en \u00e1 sama t\u00edma l\u00e9tt [&hellip;]","og_url":"https:\/\/listval.is\/en\/artwork\/segull\/","og_site_name":"LISTVAL","article_publisher":"https:\/\/www.facebook.com\/listval","article_modified_time":"2025-10-16T14:09:07+00:00","og_image":[{"width":2063,"height":2053,"url":"https:\/\/listval.is\/wp-content\/uploads\/2025\/10\/IMG_4314-1.jpeg","type":"image\/jpeg"}],"twitter_card":"summary_large_image","schema":{"@context":"https:\/\/schema.org","@graph":[{"@type":["WebPage","ItemPage"],"@id":"https:\/\/listval.is\/artwork\/segull\/","url":"https:\/\/listval.is\/artwork\/segull\/","name":"Segull | LISTVAL","isPartOf":{"@id":"https:\/\/listval.is\/#website"},"primaryImageOfPage":{"@id":"https:\/\/listval.is\/artwork\/segull\/#primaryimage"},"image":{"@id":"https:\/\/listval.is\/artwork\/segull\/#primaryimage"},"thumbnailUrl":"https:\/\/listval.is\/wp-content\/uploads\/2025\/10\/IMG_4314-1.jpeg","datePublished":"2025-10-09T16:50:36+00:00","dateModified":"2025-10-16T14:09:07+00:00","breadcrumb":{"@id":"https:\/\/listval.is\/artwork\/segull\/#breadcrumb"},"inLanguage":"en-US","potentialAction":[{"@type":"ReadAction","target":["https:\/\/listval.is\/artwork\/segull\/"]}]},{"@type":"ImageObject","inLanguage":"en-US","@id":"https:\/\/listval.is\/artwork\/segull\/#primaryimage","url":"https:\/\/listval.is\/wp-content\/uploads\/2025\/10\/IMG_4314-1.jpeg","contentUrl":"https:\/\/listval.is\/wp-content\/uploads\/2025\/10\/IMG_4314-1.jpeg","width":2063,"height":2053},{"@type":"BreadcrumbList","@id":"https:\/\/listval.is\/artwork\/segull\/#breadcrumb","itemListElement":[{"@type":"ListItem","position":1,"name":"Home","item":"https:\/\/listval.is\/"},{"@type":"ListItem","position":2,"name":"Shop","item":"https:\/\/listval.is\/shop\/"},{"@type":"ListItem","position":3,"name":"Segull"}]},{"@type":"WebSite","@id":"https:\/\/listval.is\/#website","url":"https:\/\/listval.is\/","name":"LISTVAL GALLERY","description":"Art Gallery based in Reykjav\u00edk, Iceland","publisher":{"@id":"https:\/\/listval.is\/#organization"},"potentialAction":[{"@type":"SearchAction","target":{"@type":"EntryPoint","urlTemplate":"https:\/\/listval.is\/?s={search_term_string}"},"query-input":{"@type":"PropertyValueSpecification","valueRequired":true,"valueName":"search_term_string"}}],"inLanguage":"en-US"},{"@type":"Organization","@id":"https:\/\/listval.is\/#organization","name":"Listval","url":"https:\/\/listval.is\/","logo":{"@type":"ImageObject","inLanguage":"en-US","@id":"https:\/\/listval.is\/#\/schema\/logo\/image\/","url":"https:\/\/listval.is\/wp-content\/uploads\/2023\/07\/Logo-profile-40.png","contentUrl":"https:\/\/listval.is\/wp-content\/uploads\/2023\/07\/Logo-profile-40.png","width":2250,"height":2250,"caption":"Listval"},"image":{"@id":"https:\/\/listval.is\/#\/schema\/logo\/image\/"},"sameAs":["https:\/\/www.facebook.com\/listval","https:\/\/www.instagram.com\/listval_\/","https:\/\/www.linkedin.com\/company\/listval\/","https:\/\/www.youtube.com\/channel\/UCm0wWRjGyr-dEJrH08-7z6Q","https:\/\/www.pinterest.com\/listval_\/"]}]}},"_links":{"self":[{"href":"http:\/\/listval.is\/en\/wp-json\/wp\/v2\/product\/23752","targetHints":{"allow":["GET"]}}],"collection":[{"href":"http:\/\/listval.is\/en\/wp-json\/wp\/v2\/product"}],"about":[{"href":"http:\/\/listval.is\/en\/wp-json\/wp\/v2\/types\/product"}],"version-history":[{"count":2,"href":"http:\/\/listval.is\/en\/wp-json\/wp\/v2\/product\/23752\/revisions"}],"predecessor-version":[{"id":23765,"href":"http:\/\/listval.is\/en\/wp-json\/wp\/v2\/product\/23752\/revisions\/23765"}],"wp:featuredmedia":[{"embeddable":true,"href":"http:\/\/listval.is\/en\/wp-json\/wp\/v2\/media\/23809"}],"wp:attachment":[{"href":"http:\/\/listval.is\/en\/wp-json\/wp\/v2\/media?parent=23752"}],"wp:term":[{"taxonomy":"product_brand","embeddable":true,"href":"http:\/\/listval.is\/en\/wp-json\/wp\/v2\/product_brand?post=23752"},{"taxonomy":"product_cat","embeddable":true,"href":"http:\/\/listval.is\/en\/wp-json\/wp\/v2\/product_cat?post=23752"},{"taxonomy":"product_tag","embeddable":true,"href":"http:\/\/listval.is\/en\/wp-json\/wp\/v2\/product_tag?post=23752"}],"curies":[{"name":"wp","href":"https:\/\/api.w.org\/{rel}","templated":true}]}}