{"id":2312,"date":"2024-10-09T16:25:00","date_gmt":"2024-10-09T16:25:00","guid":{"rendered":"https:\/\/listval.is\/artwork\/opid\/"},"modified":"2025-01-08T14:39:12","modified_gmt":"2025-01-08T14:39:12","slug":"opid","status":"publish","type":"product","link":"http:\/\/listval.is\/en\/artwork\/opid\/","title":{"rendered":"\u00d3pi\u00f0"},"content":{"rendered":"<p>Gj\u00f6rningakl\u00fabburinn sem n\u00fa er skipa\u00f0ur myndlistarkonunum Eir\u00fanu Sigur\u00f0ard\u00f3ttur og J\u00f3n\u00ed J\u00f3nsd\u00f3ttur var stofna\u00f0ur af \u00feeim \u00e1samt myndlistarkonunni Sigr\u00fanu Hr\u00f3lfsd\u00f3ttur \u00e1ri\u00f0 1996. Sigr\u00fan starfa\u00f0i \u00ed Gj\u00f6rningakl\u00fabbnum til \u00e1rsins 2016 og graf\u00edski h\u00f6nnu\u00f0urinn D\u00f3ra \u00cdsleifsd\u00f3ttir fr\u00e1 \u00e1rinu 1996 til 2001. Hugmyndir Gj\u00f6rningakl\u00fabbsins tengjast oft f\u00e9lagslegum m\u00e1lefnum me\u00f0 femin\u00edskum \u00e1herslum \u00ed bland vi\u00f0 glettni og hressandi einl\u00e6gni. Gj\u00f6rningakl\u00fabburinn vinnur \u00ed \u00fe\u00e1 mi\u00f0la sem \u00fej\u00f3na hugmyndum hans hverju sinni, svo sem gj\u00f6rninga, lj\u00f3smyndir og innsetningar og n\u00fdtir s\u00e9r gjarnan verkfr\u00e6\u00f0i \u00f6mmunar, handverk og \u00fatsj\u00f3narsemi \u00ed bland vi\u00f0 gl\u00e6sileika og n\u00fat\u00edmat\u00e6kni. Gj\u00f6rningakl\u00fabburinn \u00e1 a\u00f0 baki fj\u00f6lda einka- og sams\u00fdninga \u00ed s\u00f6fnum og galler\u00edum um allan heim \u00fear \u00e1 me\u00f0al MoMA \u00ed New York, Kunstahalle Vienna, Schirn Kunsthalle, Hamburger Bahnhof, Amos Anderson, ARoS og Lilith Performance Studio.<\/p>","protected":false},"excerpt":{"rendered":"<p>Gj\u00f6rningakl\u00fabburinn sem n\u00fa er skipa\u00f0ur myndlistarkonunum Eir\u00fanu Sigur\u00f0ard\u00f3ttur og J\u00f3n\u00ed J\u00f3nsd\u00f3ttur var stofna\u00f0ur af \u00feeim \u00e1samt myndlistarkonunni Sigr\u00fanu Hr\u00f3lfsd\u00f3ttur \u00e1ri\u00f0 1996. Sigr\u00fan starfa\u00f0i \u00ed Gj\u00f6rningakl\u00fabbnum til \u00e1rsins 2016 og graf\u00edski h\u00f6nnu\u00f0urinn D\u00f3ra \u00cdsleifsd\u00f3ttir fr\u00e1 \u00e1rinu 1996 til 2001. Hugmyndir Gj\u00f6rningakl\u00fabbsins tengjast oft f\u00e9lagslegum m\u00e1lefnum me\u00f0 femin\u00edskum \u00e1herslum \u00ed bland vi\u00f0 glettni og hressandi einl\u00e6gni. Gj\u00f6rningakl\u00fabburinn [&hellip;]<\/p>\n","protected":false},"featured_media":2458,"template":"","meta":{"site-sidebar-layout":"default","site-content-layout":"","ast-site-content-layout":"default","site-content-style":"default","site-sidebar-style":"default","ast-global-header-display":"","ast-banner-title-visibility":"","ast-main-header-display":"","ast-hfb-above-header-display":"","ast-hfb-below-header-display":"","ast-hfb-mobile-header-display":"","site-post-title":"","ast-breadcrumbs-content":"","ast-featured-img":"","footer-sml-layout":"","theme-transparent-header-meta":"","adv-header-id-meta":"","stick-header-meta":"","header-above-stick-meta":"","header-main-stick-meta":"","header-below-stick-meta":"","astra-migrate-meta-layouts":"default","ast-page-background-enabled":"default","ast-page-background-meta":{"desktop":{"background-color":"var(--ast-global-color-4)","background-image":"","background-repeat":"repeat","background-position":"center center","background-size":"auto","background-attachment":"scroll","background-type":"","background-media":"","overlay-type":"","overlay-color":"","overlay-opacity":"","overlay-gradient":""},"tablet":{"background-color":"","background-image":"","background-repeat":"repeat","background-position":"center center","background-size":"auto","background-attachment":"scroll","background-type":"","background-media":"","overlay-type":"","overlay-color":"","overlay-opacity":"","overlay-gradient":""},"mobile":{"background-color":"","background-image":"","background-repeat":"repeat","background-position":"center center","background-size":"auto","background-attachment":"scroll","background-type":"","background-media":"","overlay-type":"","overlay-color":"","overlay-opacity":"","overlay-gradient":""}},"ast-content-background-meta":{"desktop":{"background-color":"var(--ast-global-color-5)","background-image":"","background-repeat":"repeat","background-position":"center center","background-size":"auto","background-attachment":"scroll","background-type":"","background-media":"","overlay-type":"","overlay-color":"","overlay-opacity":"","overlay-gradient":""},"tablet":{"background-color":"var(--ast-global-color-5)","background-image":"","background-repeat":"repeat","background-position":"center center","background-size":"auto","background-attachment":"scroll","background-type":"","background-media":"","overlay-type":"","overlay-color":"","overlay-opacity":"","overlay-gradient":""},"mobile":{"background-color":"var(--ast-global-color-5)","background-image":"","background-repeat":"repeat","background-position":"center center","background-size":"auto","background-attachment":"scroll","background-type":"","background-media":"","overlay-type":"","overlay-color":"","overlay-opacity":"","overlay-gradient":""}}},"product_brand":[368],"product_cat":[184,698,700],"product_tag":[460,167],"class_list":{"0":"post-2312","1":"product","2":"type-product","3":"status-publish","4":"has-post-thumbnail","6":"product_brand-gjorningaklubburinn-the-icelandic-love-corporation","7":"product_cat-einstok-verk","8":"product_cat-gjorningaklubburinn","9":"product_cat-the-icelandic-love-corporation","10":"product_tag-gjorningaklubburinn","11":"product_tag-norr11","12":"product_shipping_class-stor-verk","13":"desktop-align-left","14":"tablet-align-left","15":"mobile-align-left","17":"first","18":"instock","19":"taxable","20":"shipping-taxable","21":"purchasable","22":"product-type-simple"},"yoast_head":"<!-- This site is optimized with the Yoast SEO plugin v26.9 - https:\/\/yoast.com\/product\/yoast-seo-wordpress\/ -->\n<title>\u00d3pi\u00f0 | LISTVAL<\/title>\n<meta name=\"robots\" content=\"index, follow, max-snippet:-1, max-image-preview:large, max-video-preview:-1\" \/>\n<link rel=\"canonical\" href=\"https:\/\/listval.is\/en\/artwork\/opid\/\" \/>\n<meta property=\"og:locale\" content=\"en_US\" \/>\n<meta property=\"og:type\" content=\"article\" \/>\n<meta property=\"og:title\" content=\"\u00d3pi\u00f0 | LISTVAL\" \/>\n<meta property=\"og:description\" content=\"Gj\u00f6rningakl\u00fabburinn sem n\u00fa er skipa\u00f0ur myndlistarkonunum Eir\u00fanu Sigur\u00f0ard\u00f3ttur og J\u00f3n\u00ed J\u00f3nsd\u00f3ttur var stofna\u00f0ur af \u00feeim \u00e1samt myndlistarkonunni Sigr\u00fanu Hr\u00f3lfsd\u00f3ttur \u00e1ri\u00f0 1996. Sigr\u00fan starfa\u00f0i \u00ed Gj\u00f6rningakl\u00fabbnum til \u00e1rsins 2016 og graf\u00edski h\u00f6nnu\u00f0urinn D\u00f3ra \u00cdsleifsd\u00f3ttir fr\u00e1 \u00e1rinu 1996 til 2001. Hugmyndir Gj\u00f6rningakl\u00fabbsins tengjast oft f\u00e9lagslegum m\u00e1lefnum me\u00f0 femin\u00edskum \u00e1herslum \u00ed bland vi\u00f0 glettni og hressandi einl\u00e6gni. Gj\u00f6rningakl\u00fabburinn [&hellip;]\" \/>\n<meta property=\"og:url\" content=\"https:\/\/listval.is\/en\/artwork\/opid\/\" \/>\n<meta property=\"og:site_name\" content=\"LISTVAL\" \/>\n<meta property=\"article:publisher\" content=\"https:\/\/www.facebook.com\/listval\" \/>\n<meta property=\"article:modified_time\" content=\"2025-01-08T14:39:12+00:00\" \/>\n<meta property=\"og:image\" content=\"https:\/\/listval.is\/wp-content\/uploads\/2022\/10\/O\u0301pid-e1641692435502.png\" \/>\n\t<meta property=\"og:image:width\" content=\"388\" \/>\n\t<meta property=\"og:image:height\" content=\"545\" \/>\n\t<meta property=\"og:image:type\" content=\"image\/png\" \/>\n<meta name=\"twitter:card\" content=\"summary_large_image\" \/>\n<meta name=\"twitter:label1\" content=\"Est. reading time\" \/>\n\t<meta name=\"twitter:data1\" content=\"1 minute\" \/>\n<script type=\"application\/ld+json\" class=\"yoast-schema-graph\">{\"@context\":\"https:\/\/schema.org\",\"@graph\":[{\"@type\":[\"WebPage\",\"ItemPage\"],\"@id\":\"https:\/\/listval.is\/artwork\/opid\/\",\"url\":\"https:\/\/listval.is\/artwork\/opid\/\",\"name\":\"\u00d3pi\u00f0 | LISTVAL\",\"isPartOf\":{\"@id\":\"https:\/\/listval.is\/#website\"},\"primaryImageOfPage\":{\"@id\":\"https:\/\/listval.is\/artwork\/opid\/#primaryimage\"},\"image\":{\"@id\":\"https:\/\/listval.is\/artwork\/opid\/#primaryimage\"},\"thumbnailUrl\":\"https:\/\/listval.is\/wp-content\/uploads\/2022\/10\/O\u0301pid-e1641692435502.png\",\"datePublished\":\"2024-10-09T16:25:00+00:00\",\"dateModified\":\"2025-01-08T14:39:12+00:00\",\"breadcrumb\":{\"@id\":\"https:\/\/listval.is\/artwork\/opid\/#breadcrumb\"},\"inLanguage\":\"en-US\",\"potentialAction\":[{\"@type\":\"ReadAction\",\"target\":[\"https:\/\/listval.is\/artwork\/opid\/\"]}]},{\"@type\":\"ImageObject\",\"inLanguage\":\"en-US\",\"@id\":\"https:\/\/listval.is\/artwork\/opid\/#primaryimage\",\"url\":\"https:\/\/listval.is\/wp-content\/uploads\/2022\/10\/O\u0301pid-e1641692435502.png\",\"contentUrl\":\"https:\/\/listval.is\/wp-content\/uploads\/2022\/10\/O\u0301pid-e1641692435502.png\",\"width\":388,\"height\":545},{\"@type\":\"BreadcrumbList\",\"@id\":\"https:\/\/listval.is\/artwork\/opid\/#breadcrumb\",\"itemListElement\":[{\"@type\":\"ListItem\",\"position\":1,\"name\":\"Home\",\"item\":\"https:\/\/listval.is\/\"},{\"@type\":\"ListItem\",\"position\":2,\"name\":\"Shop\",\"item\":\"https:\/\/listval.is\/shop\/\"},{\"@type\":\"ListItem\",\"position\":3,\"name\":\"\u00d3pi\u00f0\"}]},{\"@type\":\"WebSite\",\"@id\":\"https:\/\/listval.is\/#website\",\"url\":\"https:\/\/listval.is\/\",\"name\":\"LISTVAL GALLERY\",\"description\":\"Art Gallery based in Reykjav\u00edk, Iceland\",\"publisher\":{\"@id\":\"https:\/\/listval.is\/#organization\"},\"potentialAction\":[{\"@type\":\"SearchAction\",\"target\":{\"@type\":\"EntryPoint\",\"urlTemplate\":\"https:\/\/listval.is\/?s={search_term_string}\"},\"query-input\":{\"@type\":\"PropertyValueSpecification\",\"valueRequired\":true,\"valueName\":\"search_term_string\"}}],\"inLanguage\":\"en-US\"},{\"@type\":\"Organization\",\"@id\":\"https:\/\/listval.is\/#organization\",\"name\":\"Listval\",\"url\":\"https:\/\/listval.is\/\",\"logo\":{\"@type\":\"ImageObject\",\"inLanguage\":\"en-US\",\"@id\":\"https:\/\/listval.is\/#\/schema\/logo\/image\/\",\"url\":\"https:\/\/listval.is\/wp-content\/uploads\/2023\/07\/Logo-profile-40.png\",\"contentUrl\":\"https:\/\/listval.is\/wp-content\/uploads\/2023\/07\/Logo-profile-40.png\",\"width\":2250,\"height\":2250,\"caption\":\"Listval\"},\"image\":{\"@id\":\"https:\/\/listval.is\/#\/schema\/logo\/image\/\"},\"sameAs\":[\"https:\/\/www.facebook.com\/listval\",\"https:\/\/www.instagram.com\/listval_\/\",\"https:\/\/www.linkedin.com\/company\/listval\/\",\"https:\/\/www.youtube.com\/channel\/UCm0wWRjGyr-dEJrH08-7z6Q\",\"https:\/\/www.pinterest.com\/listval_\/\"]}]}<\/script>\n<!-- \/ Yoast SEO plugin. -->","yoast_head_json":{"title":"\u00d3pi\u00f0 | LISTVAL","robots":{"index":"index","follow":"follow","max-snippet":"max-snippet:-1","max-image-preview":"max-image-preview:large","max-video-preview":"max-video-preview:-1"},"canonical":"https:\/\/listval.is\/en\/artwork\/opid\/","og_locale":"en_US","og_type":"article","og_title":"\u00d3pi\u00f0 | LISTVAL","og_description":"Gj\u00f6rningakl\u00fabburinn sem n\u00fa er skipa\u00f0ur myndlistarkonunum Eir\u00fanu Sigur\u00f0ard\u00f3ttur og J\u00f3n\u00ed J\u00f3nsd\u00f3ttur var stofna\u00f0ur af \u00feeim \u00e1samt myndlistarkonunni Sigr\u00fanu Hr\u00f3lfsd\u00f3ttur \u00e1ri\u00f0 1996. Sigr\u00fan starfa\u00f0i \u00ed Gj\u00f6rningakl\u00fabbnum til \u00e1rsins 2016 og graf\u00edski h\u00f6nnu\u00f0urinn D\u00f3ra \u00cdsleifsd\u00f3ttir fr\u00e1 \u00e1rinu 1996 til 2001. Hugmyndir Gj\u00f6rningakl\u00fabbsins tengjast oft f\u00e9lagslegum m\u00e1lefnum me\u00f0 femin\u00edskum \u00e1herslum \u00ed bland vi\u00f0 glettni og hressandi einl\u00e6gni. Gj\u00f6rningakl\u00fabburinn [&hellip;]","og_url":"https:\/\/listval.is\/en\/artwork\/opid\/","og_site_name":"LISTVAL","article_publisher":"https:\/\/www.facebook.com\/listval","article_modified_time":"2025-01-08T14:39:12+00:00","og_image":[{"width":388,"height":545,"url":"https:\/\/listval.is\/wp-content\/uploads\/2022\/10\/O\u0301pid-e1641692435502.png","type":"image\/png"}],"twitter_card":"summary_large_image","twitter_misc":{"Est. reading time":"1 minute"},"schema":{"@context":"https:\/\/schema.org","@graph":[{"@type":["WebPage","ItemPage"],"@id":"https:\/\/listval.is\/artwork\/opid\/","url":"https:\/\/listval.is\/artwork\/opid\/","name":"\u00d3pi\u00f0 | LISTVAL","isPartOf":{"@id":"https:\/\/listval.is\/#website"},"primaryImageOfPage":{"@id":"https:\/\/listval.is\/artwork\/opid\/#primaryimage"},"image":{"@id":"https:\/\/listval.is\/artwork\/opid\/#primaryimage"},"thumbnailUrl":"https:\/\/listval.is\/wp-content\/uploads\/2022\/10\/O\u0301pid-e1641692435502.png","datePublished":"2024-10-09T16:25:00+00:00","dateModified":"2025-01-08T14:39:12+00:00","breadcrumb":{"@id":"https:\/\/listval.is\/artwork\/opid\/#breadcrumb"},"inLanguage":"en-US","potentialAction":[{"@type":"ReadAction","target":["https:\/\/listval.is\/artwork\/opid\/"]}]},{"@type":"ImageObject","inLanguage":"en-US","@id":"https:\/\/listval.is\/artwork\/opid\/#primaryimage","url":"https:\/\/listval.is\/wp-content\/uploads\/2022\/10\/O\u0301pid-e1641692435502.png","contentUrl":"https:\/\/listval.is\/wp-content\/uploads\/2022\/10\/O\u0301pid-e1641692435502.png","width":388,"height":545},{"@type":"BreadcrumbList","@id":"https:\/\/listval.is\/artwork\/opid\/#breadcrumb","itemListElement":[{"@type":"ListItem","position":1,"name":"Home","item":"https:\/\/listval.is\/"},{"@type":"ListItem","position":2,"name":"Shop","item":"https:\/\/listval.is\/shop\/"},{"@type":"ListItem","position":3,"name":"\u00d3pi\u00f0"}]},{"@type":"WebSite","@id":"https:\/\/listval.is\/#website","url":"https:\/\/listval.is\/","name":"LISTVAL GALLERY","description":"Art Gallery based in Reykjav\u00edk, Iceland","publisher":{"@id":"https:\/\/listval.is\/#organization"},"potentialAction":[{"@type":"SearchAction","target":{"@type":"EntryPoint","urlTemplate":"https:\/\/listval.is\/?s={search_term_string}"},"query-input":{"@type":"PropertyValueSpecification","valueRequired":true,"valueName":"search_term_string"}}],"inLanguage":"en-US"},{"@type":"Organization","@id":"https:\/\/listval.is\/#organization","name":"Listval","url":"https:\/\/listval.is\/","logo":{"@type":"ImageObject","inLanguage":"en-US","@id":"https:\/\/listval.is\/#\/schema\/logo\/image\/","url":"https:\/\/listval.is\/wp-content\/uploads\/2023\/07\/Logo-profile-40.png","contentUrl":"https:\/\/listval.is\/wp-content\/uploads\/2023\/07\/Logo-profile-40.png","width":2250,"height":2250,"caption":"Listval"},"image":{"@id":"https:\/\/listval.is\/#\/schema\/logo\/image\/"},"sameAs":["https:\/\/www.facebook.com\/listval","https:\/\/www.instagram.com\/listval_\/","https:\/\/www.linkedin.com\/company\/listval\/","https:\/\/www.youtube.com\/channel\/UCm0wWRjGyr-dEJrH08-7z6Q","https:\/\/www.pinterest.com\/listval_\/"]}]}},"_links":{"self":[{"href":"http:\/\/listval.is\/en\/wp-json\/wp\/v2\/product\/2312","targetHints":{"allow":["GET"]}}],"collection":[{"href":"http:\/\/listval.is\/en\/wp-json\/wp\/v2\/product"}],"about":[{"href":"http:\/\/listval.is\/en\/wp-json\/wp\/v2\/types\/product"}],"version-history":[{"count":0,"href":"http:\/\/listval.is\/en\/wp-json\/wp\/v2\/product\/2312\/revisions"}],"wp:featuredmedia":[{"embeddable":true,"href":"http:\/\/listval.is\/en\/wp-json\/wp\/v2\/media\/2458"}],"wp:attachment":[{"href":"http:\/\/listval.is\/en\/wp-json\/wp\/v2\/media?parent=2312"}],"wp:term":[{"taxonomy":"product_brand","embeddable":true,"href":"http:\/\/listval.is\/en\/wp-json\/wp\/v2\/product_brand?post=2312"},{"taxonomy":"product_cat","embeddable":true,"href":"http:\/\/listval.is\/en\/wp-json\/wp\/v2\/product_cat?post=2312"},{"taxonomy":"product_tag","embeddable":true,"href":"http:\/\/listval.is\/en\/wp-json\/wp\/v2\/product_tag?post=2312"}],"curies":[{"name":"wp","href":"https:\/\/api.w.org\/{rel}","templated":true}]}}