{"id":21336,"date":"2024-12-11T12:53:22","date_gmt":"2024-12-11T12:53:22","guid":{"rendered":"https:\/\/listval.is\/?post_type=product&#038;p=21336"},"modified":"2025-01-08T11:51:38","modified_gmt":"2025-01-08T11:51:38","slug":"vor-i-vetri","status":"publish","type":"product","link":"http:\/\/listval.is\/en\/artwork\/vor-i-vetri\/","title":{"rendered":"Vor \u00ed vetri"},"content":{"rendered":"<p>Lil\u00fd Erla Adamsd\u00f3ttir earned a BA in Fine Art from the Iceland University of the Arts in 2011 and an MA in Artistic Textiles from the Swedish School of Textiles in Bor\u00e5s in 2017. Positioned at the intersection of art and design, her work explores surfaces \u2013 both natural and human \u2013 through a meticulous investigation of repetition, texture, and materiality. Adamsd\u00f3ttir\u2019s projects employ tufting techniques to examine the interplay of thread, color, and form, leading her to describe her works as \"soft paintings\" or \"dancing embroidery.\"<\/p>","protected":false},"excerpt":{"rendered":"<p>Lil\u00fd Erla Adamsd\u00f3ttir vinnur \u00e1 m\u00f6rkum myndlistar, h\u00f6nnunar og listhandverks. Yfirbor\u00f0 er henni hugleiki\u00f0, hvort sem um r\u00e6\u00f0ir yfirbor\u00f0 n\u00e1tt\u00farunnar e\u00f0a mennskunnar. \u00cd verkum s\u00ednum sko\u00f0ar h\u00fan handger\u00f0a endurtekningu, m\u00f6guleika hennar og takmarkanir. Hvernig hi\u00f0 einstaka kallast \u00e1 vi\u00f0 fj\u00f6ldann um lei\u00f0 og fj\u00f6ldinn skapar einstakan samhlj\u00f3m. Vinnuferli Lil\u00fdjar einkennist af st\u00f6\u00f0ugu samtali vi\u00f0 efni\u00f0, [&hellip;]<\/p>\n","protected":false},"featured_media":21344,"template":"","meta":{"site-sidebar-layout":"default","site-content-layout":"default","ast-site-content-layout":"default","site-content-style":"default","site-sidebar-style":"default","ast-global-header-display":"","ast-banner-title-visibility":"","ast-main-header-display":"","ast-hfb-above-header-display":"","ast-hfb-below-header-display":"","ast-hfb-mobile-header-display":"","site-post-title":"","ast-breadcrumbs-content":"","ast-featured-img":"","footer-sml-layout":"","theme-transparent-header-meta":"default","adv-header-id-meta":"","stick-header-meta":"","header-above-stick-meta":"","header-main-stick-meta":"","header-below-stick-meta":"","astra-migrate-meta-layouts":"default","ast-page-background-enabled":"default","ast-page-background-meta":{"desktop":{"background-color":"var(--ast-global-color-4)","background-image":"","background-repeat":"repeat","background-position":"center center","background-size":"auto","background-attachment":"scroll","background-type":"","background-media":"","overlay-type":"","overlay-color":"","overlay-opacity":"","overlay-gradient":""},"tablet":{"background-color":"","background-image":"","background-repeat":"repeat","background-position":"center center","background-size":"auto","background-attachment":"scroll","background-type":"","background-media":"","overlay-type":"","overlay-color":"","overlay-opacity":"","overlay-gradient":""},"mobile":{"background-color":"","background-image":"","background-repeat":"repeat","background-position":"center center","background-size":"auto","background-attachment":"scroll","background-type":"","background-media":"","overlay-type":"","overlay-color":"","overlay-opacity":"","overlay-gradient":""}},"ast-content-background-meta":{"desktop":{"background-color":"var(--ast-global-color-5)","background-image":"","background-repeat":"repeat","background-position":"center center","background-size":"auto","background-attachment":"scroll","background-type":"","background-media":"","overlay-type":"","overlay-color":"","overlay-opacity":"","overlay-gradient":""},"tablet":{"background-color":"var(--ast-global-color-5)","background-image":"","background-repeat":"repeat","background-position":"center center","background-size":"auto","background-attachment":"scroll","background-type":"","background-media":"","overlay-type":"","overlay-color":"","overlay-opacity":"","overlay-gradient":""},"mobile":{"background-color":"var(--ast-global-color-5)","background-image":"","background-repeat":"repeat","background-position":"center center","background-size":"auto","background-attachment":"scroll","background-type":"","background-media":"","overlay-type":"","overlay-color":"","overlay-opacity":"","overlay-gradient":""}}},"product_brand":[327],"product_cat":[184,659,165,161],"product_tag":[424],"class_list":{"0":"post-21336","1":"product","2":"type-product","3":"status-publish","4":"has-post-thumbnail","6":"product_brand-lily-erla-adamsdottir","7":"product_cat-einstok-verk","8":"product_cat-lily-erla-adamsdottir","9":"product_cat-nytt","10":"product_cat-skulpturar","11":"product_tag-lily-erla-adamsdottir","12":"product_shipping_class-litil-verk","13":"desktop-align-left","14":"tablet-align-left","15":"mobile-align-left","17":"first","18":"instock","19":"taxable","20":"shipping-taxable","21":"purchasable","22":"product-type-simple"},"yoast_head":"<!-- This site is optimized with the Yoast SEO plugin v26.9 - https:\/\/yoast.com\/product\/yoast-seo-wordpress\/ -->\n<title>Vor \u00ed vetri | LISTVAL<\/title>\n<meta name=\"robots\" content=\"index, follow, max-snippet:-1, max-image-preview:large, max-video-preview:-1\" \/>\n<link rel=\"canonical\" href=\"https:\/\/listval.is\/en\/artwork\/vor-i-vetri\/\" \/>\n<meta property=\"og:locale\" content=\"en_US\" \/>\n<meta property=\"og:type\" content=\"article\" \/>\n<meta property=\"og:title\" content=\"Vor \u00ed vetri | LISTVAL\" \/>\n<meta property=\"og:description\" content=\"Lil\u00fd Erla Adamsd\u00f3ttir vinnur \u00e1 m\u00f6rkum myndlistar, h\u00f6nnunar og listhandverks. Yfirbor\u00f0 er henni hugleiki\u00f0, hvort sem um r\u00e6\u00f0ir yfirbor\u00f0 n\u00e1tt\u00farunnar e\u00f0a mennskunnar. \u00cd verkum s\u00ednum sko\u00f0ar h\u00fan handger\u00f0a endurtekningu, m\u00f6guleika hennar og takmarkanir. Hvernig hi\u00f0 einstaka kallast \u00e1 vi\u00f0 fj\u00f6ldann um lei\u00f0 og fj\u00f6ldinn skapar einstakan samhlj\u00f3m. Vinnuferli Lil\u00fdjar einkennist af st\u00f6\u00f0ugu samtali vi\u00f0 efni\u00f0, [&hellip;]\" \/>\n<meta property=\"og:url\" content=\"https:\/\/listval.is\/en\/artwork\/vor-i-vetri\/\" \/>\n<meta property=\"og:site_name\" content=\"LISTVAL\" \/>\n<meta property=\"article:publisher\" content=\"https:\/\/www.facebook.com\/listval\" \/>\n<meta property=\"article:modified_time\" content=\"2025-01-08T11:51:38+00:00\" \/>\n<meta property=\"og:image\" content=\"https:\/\/listval.is\/wp-content\/uploads\/2024\/12\/Lily2-scaled.jpg\" \/>\n\t<meta property=\"og:image:width\" content=\"2560\" \/>\n\t<meta property=\"og:image:height\" content=\"2489\" \/>\n\t<meta property=\"og:image:type\" content=\"image\/jpeg\" \/>\n<meta name=\"twitter:card\" content=\"summary_large_image\" \/>\n<meta name=\"twitter:label1\" content=\"Est. reading time\" \/>\n\t<meta name=\"twitter:data1\" content=\"1 minute\" \/>\n<script type=\"application\/ld+json\" class=\"yoast-schema-graph\">{\"@context\":\"https:\/\/schema.org\",\"@graph\":[{\"@type\":[\"WebPage\",\"ItemPage\"],\"@id\":\"https:\/\/listval.is\/artwork\/vor-i-vetri\/\",\"url\":\"https:\/\/listval.is\/artwork\/vor-i-vetri\/\",\"name\":\"Vor \u00ed vetri | LISTVAL\",\"isPartOf\":{\"@id\":\"https:\/\/listval.is\/#website\"},\"primaryImageOfPage\":{\"@id\":\"https:\/\/listval.is\/artwork\/vor-i-vetri\/#primaryimage\"},\"image\":{\"@id\":\"https:\/\/listval.is\/artwork\/vor-i-vetri\/#primaryimage\"},\"thumbnailUrl\":\"https:\/\/listval.is\/wp-content\/uploads\/2024\/12\/Lily2-scaled.jpg\",\"datePublished\":\"2024-12-11T12:53:22+00:00\",\"dateModified\":\"2025-01-08T11:51:38+00:00\",\"breadcrumb\":{\"@id\":\"https:\/\/listval.is\/artwork\/vor-i-vetri\/#breadcrumb\"},\"inLanguage\":\"en-US\",\"potentialAction\":[{\"@type\":\"ReadAction\",\"target\":[\"https:\/\/listval.is\/artwork\/vor-i-vetri\/\"]}]},{\"@type\":\"ImageObject\",\"inLanguage\":\"en-US\",\"@id\":\"https:\/\/listval.is\/artwork\/vor-i-vetri\/#primaryimage\",\"url\":\"https:\/\/listval.is\/wp-content\/uploads\/2024\/12\/Lily2-scaled.jpg\",\"contentUrl\":\"https:\/\/listval.is\/wp-content\/uploads\/2024\/12\/Lily2-scaled.jpg\",\"width\":2560,\"height\":2489},{\"@type\":\"BreadcrumbList\",\"@id\":\"https:\/\/listval.is\/artwork\/vor-i-vetri\/#breadcrumb\",\"itemListElement\":[{\"@type\":\"ListItem\",\"position\":1,\"name\":\"Home\",\"item\":\"https:\/\/listval.is\/\"},{\"@type\":\"ListItem\",\"position\":2,\"name\":\"Shop\",\"item\":\"https:\/\/listval.is\/shop\/\"},{\"@type\":\"ListItem\",\"position\":3,\"name\":\"Vor \u00ed vetri\"}]},{\"@type\":\"WebSite\",\"@id\":\"https:\/\/listval.is\/#website\",\"url\":\"https:\/\/listval.is\/\",\"name\":\"LISTVAL GALLERY\",\"description\":\"Art Gallery based in Reykjav\u00edk, Iceland\",\"publisher\":{\"@id\":\"https:\/\/listval.is\/#organization\"},\"potentialAction\":[{\"@type\":\"SearchAction\",\"target\":{\"@type\":\"EntryPoint\",\"urlTemplate\":\"https:\/\/listval.is\/?s={search_term_string}\"},\"query-input\":{\"@type\":\"PropertyValueSpecification\",\"valueRequired\":true,\"valueName\":\"search_term_string\"}}],\"inLanguage\":\"en-US\"},{\"@type\":\"Organization\",\"@id\":\"https:\/\/listval.is\/#organization\",\"name\":\"Listval\",\"url\":\"https:\/\/listval.is\/\",\"logo\":{\"@type\":\"ImageObject\",\"inLanguage\":\"en-US\",\"@id\":\"https:\/\/listval.is\/#\/schema\/logo\/image\/\",\"url\":\"https:\/\/listval.is\/wp-content\/uploads\/2023\/07\/Logo-profile-40.png\",\"contentUrl\":\"https:\/\/listval.is\/wp-content\/uploads\/2023\/07\/Logo-profile-40.png\",\"width\":2250,\"height\":2250,\"caption\":\"Listval\"},\"image\":{\"@id\":\"https:\/\/listval.is\/#\/schema\/logo\/image\/\"},\"sameAs\":[\"https:\/\/www.facebook.com\/listval\",\"https:\/\/www.instagram.com\/listval_\/\",\"https:\/\/www.linkedin.com\/company\/listval\/\",\"https:\/\/www.youtube.com\/channel\/UCm0wWRjGyr-dEJrH08-7z6Q\",\"https:\/\/www.pinterest.com\/listval_\/\"]}]}<\/script>\n<!-- \/ Yoast SEO plugin. -->","yoast_head_json":{"title":"Vor \u00ed vetri | LISTVAL","robots":{"index":"index","follow":"follow","max-snippet":"max-snippet:-1","max-image-preview":"max-image-preview:large","max-video-preview":"max-video-preview:-1"},"canonical":"https:\/\/listval.is\/en\/artwork\/vor-i-vetri\/","og_locale":"en_US","og_type":"article","og_title":"Vor \u00ed vetri | LISTVAL","og_description":"Lil\u00fd Erla Adamsd\u00f3ttir vinnur \u00e1 m\u00f6rkum myndlistar, h\u00f6nnunar og listhandverks. Yfirbor\u00f0 er henni hugleiki\u00f0, hvort sem um r\u00e6\u00f0ir yfirbor\u00f0 n\u00e1tt\u00farunnar e\u00f0a mennskunnar. \u00cd verkum s\u00ednum sko\u00f0ar h\u00fan handger\u00f0a endurtekningu, m\u00f6guleika hennar og takmarkanir. Hvernig hi\u00f0 einstaka kallast \u00e1 vi\u00f0 fj\u00f6ldann um lei\u00f0 og fj\u00f6ldinn skapar einstakan samhlj\u00f3m. Vinnuferli Lil\u00fdjar einkennist af st\u00f6\u00f0ugu samtali vi\u00f0 efni\u00f0, [&hellip;]","og_url":"https:\/\/listval.is\/en\/artwork\/vor-i-vetri\/","og_site_name":"LISTVAL","article_publisher":"https:\/\/www.facebook.com\/listval","article_modified_time":"2025-01-08T11:51:38+00:00","og_image":[{"width":2560,"height":2489,"url":"https:\/\/listval.is\/wp-content\/uploads\/2024\/12\/Lily2-scaled.jpg","type":"image\/jpeg"}],"twitter_card":"summary_large_image","twitter_misc":{"Est. reading time":"1 minute"},"schema":{"@context":"https:\/\/schema.org","@graph":[{"@type":["WebPage","ItemPage"],"@id":"https:\/\/listval.is\/artwork\/vor-i-vetri\/","url":"https:\/\/listval.is\/artwork\/vor-i-vetri\/","name":"Vor \u00ed vetri | LISTVAL","isPartOf":{"@id":"https:\/\/listval.is\/#website"},"primaryImageOfPage":{"@id":"https:\/\/listval.is\/artwork\/vor-i-vetri\/#primaryimage"},"image":{"@id":"https:\/\/listval.is\/artwork\/vor-i-vetri\/#primaryimage"},"thumbnailUrl":"https:\/\/listval.is\/wp-content\/uploads\/2024\/12\/Lily2-scaled.jpg","datePublished":"2024-12-11T12:53:22+00:00","dateModified":"2025-01-08T11:51:38+00:00","breadcrumb":{"@id":"https:\/\/listval.is\/artwork\/vor-i-vetri\/#breadcrumb"},"inLanguage":"en-US","potentialAction":[{"@type":"ReadAction","target":["https:\/\/listval.is\/artwork\/vor-i-vetri\/"]}]},{"@type":"ImageObject","inLanguage":"en-US","@id":"https:\/\/listval.is\/artwork\/vor-i-vetri\/#primaryimage","url":"https:\/\/listval.is\/wp-content\/uploads\/2024\/12\/Lily2-scaled.jpg","contentUrl":"https:\/\/listval.is\/wp-content\/uploads\/2024\/12\/Lily2-scaled.jpg","width":2560,"height":2489},{"@type":"BreadcrumbList","@id":"https:\/\/listval.is\/artwork\/vor-i-vetri\/#breadcrumb","itemListElement":[{"@type":"ListItem","position":1,"name":"Home","item":"https:\/\/listval.is\/"},{"@type":"ListItem","position":2,"name":"Shop","item":"https:\/\/listval.is\/shop\/"},{"@type":"ListItem","position":3,"name":"Vor \u00ed vetri"}]},{"@type":"WebSite","@id":"https:\/\/listval.is\/#website","url":"https:\/\/listval.is\/","name":"LISTVAL GALLERY","description":"Art Gallery based in Reykjav\u00edk, Iceland","publisher":{"@id":"https:\/\/listval.is\/#organization"},"potentialAction":[{"@type":"SearchAction","target":{"@type":"EntryPoint","urlTemplate":"https:\/\/listval.is\/?s={search_term_string}"},"query-input":{"@type":"PropertyValueSpecification","valueRequired":true,"valueName":"search_term_string"}}],"inLanguage":"en-US"},{"@type":"Organization","@id":"https:\/\/listval.is\/#organization","name":"Listval","url":"https:\/\/listval.is\/","logo":{"@type":"ImageObject","inLanguage":"en-US","@id":"https:\/\/listval.is\/#\/schema\/logo\/image\/","url":"https:\/\/listval.is\/wp-content\/uploads\/2023\/07\/Logo-profile-40.png","contentUrl":"https:\/\/listval.is\/wp-content\/uploads\/2023\/07\/Logo-profile-40.png","width":2250,"height":2250,"caption":"Listval"},"image":{"@id":"https:\/\/listval.is\/#\/schema\/logo\/image\/"},"sameAs":["https:\/\/www.facebook.com\/listval","https:\/\/www.instagram.com\/listval_\/","https:\/\/www.linkedin.com\/company\/listval\/","https:\/\/www.youtube.com\/channel\/UCm0wWRjGyr-dEJrH08-7z6Q","https:\/\/www.pinterest.com\/listval_\/"]}]}},"_links":{"self":[{"href":"http:\/\/listval.is\/en\/wp-json\/wp\/v2\/product\/21336","targetHints":{"allow":["GET"]}}],"collection":[{"href":"http:\/\/listval.is\/en\/wp-json\/wp\/v2\/product"}],"about":[{"href":"http:\/\/listval.is\/en\/wp-json\/wp\/v2\/types\/product"}],"version-history":[{"count":0,"href":"http:\/\/listval.is\/en\/wp-json\/wp\/v2\/product\/21336\/revisions"}],"wp:featuredmedia":[{"embeddable":true,"href":"http:\/\/listval.is\/en\/wp-json\/wp\/v2\/media\/21344"}],"wp:attachment":[{"href":"http:\/\/listval.is\/en\/wp-json\/wp\/v2\/media?parent=21336"}],"wp:term":[{"taxonomy":"product_brand","embeddable":true,"href":"http:\/\/listval.is\/en\/wp-json\/wp\/v2\/product_brand?post=21336"},{"taxonomy":"product_cat","embeddable":true,"href":"http:\/\/listval.is\/en\/wp-json\/wp\/v2\/product_cat?post=21336"},{"taxonomy":"product_tag","embeddable":true,"href":"http:\/\/listval.is\/en\/wp-json\/wp\/v2\/product_tag?post=21336"}],"curies":[{"name":"wp","href":"https:\/\/api.w.org\/{rel}","templated":true}]}}