{"id":18401,"date":"2024-03-14T22:01:41","date_gmt":"2024-03-14T22:01:41","guid":{"rendered":"https:\/\/listval.is\/?post_type=product&#038;p=18401"},"modified":"2025-01-08T12:28:25","modified_gmt":"2025-01-08T12:28:25","slug":"an-titils-129","status":"publish","type":"product","link":"http:\/\/listval.is\/en\/artwork\/an-titils-129\/","title":{"rendered":"Untitled"},"content":{"rendered":"<p>Steingr\u00edmur Gauti Ing\u00f3lfsson (b. 1986) completed his B.A. in Fine Arts from the Iceland Academy of the Arts in 2015 and has been active in exhibiting his work in recent years. He has participated in group exhibitions both in Iceland and abroad and has held several solo exhibitions, including his recent one titled \"Chop Wood, Carry Water\" at Galerie Marguo in Paris. Steingr\u00edmur's works can be found in public and private collections across Europe, the United States, and Asia. Steingr\u00edmur Gauti lives and works in Reykjavik. <\/p>","protected":false},"excerpt":{"rendered":"<p>Steingr\u00edmur Gauti Ing\u00f3lfsson (f. 1986) lauk BA-gr\u00e1\u00f0u \u00ed myndlist fr\u00e1 Listah\u00e1sk\u00f3la \u00cdslands 2015 og hefur veri\u00f0 virkur \u00e1 listasvi\u00f0inu s\u00ed\u00f0an. Hann hefur teki\u00f0 \u00fe\u00e1tt \u00ed sams\u00fdningum \u00e1 \u00cdslandi og erlendis og haldi\u00f0 nokkrar einkas\u00fdningar, \u00fear \u00e1 me\u00f0al s\u00fdninguna \u201eChop Wood, Carry Water,\u201c \u00ed Marguo-galler\u00edinu \u00ed Par\u00eds. Verk Gauta m\u00e1 finna \u00ed opinberum s\u00f6fnum og \u00ed [&hellip;]<\/p>\n","protected":false},"featured_media":18404,"template":"","meta":{"site-sidebar-layout":"default","site-content-layout":"default","ast-site-content-layout":"default","site-content-style":"default","site-sidebar-style":"default","ast-global-header-display":"","ast-banner-title-visibility":"","ast-main-header-display":"","ast-hfb-above-header-display":"","ast-hfb-below-header-display":"","ast-hfb-mobile-header-display":"","site-post-title":"","ast-breadcrumbs-content":"","ast-featured-img":"","footer-sml-layout":"","theme-transparent-header-meta":"default","adv-header-id-meta":"","stick-header-meta":"","header-above-stick-meta":"","header-main-stick-meta":"","header-below-stick-meta":"","astra-migrate-meta-layouts":"default","ast-page-background-enabled":"default","ast-page-background-meta":{"desktop":{"background-color":"var(--ast-global-color-4)","background-image":"","background-repeat":"repeat","background-position":"center center","background-size":"auto","background-attachment":"scroll","background-type":"","background-media":"","overlay-type":"","overlay-color":"","overlay-opacity":"","overlay-gradient":""},"tablet":{"background-color":"","background-image":"","background-repeat":"repeat","background-position":"center center","background-size":"auto","background-attachment":"scroll","background-type":"","background-media":"","overlay-type":"","overlay-color":"","overlay-opacity":"","overlay-gradient":""},"mobile":{"background-color":"","background-image":"","background-repeat":"repeat","background-position":"center center","background-size":"auto","background-attachment":"scroll","background-type":"","background-media":"","overlay-type":"","overlay-color":"","overlay-opacity":"","overlay-gradient":""}},"ast-content-background-meta":{"desktop":{"background-color":"var(--ast-global-color-5)","background-image":"","background-repeat":"repeat","background-position":"center center","background-size":"auto","background-attachment":"scroll","background-type":"","background-media":"","overlay-type":"","overlay-color":"","overlay-opacity":"","overlay-gradient":""},"tablet":{"background-color":"var(--ast-global-color-5)","background-image":"","background-repeat":"repeat","background-position":"center center","background-size":"auto","background-attachment":"scroll","background-type":"","background-media":"","overlay-type":"","overlay-color":"","overlay-opacity":"","overlay-gradient":""},"mobile":{"background-color":"var(--ast-global-color-5)","background-image":"","background-repeat":"repeat","background-position":"center center","background-size":"auto","background-attachment":"scroll","background-type":"","background-media":"","overlay-type":"","overlay-color":"","overlay-opacity":"","overlay-gradient":""}}},"product_brand":[366],"product_cat":[184],"product_tag":[458],"class_list":{"0":"post-18401","1":"product","2":"type-product","3":"status-publish","4":"has-post-thumbnail","6":"product_brand-steingrimur-gauti","7":"product_cat-einstok-verk","8":"product_tag-steingrimur-gauti","9":"product_shipping_class-stor-verk","10":"desktop-align-left","11":"tablet-align-left","12":"mobile-align-left","14":"first","15":"instock","16":"taxable","17":"shipping-taxable","18":"purchasable","19":"product-type-simple"},"yoast_head":"<!-- This site is optimized with the Yoast SEO plugin v26.9 - https:\/\/yoast.com\/product\/yoast-seo-wordpress\/ -->\n<title>\u00c1n titils | LISTVAL<\/title>\n<meta name=\"robots\" content=\"index, follow, max-snippet:-1, max-image-preview:large, max-video-preview:-1\" \/>\n<link rel=\"canonical\" href=\"https:\/\/listval.is\/en\/artwork\/an-titils-129\/\" \/>\n<meta property=\"og:locale\" content=\"en_US\" \/>\n<meta property=\"og:type\" content=\"article\" \/>\n<meta property=\"og:title\" content=\"\u00c1n titils | LISTVAL\" \/>\n<meta property=\"og:description\" content=\"Steingr\u00edmur Gauti Ing\u00f3lfsson (f. 1986) lauk BA-gr\u00e1\u00f0u \u00ed myndlist fr\u00e1 Listah\u00e1sk\u00f3la \u00cdslands 2015 og hefur veri\u00f0 virkur \u00e1 listasvi\u00f0inu s\u00ed\u00f0an. Hann hefur teki\u00f0 \u00fe\u00e1tt \u00ed sams\u00fdningum \u00e1 \u00cdslandi og erlendis og haldi\u00f0 nokkrar einkas\u00fdningar, \u00fear \u00e1 me\u00f0al s\u00fdninguna \u201eChop Wood, Carry Water,\u201c \u00ed Marguo-galler\u00edinu \u00ed Par\u00eds. Verk Gauta m\u00e1 finna \u00ed opinberum s\u00f6fnum og \u00ed [&hellip;]\" \/>\n<meta property=\"og:url\" content=\"https:\/\/listval.is\/en\/artwork\/an-titils-129\/\" \/>\n<meta property=\"og:site_name\" content=\"LISTVAL\" \/>\n<meta property=\"article:publisher\" content=\"https:\/\/www.facebook.com\/listval\" \/>\n<meta property=\"article:modified_time\" content=\"2025-01-08T12:28:25+00:00\" \/>\n<meta property=\"og:image\" content=\"https:\/\/listval.is\/wp-content\/uploads\/2024\/03\/Steingrimur-Gauti--scaled.jpg\" \/>\n\t<meta property=\"og:image:width\" content=\"1794\" \/>\n\t<meta property=\"og:image:height\" content=\"2560\" \/>\n\t<meta property=\"og:image:type\" content=\"image\/jpeg\" \/>\n<meta name=\"twitter:card\" content=\"summary_large_image\" \/>\n<meta name=\"twitter:label1\" content=\"Est. reading time\" \/>\n\t<meta name=\"twitter:data1\" content=\"1 minute\" \/>\n<script type=\"application\/ld+json\" class=\"yoast-schema-graph\">{\"@context\":\"https:\/\/schema.org\",\"@graph\":[{\"@type\":[\"WebPage\",\"ItemPage\"],\"@id\":\"https:\/\/listval.is\/artwork\/an-titils-129\/\",\"url\":\"https:\/\/listval.is\/artwork\/an-titils-129\/\",\"name\":\"\u00c1n titils | LISTVAL\",\"isPartOf\":{\"@id\":\"https:\/\/listval.is\/#website\"},\"primaryImageOfPage\":{\"@id\":\"https:\/\/listval.is\/artwork\/an-titils-129\/#primaryimage\"},\"image\":{\"@id\":\"https:\/\/listval.is\/artwork\/an-titils-129\/#primaryimage\"},\"thumbnailUrl\":\"https:\/\/listval.is\/wp-content\/uploads\/2024\/03\/Steingrimur-Gauti--scaled.jpg\",\"datePublished\":\"2024-03-14T22:01:41+00:00\",\"dateModified\":\"2025-01-08T12:28:25+00:00\",\"breadcrumb\":{\"@id\":\"https:\/\/listval.is\/artwork\/an-titils-129\/#breadcrumb\"},\"inLanguage\":\"en-US\",\"potentialAction\":[{\"@type\":\"ReadAction\",\"target\":[\"https:\/\/listval.is\/artwork\/an-titils-129\/\"]}]},{\"@type\":\"ImageObject\",\"inLanguage\":\"en-US\",\"@id\":\"https:\/\/listval.is\/artwork\/an-titils-129\/#primaryimage\",\"url\":\"https:\/\/listval.is\/wp-content\/uploads\/2024\/03\/Steingrimur-Gauti--scaled.jpg\",\"contentUrl\":\"https:\/\/listval.is\/wp-content\/uploads\/2024\/03\/Steingrimur-Gauti--scaled.jpg\",\"width\":1794,\"height\":2560},{\"@type\":\"BreadcrumbList\",\"@id\":\"https:\/\/listval.is\/artwork\/an-titils-129\/#breadcrumb\",\"itemListElement\":[{\"@type\":\"ListItem\",\"position\":1,\"name\":\"Home\",\"item\":\"https:\/\/listval.is\/\"},{\"@type\":\"ListItem\",\"position\":2,\"name\":\"Shop\",\"item\":\"https:\/\/listval.is\/shop\/\"},{\"@type\":\"ListItem\",\"position\":3,\"name\":\"\u00c1n titils\"}]},{\"@type\":\"WebSite\",\"@id\":\"https:\/\/listval.is\/#website\",\"url\":\"https:\/\/listval.is\/\",\"name\":\"LISTVAL GALLERY\",\"description\":\"Art Gallery based in Reykjav\u00edk, Iceland\",\"publisher\":{\"@id\":\"https:\/\/listval.is\/#organization\"},\"potentialAction\":[{\"@type\":\"SearchAction\",\"target\":{\"@type\":\"EntryPoint\",\"urlTemplate\":\"https:\/\/listval.is\/?s={search_term_string}\"},\"query-input\":{\"@type\":\"PropertyValueSpecification\",\"valueRequired\":true,\"valueName\":\"search_term_string\"}}],\"inLanguage\":\"en-US\"},{\"@type\":\"Organization\",\"@id\":\"https:\/\/listval.is\/#organization\",\"name\":\"Listval\",\"url\":\"https:\/\/listval.is\/\",\"logo\":{\"@type\":\"ImageObject\",\"inLanguage\":\"en-US\",\"@id\":\"https:\/\/listval.is\/#\/schema\/logo\/image\/\",\"url\":\"https:\/\/listval.is\/wp-content\/uploads\/2023\/07\/Logo-profile-40.png\",\"contentUrl\":\"https:\/\/listval.is\/wp-content\/uploads\/2023\/07\/Logo-profile-40.png\",\"width\":2250,\"height\":2250,\"caption\":\"Listval\"},\"image\":{\"@id\":\"https:\/\/listval.is\/#\/schema\/logo\/image\/\"},\"sameAs\":[\"https:\/\/www.facebook.com\/listval\",\"https:\/\/www.instagram.com\/listval_\/\",\"https:\/\/www.linkedin.com\/company\/listval\/\",\"https:\/\/www.youtube.com\/channel\/UCm0wWRjGyr-dEJrH08-7z6Q\",\"https:\/\/www.pinterest.com\/listval_\/\"]}]}<\/script>\n<!-- \/ Yoast SEO plugin. -->","yoast_head_json":{"title":"\u00c1n titils | LISTVAL","robots":{"index":"index","follow":"follow","max-snippet":"max-snippet:-1","max-image-preview":"max-image-preview:large","max-video-preview":"max-video-preview:-1"},"canonical":"https:\/\/listval.is\/en\/artwork\/an-titils-129\/","og_locale":"en_US","og_type":"article","og_title":"\u00c1n titils | LISTVAL","og_description":"Steingr\u00edmur Gauti Ing\u00f3lfsson (f. 1986) lauk BA-gr\u00e1\u00f0u \u00ed myndlist fr\u00e1 Listah\u00e1sk\u00f3la \u00cdslands 2015 og hefur veri\u00f0 virkur \u00e1 listasvi\u00f0inu s\u00ed\u00f0an. Hann hefur teki\u00f0 \u00fe\u00e1tt \u00ed sams\u00fdningum \u00e1 \u00cdslandi og erlendis og haldi\u00f0 nokkrar einkas\u00fdningar, \u00fear \u00e1 me\u00f0al s\u00fdninguna \u201eChop Wood, Carry Water,\u201c \u00ed Marguo-galler\u00edinu \u00ed Par\u00eds. Verk Gauta m\u00e1 finna \u00ed opinberum s\u00f6fnum og \u00ed [&hellip;]","og_url":"https:\/\/listval.is\/en\/artwork\/an-titils-129\/","og_site_name":"LISTVAL","article_publisher":"https:\/\/www.facebook.com\/listval","article_modified_time":"2025-01-08T12:28:25+00:00","og_image":[{"width":1794,"height":2560,"url":"https:\/\/listval.is\/wp-content\/uploads\/2024\/03\/Steingrimur-Gauti--scaled.jpg","type":"image\/jpeg"}],"twitter_card":"summary_large_image","twitter_misc":{"Est. reading time":"1 minute"},"schema":{"@context":"https:\/\/schema.org","@graph":[{"@type":["WebPage","ItemPage"],"@id":"https:\/\/listval.is\/artwork\/an-titils-129\/","url":"https:\/\/listval.is\/artwork\/an-titils-129\/","name":"\u00c1n titils | LISTVAL","isPartOf":{"@id":"https:\/\/listval.is\/#website"},"primaryImageOfPage":{"@id":"https:\/\/listval.is\/artwork\/an-titils-129\/#primaryimage"},"image":{"@id":"https:\/\/listval.is\/artwork\/an-titils-129\/#primaryimage"},"thumbnailUrl":"https:\/\/listval.is\/wp-content\/uploads\/2024\/03\/Steingrimur-Gauti--scaled.jpg","datePublished":"2024-03-14T22:01:41+00:00","dateModified":"2025-01-08T12:28:25+00:00","breadcrumb":{"@id":"https:\/\/listval.is\/artwork\/an-titils-129\/#breadcrumb"},"inLanguage":"en-US","potentialAction":[{"@type":"ReadAction","target":["https:\/\/listval.is\/artwork\/an-titils-129\/"]}]},{"@type":"ImageObject","inLanguage":"en-US","@id":"https:\/\/listval.is\/artwork\/an-titils-129\/#primaryimage","url":"https:\/\/listval.is\/wp-content\/uploads\/2024\/03\/Steingrimur-Gauti--scaled.jpg","contentUrl":"https:\/\/listval.is\/wp-content\/uploads\/2024\/03\/Steingrimur-Gauti--scaled.jpg","width":1794,"height":2560},{"@type":"BreadcrumbList","@id":"https:\/\/listval.is\/artwork\/an-titils-129\/#breadcrumb","itemListElement":[{"@type":"ListItem","position":1,"name":"Home","item":"https:\/\/listval.is\/"},{"@type":"ListItem","position":2,"name":"Shop","item":"https:\/\/listval.is\/shop\/"},{"@type":"ListItem","position":3,"name":"\u00c1n titils"}]},{"@type":"WebSite","@id":"https:\/\/listval.is\/#website","url":"https:\/\/listval.is\/","name":"LISTVAL GALLERY","description":"Art Gallery based in Reykjav\u00edk, Iceland","publisher":{"@id":"https:\/\/listval.is\/#organization"},"potentialAction":[{"@type":"SearchAction","target":{"@type":"EntryPoint","urlTemplate":"https:\/\/listval.is\/?s={search_term_string}"},"query-input":{"@type":"PropertyValueSpecification","valueRequired":true,"valueName":"search_term_string"}}],"inLanguage":"en-US"},{"@type":"Organization","@id":"https:\/\/listval.is\/#organization","name":"Listval","url":"https:\/\/listval.is\/","logo":{"@type":"ImageObject","inLanguage":"en-US","@id":"https:\/\/listval.is\/#\/schema\/logo\/image\/","url":"https:\/\/listval.is\/wp-content\/uploads\/2023\/07\/Logo-profile-40.png","contentUrl":"https:\/\/listval.is\/wp-content\/uploads\/2023\/07\/Logo-profile-40.png","width":2250,"height":2250,"caption":"Listval"},"image":{"@id":"https:\/\/listval.is\/#\/schema\/logo\/image\/"},"sameAs":["https:\/\/www.facebook.com\/listval","https:\/\/www.instagram.com\/listval_\/","https:\/\/www.linkedin.com\/company\/listval\/","https:\/\/www.youtube.com\/channel\/UCm0wWRjGyr-dEJrH08-7z6Q","https:\/\/www.pinterest.com\/listval_\/"]}]}},"_links":{"self":[{"href":"http:\/\/listval.is\/en\/wp-json\/wp\/v2\/product\/18401","targetHints":{"allow":["GET"]}}],"collection":[{"href":"http:\/\/listval.is\/en\/wp-json\/wp\/v2\/product"}],"about":[{"href":"http:\/\/listval.is\/en\/wp-json\/wp\/v2\/types\/product"}],"version-history":[{"count":0,"href":"http:\/\/listval.is\/en\/wp-json\/wp\/v2\/product\/18401\/revisions"}],"wp:featuredmedia":[{"embeddable":true,"href":"http:\/\/listval.is\/en\/wp-json\/wp\/v2\/media\/18404"}],"wp:attachment":[{"href":"http:\/\/listval.is\/en\/wp-json\/wp\/v2\/media?parent=18401"}],"wp:term":[{"taxonomy":"product_brand","embeddable":true,"href":"http:\/\/listval.is\/en\/wp-json\/wp\/v2\/product_brand?post=18401"},{"taxonomy":"product_cat","embeddable":true,"href":"http:\/\/listval.is\/en\/wp-json\/wp\/v2\/product_cat?post=18401"},{"taxonomy":"product_tag","embeddable":true,"href":"http:\/\/listval.is\/en\/wp-json\/wp\/v2\/product_tag?post=18401"}],"curies":[{"name":"wp","href":"https:\/\/api.w.org\/{rel}","templated":true}]}}