{"id":17031,"date":"2023-11-01T14:29:57","date_gmt":"2023-11-01T14:29:57","guid":{"rendered":"https:\/\/listval.is\/?post_type=product&#038;p=17031"},"modified":"2025-10-19T21:45:07","modified_gmt":"2025-10-19T21:45:07","slug":"ap-1","status":"publish","type":"product","link":"http:\/\/listval.is\/en\/artwork\/ap-1\/","title":{"rendered":"AP 1"},"content":{"rendered":"<p data-pm-slice=\"1 1 []\">Verki\u00f0 er af s\u00fdningunni Skilabo\u00f0 a\u00f0 handan, einkas\u00fdningu Gj\u00f6rningakl\u00fabbsins: Eir\u00fanar Sigur\u00f0ard\u00f3ttur og J\u00f3n\u00edar J\u00f3nsd\u00f3ttur, \u00ed Gallery Port, Reykjav\u00edk.<\/p>\n<p>S\u00fdningin hverf\u00f0ist um uppt\u00f6ku \u00e1 mi\u00f0ilsfundi sem Gj\u00f6rningakl\u00fabburinn \u00e1tti vi\u00f0 \u00c1sgr\u00edm J\u00f3nsson (1876\u20131958) listm\u00e1lara \u00e1ri\u00f0 2019. Gj\u00f6rningakl\u00fabburinn hefur allar g\u00f6tur s\u00ed\u00f0an fundi\u00f0 sig kn\u00fainn til a\u00f0 koma skilabo\u00f0um hins framli\u00f0na frumkv\u00f6\u00f0uls \u00edslenskrar myndlistar \u00e1 framf\u00e6ri, enda eiga \u00feau fullt erindi vi\u00f0 samt\u00edmann.<\/p>\n<p>Mi\u00f0ilsfundurinn f\u00f3r fram \u00e1 fyrrum heimili \u00c1sgr\u00edms a\u00f0 Bergsta\u00f0astr\u00e6ti 74, sem hluti af undirb\u00faningi fyrir einkas\u00fdningu Gj\u00f6rningakl\u00fabbsins Vatn og bl\u00f3\u00f0, sem fram f\u00f3r \u00e1 Listasafni \u00cdslands \u00e1ri\u00f0 2019 og var unnin \u00fat fr\u00e1 \u00c1sgr\u00edmi og list hans.<\/p>\n<p>Vi\u00f0 undirb\u00faning s\u00fdningarinnar vildi Gj\u00f6rningakl\u00fabburinn forvitnast um hvort mi\u00f0illinn myndi skynja eitthva\u00f0 n\u00fdtt \u00ed tengslum vi\u00f0 \u00c1sgr\u00edm \u2013 eitthva\u00f0 sem ekki stendur \u00ed listas\u00f6gub\u00f3kum \u2013 en bjuggust ekki vi\u00f0 a\u00f0 andi \u00c1sgr\u00edms sj\u00e1lfs, sko\u00f0anir hans og vi\u00f0horf, myndu koma svona sterkt fram.<\/p>\n<p>\u00c1 s\u00fdningunni hlj\u00f3ma\u00f0i mi\u00f0ilsfundurinn af v\u00ednylpl\u00f6tu sem gefin var \u00fat \u00ed 30 platna upplagi \u00e1samt n\u00fdjum vatnslitaverkum sem Gj\u00f6rningakl\u00fabburinn vann fyrir hvert eintak af pl\u00f6tunni. Hverri pl\u00f6tu fylgdi textab\u00f3k me\u00f0 skr\u00e1setningu fundarins \u00e1 \u00edslensku og ensku.<\/p>","protected":false},"excerpt":{"rendered":"<p>Verki\u00f0 er af s\u00fdningunni Skilabo\u00f0 a\u00f0 handan, einkas\u00fdningu Gj\u00f6rningakl\u00fabbsins: Eir\u00fanar Sigur\u00f0ard\u00f3ttur og J\u00f3n\u00edar J\u00f3nsd\u00f3ttur, \u00ed Gallery Port, Reykjav\u00edk. S\u00fdningin hverf\u00f0ist um uppt\u00f6ku \u00e1 mi\u00f0ilsfundi sem Gj\u00f6rningakl\u00fabburinn \u00e1tti vi\u00f0 \u00c1sgr\u00edm J\u00f3nsson (1876\u20131958) listm\u00e1lara \u00e1ri\u00f0 2019. Gj\u00f6rningakl\u00fabburinn hefur allar g\u00f6tur s\u00ed\u00f0an fundi\u00f0 sig kn\u00fainn til a\u00f0 koma skilabo\u00f0um hins framli\u00f0na frumkv\u00f6\u00f0uls \u00edslenskrar myndlistar \u00e1 framf\u00e6ri, enda eiga [&hellip;]<\/p>\n","protected":false},"featured_media":17033,"template":"","meta":{"site-sidebar-layout":"default","site-content-layout":"default","ast-site-content-layout":"default","site-content-style":"default","site-sidebar-style":"default","ast-global-header-display":"","ast-banner-title-visibility":"","ast-main-header-display":"","ast-hfb-above-header-display":"","ast-hfb-below-header-display":"","ast-hfb-mobile-header-display":"","site-post-title":"","ast-breadcrumbs-content":"","ast-featured-img":"","footer-sml-layout":"","theme-transparent-header-meta":"default","adv-header-id-meta":"","stick-header-meta":"","header-above-stick-meta":"","header-main-stick-meta":"","header-below-stick-meta":"","astra-migrate-meta-layouts":"set","ast-page-background-enabled":"default","ast-page-background-meta":{"desktop":{"background-color":"var(--ast-global-color-4)","background-image":"","background-repeat":"repeat","background-position":"center center","background-size":"auto","background-attachment":"scroll","background-type":"","background-media":"","overlay-type":"","overlay-color":"","overlay-opacity":"","overlay-gradient":""},"tablet":{"background-color":"","background-image":"","background-repeat":"repeat","background-position":"center center","background-size":"auto","background-attachment":"scroll","background-type":"","background-media":"","overlay-type":"","overlay-color":"","overlay-opacity":"","overlay-gradient":""},"mobile":{"background-color":"","background-image":"","background-repeat":"repeat","background-position":"center center","background-size":"auto","background-attachment":"scroll","background-type":"","background-media":"","overlay-type":"","overlay-color":"","overlay-opacity":"","overlay-gradient":""}},"ast-content-background-meta":{"desktop":{"background-color":"var(--ast-global-color-5)","background-image":"","background-repeat":"repeat","background-position":"center center","background-size":"auto","background-attachment":"scroll","background-type":"","background-media":"","overlay-type":"","overlay-color":"","overlay-opacity":"","overlay-gradient":""},"tablet":{"background-color":"var(--ast-global-color-5)","background-image":"","background-repeat":"repeat","background-position":"center center","background-size":"auto","background-attachment":"scroll","background-type":"","background-media":"","overlay-type":"","overlay-color":"","overlay-opacity":"","overlay-gradient":""},"mobile":{"background-color":"var(--ast-global-color-5)","background-image":"","background-repeat":"repeat","background-position":"center center","background-size":"auto","background-attachment":"scroll","background-type":"","background-media":"","overlay-type":"","overlay-color":"","overlay-opacity":"","overlay-gradient":""}}},"product_brand":[368],"product_cat":[15],"product_tag":[460],"class_list":{"0":"post-17031","1":"product","2":"type-product","3":"status-publish","4":"has-post-thumbnail","6":"product_brand-gjorningaklubburinn-the-icelandic-love-corporation","7":"product_cat-uncategorized","8":"product_tag-gjorningaklubburinn","9":"product_shipping_class-litil-verk","10":"desktop-align-left","11":"tablet-align-left","12":"mobile-align-left","14":"first","15":"instock","16":"taxable","17":"shipping-taxable","18":"purchasable","19":"product-type-simple"},"yoast_head":"<!-- This site is optimized with the Yoast SEO plugin v26.9 - https:\/\/yoast.com\/product\/yoast-seo-wordpress\/ -->\n<title>AP 1 | LISTVAL<\/title>\n<meta name=\"robots\" content=\"index, follow, max-snippet:-1, max-image-preview:large, max-video-preview:-1\" \/>\n<link rel=\"canonical\" href=\"https:\/\/listval.is\/en\/artwork\/ap-1\/\" \/>\n<meta property=\"og:locale\" content=\"en_US\" \/>\n<meta property=\"og:type\" content=\"article\" \/>\n<meta property=\"og:title\" content=\"AP 1 | LISTVAL\" \/>\n<meta property=\"og:description\" content=\"Verki\u00f0 er af s\u00fdningunni Skilabo\u00f0 a\u00f0 handan, einkas\u00fdningu Gj\u00f6rningakl\u00fabbsins: Eir\u00fanar Sigur\u00f0ard\u00f3ttur og J\u00f3n\u00edar J\u00f3nsd\u00f3ttur, \u00ed Gallery Port, Reykjav\u00edk. S\u00fdningin hverf\u00f0ist um uppt\u00f6ku \u00e1 mi\u00f0ilsfundi sem Gj\u00f6rningakl\u00fabburinn \u00e1tti vi\u00f0 \u00c1sgr\u00edm J\u00f3nsson (1876\u20131958) listm\u00e1lara \u00e1ri\u00f0 2019. Gj\u00f6rningakl\u00fabburinn hefur allar g\u00f6tur s\u00ed\u00f0an fundi\u00f0 sig kn\u00fainn til a\u00f0 koma skilabo\u00f0um hins framli\u00f0na frumkv\u00f6\u00f0uls \u00edslenskrar myndlistar \u00e1 framf\u00e6ri, enda eiga [&hellip;]\" \/>\n<meta property=\"og:url\" content=\"https:\/\/listval.is\/en\/artwork\/ap-1\/\" \/>\n<meta property=\"og:site_name\" content=\"LISTVAL\" \/>\n<meta property=\"article:publisher\" content=\"https:\/\/www.facebook.com\/listval\" \/>\n<meta property=\"article:modified_time\" content=\"2025-10-19T21:45:07+00:00\" \/>\n<meta property=\"og:image\" content=\"https:\/\/listval.is\/wp-content\/uploads\/2023\/11\/IMG_4109.jpg\" \/>\n\t<meta property=\"og:image:width\" content=\"1500\" \/>\n\t<meta property=\"og:image:height\" content=\"1130\" \/>\n\t<meta property=\"og:image:type\" content=\"image\/jpeg\" \/>\n<meta name=\"twitter:card\" content=\"summary_large_image\" \/>\n<meta name=\"twitter:label1\" content=\"Est. reading time\" \/>\n\t<meta name=\"twitter:data1\" content=\"1 minute\" \/>\n<script type=\"application\/ld+json\" class=\"yoast-schema-graph\">{\"@context\":\"https:\/\/schema.org\",\"@graph\":[{\"@type\":[\"WebPage\",\"ItemPage\"],\"@id\":\"https:\/\/listval.is\/artwork\/ap-1\/\",\"url\":\"https:\/\/listval.is\/artwork\/ap-1\/\",\"name\":\"AP 1 | LISTVAL\",\"isPartOf\":{\"@id\":\"https:\/\/listval.is\/#website\"},\"primaryImageOfPage\":{\"@id\":\"https:\/\/listval.is\/artwork\/ap-1\/#primaryimage\"},\"image\":{\"@id\":\"https:\/\/listval.is\/artwork\/ap-1\/#primaryimage\"},\"thumbnailUrl\":\"https:\/\/listval.is\/wp-content\/uploads\/2023\/11\/IMG_4109.jpg\",\"datePublished\":\"2023-11-01T14:29:57+00:00\",\"dateModified\":\"2025-10-19T21:45:07+00:00\",\"breadcrumb\":{\"@id\":\"https:\/\/listval.is\/artwork\/ap-1\/#breadcrumb\"},\"inLanguage\":\"en-US\",\"potentialAction\":[{\"@type\":\"ReadAction\",\"target\":[\"https:\/\/listval.is\/artwork\/ap-1\/\"]}]},{\"@type\":\"ImageObject\",\"inLanguage\":\"en-US\",\"@id\":\"https:\/\/listval.is\/artwork\/ap-1\/#primaryimage\",\"url\":\"https:\/\/listval.is\/wp-content\/uploads\/2023\/11\/IMG_4109.jpg\",\"contentUrl\":\"https:\/\/listval.is\/wp-content\/uploads\/2023\/11\/IMG_4109.jpg\",\"width\":1500,\"height\":1130},{\"@type\":\"BreadcrumbList\",\"@id\":\"https:\/\/listval.is\/artwork\/ap-1\/#breadcrumb\",\"itemListElement\":[{\"@type\":\"ListItem\",\"position\":1,\"name\":\"Home\",\"item\":\"https:\/\/listval.is\/\"},{\"@type\":\"ListItem\",\"position\":2,\"name\":\"Shop\",\"item\":\"https:\/\/listval.is\/shop\/\"},{\"@type\":\"ListItem\",\"position\":3,\"name\":\"AP 1\"}]},{\"@type\":\"WebSite\",\"@id\":\"https:\/\/listval.is\/#website\",\"url\":\"https:\/\/listval.is\/\",\"name\":\"LISTVAL GALLERY\",\"description\":\"Art Gallery based in Reykjav\u00edk, Iceland\",\"publisher\":{\"@id\":\"https:\/\/listval.is\/#organization\"},\"potentialAction\":[{\"@type\":\"SearchAction\",\"target\":{\"@type\":\"EntryPoint\",\"urlTemplate\":\"https:\/\/listval.is\/?s={search_term_string}\"},\"query-input\":{\"@type\":\"PropertyValueSpecification\",\"valueRequired\":true,\"valueName\":\"search_term_string\"}}],\"inLanguage\":\"en-US\"},{\"@type\":\"Organization\",\"@id\":\"https:\/\/listval.is\/#organization\",\"name\":\"Listval\",\"url\":\"https:\/\/listval.is\/\",\"logo\":{\"@type\":\"ImageObject\",\"inLanguage\":\"en-US\",\"@id\":\"https:\/\/listval.is\/#\/schema\/logo\/image\/\",\"url\":\"https:\/\/listval.is\/wp-content\/uploads\/2023\/07\/Logo-profile-40.png\",\"contentUrl\":\"https:\/\/listval.is\/wp-content\/uploads\/2023\/07\/Logo-profile-40.png\",\"width\":2250,\"height\":2250,\"caption\":\"Listval\"},\"image\":{\"@id\":\"https:\/\/listval.is\/#\/schema\/logo\/image\/\"},\"sameAs\":[\"https:\/\/www.facebook.com\/listval\",\"https:\/\/www.instagram.com\/listval_\/\",\"https:\/\/www.linkedin.com\/company\/listval\/\",\"https:\/\/www.youtube.com\/channel\/UCm0wWRjGyr-dEJrH08-7z6Q\",\"https:\/\/www.pinterest.com\/listval_\/\"]}]}<\/script>\n<!-- \/ Yoast SEO plugin. -->","yoast_head_json":{"title":"AP 1 | LISTVAL","robots":{"index":"index","follow":"follow","max-snippet":"max-snippet:-1","max-image-preview":"max-image-preview:large","max-video-preview":"max-video-preview:-1"},"canonical":"https:\/\/listval.is\/en\/artwork\/ap-1\/","og_locale":"en_US","og_type":"article","og_title":"AP 1 | LISTVAL","og_description":"Verki\u00f0 er af s\u00fdningunni Skilabo\u00f0 a\u00f0 handan, einkas\u00fdningu Gj\u00f6rningakl\u00fabbsins: Eir\u00fanar Sigur\u00f0ard\u00f3ttur og J\u00f3n\u00edar J\u00f3nsd\u00f3ttur, \u00ed Gallery Port, Reykjav\u00edk. S\u00fdningin hverf\u00f0ist um uppt\u00f6ku \u00e1 mi\u00f0ilsfundi sem Gj\u00f6rningakl\u00fabburinn \u00e1tti vi\u00f0 \u00c1sgr\u00edm J\u00f3nsson (1876\u20131958) listm\u00e1lara \u00e1ri\u00f0 2019. Gj\u00f6rningakl\u00fabburinn hefur allar g\u00f6tur s\u00ed\u00f0an fundi\u00f0 sig kn\u00fainn til a\u00f0 koma skilabo\u00f0um hins framli\u00f0na frumkv\u00f6\u00f0uls \u00edslenskrar myndlistar \u00e1 framf\u00e6ri, enda eiga [&hellip;]","og_url":"https:\/\/listval.is\/en\/artwork\/ap-1\/","og_site_name":"LISTVAL","article_publisher":"https:\/\/www.facebook.com\/listval","article_modified_time":"2025-10-19T21:45:07+00:00","og_image":[{"width":1500,"height":1130,"url":"https:\/\/listval.is\/wp-content\/uploads\/2023\/11\/IMG_4109.jpg","type":"image\/jpeg"}],"twitter_card":"summary_large_image","twitter_misc":{"Est. reading time":"1 minute"},"schema":{"@context":"https:\/\/schema.org","@graph":[{"@type":["WebPage","ItemPage"],"@id":"https:\/\/listval.is\/artwork\/ap-1\/","url":"https:\/\/listval.is\/artwork\/ap-1\/","name":"AP 1 | LISTVAL","isPartOf":{"@id":"https:\/\/listval.is\/#website"},"primaryImageOfPage":{"@id":"https:\/\/listval.is\/artwork\/ap-1\/#primaryimage"},"image":{"@id":"https:\/\/listval.is\/artwork\/ap-1\/#primaryimage"},"thumbnailUrl":"https:\/\/listval.is\/wp-content\/uploads\/2023\/11\/IMG_4109.jpg","datePublished":"2023-11-01T14:29:57+00:00","dateModified":"2025-10-19T21:45:07+00:00","breadcrumb":{"@id":"https:\/\/listval.is\/artwork\/ap-1\/#breadcrumb"},"inLanguage":"en-US","potentialAction":[{"@type":"ReadAction","target":["https:\/\/listval.is\/artwork\/ap-1\/"]}]},{"@type":"ImageObject","inLanguage":"en-US","@id":"https:\/\/listval.is\/artwork\/ap-1\/#primaryimage","url":"https:\/\/listval.is\/wp-content\/uploads\/2023\/11\/IMG_4109.jpg","contentUrl":"https:\/\/listval.is\/wp-content\/uploads\/2023\/11\/IMG_4109.jpg","width":1500,"height":1130},{"@type":"BreadcrumbList","@id":"https:\/\/listval.is\/artwork\/ap-1\/#breadcrumb","itemListElement":[{"@type":"ListItem","position":1,"name":"Home","item":"https:\/\/listval.is\/"},{"@type":"ListItem","position":2,"name":"Shop","item":"https:\/\/listval.is\/shop\/"},{"@type":"ListItem","position":3,"name":"AP 1"}]},{"@type":"WebSite","@id":"https:\/\/listval.is\/#website","url":"https:\/\/listval.is\/","name":"LISTVAL GALLERY","description":"Art Gallery based in Reykjav\u00edk, Iceland","publisher":{"@id":"https:\/\/listval.is\/#organization"},"potentialAction":[{"@type":"SearchAction","target":{"@type":"EntryPoint","urlTemplate":"https:\/\/listval.is\/?s={search_term_string}"},"query-input":{"@type":"PropertyValueSpecification","valueRequired":true,"valueName":"search_term_string"}}],"inLanguage":"en-US"},{"@type":"Organization","@id":"https:\/\/listval.is\/#organization","name":"Listval","url":"https:\/\/listval.is\/","logo":{"@type":"ImageObject","inLanguage":"en-US","@id":"https:\/\/listval.is\/#\/schema\/logo\/image\/","url":"https:\/\/listval.is\/wp-content\/uploads\/2023\/07\/Logo-profile-40.png","contentUrl":"https:\/\/listval.is\/wp-content\/uploads\/2023\/07\/Logo-profile-40.png","width":2250,"height":2250,"caption":"Listval"},"image":{"@id":"https:\/\/listval.is\/#\/schema\/logo\/image\/"},"sameAs":["https:\/\/www.facebook.com\/listval","https:\/\/www.instagram.com\/listval_\/","https:\/\/www.linkedin.com\/company\/listval\/","https:\/\/www.youtube.com\/channel\/UCm0wWRjGyr-dEJrH08-7z6Q","https:\/\/www.pinterest.com\/listval_\/"]}]}},"_links":{"self":[{"href":"http:\/\/listval.is\/en\/wp-json\/wp\/v2\/product\/17031","targetHints":{"allow":["GET"]}}],"collection":[{"href":"http:\/\/listval.is\/en\/wp-json\/wp\/v2\/product"}],"about":[{"href":"http:\/\/listval.is\/en\/wp-json\/wp\/v2\/types\/product"}],"version-history":[{"count":3,"href":"http:\/\/listval.is\/en\/wp-json\/wp\/v2\/product\/17031\/revisions"}],"predecessor-version":[{"id":24017,"href":"http:\/\/listval.is\/en\/wp-json\/wp\/v2\/product\/17031\/revisions\/24017"}],"wp:featuredmedia":[{"embeddable":true,"href":"http:\/\/listval.is\/en\/wp-json\/wp\/v2\/media\/17033"}],"wp:attachment":[{"href":"http:\/\/listval.is\/en\/wp-json\/wp\/v2\/media?parent=17031"}],"wp:term":[{"taxonomy":"product_brand","embeddable":true,"href":"http:\/\/listval.is\/en\/wp-json\/wp\/v2\/product_brand?post=17031"},{"taxonomy":"product_cat","embeddable":true,"href":"http:\/\/listval.is\/en\/wp-json\/wp\/v2\/product_cat?post=17031"},{"taxonomy":"product_tag","embeddable":true,"href":"http:\/\/listval.is\/en\/wp-json\/wp\/v2\/product_tag?post=17031"}],"curies":[{"name":"wp","href":"https:\/\/api.w.org\/{rel}","templated":true}]}}