{"id":16354,"date":"2023-10-06T15:54:15","date_gmt":"2023-10-06T15:54:15","guid":{"rendered":"https:\/\/listval.is\/?post_type=product&#038;p=16354"},"modified":"2025-01-08T13:01:15","modified_gmt":"2025-01-08T13:01:15","slug":"falki-xx","status":"publish","type":"product","link":"http:\/\/listval.is\/en\/artwork\/falki-xx\/","title":{"rendered":"F\u00e1lki XX"},"content":{"rendered":"<p>Ragnhildur \u00de\u00f3ra \u00c1g\u00fastsd\u00f3ttir (f. 1976) er f\u00e6dd og uppalin \u00ed Stykkish\u00f3lmi en b\u00fdr n\u00fa og starfar \u00e1 Seltjarnarnesi. H\u00fan \u00fatskrifa\u00f0ist fr\u00e1 Roger Williams University \u00ed Bandar\u00edkjunum \u00e1ri\u00f0 2002. Verk Ragnhildar eru eintaklega n\u00e1kv\u00e6m og f\u00ednleg en v\u00f0fangsefni hennar eru n\u00e1tt\u00farumyndir \u00fear sem \u00edslenskir fuglar eru \u00ed lykilhlutverki.<\/p>","protected":false},"excerpt":{"rendered":"<p>Ragnhildur \u00de\u00f3ra \u00c1g\u00fastsd\u00f3ttir (f. 1976) er f\u00e6dd og uppalin \u00ed Stykkish\u00f3lmi en b\u00fdr n\u00fa og starfar \u00e1 Seltjarnarnesi. H\u00fan \u00fatskrifa\u00f0ist fr\u00e1 Roger Williams University \u00ed Bandar\u00edkjunum \u00e1ri\u00f0 2002. Verk Ragnhildar eru eintaklega n\u00e1kv\u00e6m og f\u00ednleg en v\u00f0fangsefni hennar eru n\u00e1tt\u00farumyndir \u00fear sem \u00edslenskir fuglar eru \u00ed lykilhlutverki.<\/p>","protected":false},"featured_media":16458,"template":"","meta":{"site-sidebar-layout":"default","site-content-layout":"","ast-site-content-layout":"default","site-content-style":"default","site-sidebar-style":"default","ast-global-header-display":"","ast-banner-title-visibility":"","ast-main-header-display":"","ast-hfb-above-header-display":"","ast-hfb-below-header-display":"","ast-hfb-mobile-header-display":"","site-post-title":"","ast-breadcrumbs-content":"","ast-featured-img":"","footer-sml-layout":"","theme-transparent-header-meta":"","adv-header-id-meta":"","stick-header-meta":"","header-above-stick-meta":"","header-main-stick-meta":"","header-below-stick-meta":"","astra-migrate-meta-layouts":"default","ast-page-background-enabled":"default","ast-page-background-meta":{"desktop":{"background-color":"var(--ast-global-color-4)","background-image":"","background-repeat":"repeat","background-position":"center center","background-size":"auto","background-attachment":"scroll","background-type":"","background-media":"","overlay-type":"","overlay-color":"","overlay-opacity":"","overlay-gradient":""},"tablet":{"background-color":"","background-image":"","background-repeat":"repeat","background-position":"center center","background-size":"auto","background-attachment":"scroll","background-type":"","background-media":"","overlay-type":"","overlay-color":"","overlay-opacity":"","overlay-gradient":""},"mobile":{"background-color":"","background-image":"","background-repeat":"repeat","background-position":"center center","background-size":"auto","background-attachment":"scroll","background-type":"","background-media":"","overlay-type":"","overlay-color":"","overlay-opacity":"","overlay-gradient":""}},"ast-content-background-meta":{"desktop":{"background-color":"var(--ast-global-color-5)","background-image":"","background-repeat":"repeat","background-position":"center center","background-size":"auto","background-attachment":"scroll","background-type":"","background-media":"","overlay-type":"","overlay-color":"","overlay-opacity":"","overlay-gradient":""},"tablet":{"background-color":"var(--ast-global-color-5)","background-image":"","background-repeat":"repeat","background-position":"center center","background-size":"auto","background-attachment":"scroll","background-type":"","background-media":"","overlay-type":"","overlay-color":"","overlay-opacity":"","overlay-gradient":""},"mobile":{"background-color":"var(--ast-global-color-5)","background-image":"","background-repeat":"repeat","background-position":"center center","background-size":"auto","background-attachment":"scroll","background-type":"","background-media":"","overlay-type":"","overlay-color":"","overlay-opacity":"","overlay-gradient":""}}},"product_brand":[342],"product_cat":[184],"product_tag":[],"class_list":{"0":"post-16354","1":"product","2":"type-product","3":"status-publish","4":"has-post-thumbnail","6":"product_brand-ragnhildur-agustsdottir","7":"product_cat-einstok-verk","8":"product_shipping_class-litil-verk","9":"desktop-align-left","10":"tablet-align-left","11":"mobile-align-left","13":"first","14":"instock","15":"taxable","16":"shipping-taxable","17":"purchasable","18":"product-type-simple"},"yoast_head":"<!-- This site is optimized with the Yoast SEO plugin v26.9 - https:\/\/yoast.com\/product\/yoast-seo-wordpress\/ -->\n<title>F\u00e1lki XX | LISTVAL<\/title>\n<meta name=\"robots\" content=\"index, follow, max-snippet:-1, max-image-preview:large, max-video-preview:-1\" \/>\n<link rel=\"canonical\" href=\"https:\/\/listval.is\/en\/artwork\/falki-xx\/\" \/>\n<meta property=\"og:locale\" content=\"en_US\" \/>\n<meta property=\"og:type\" content=\"article\" \/>\n<meta property=\"og:title\" content=\"F\u00e1lki XX | LISTVAL\" \/>\n<meta property=\"og:description\" content=\"Ragnhildur \u00de\u00f3ra \u00c1g\u00fastsd\u00f3ttir (f. 1976) er f\u00e6dd og uppalin \u00ed Stykkish\u00f3lmi en b\u00fdr n\u00fa og starfar \u00e1 Seltjarnarnesi. H\u00fan \u00fatskrifa\u00f0ist fr\u00e1 Roger Williams University \u00ed Bandar\u00edkjunum \u00e1ri\u00f0 2002. Verk Ragnhildar eru eintaklega n\u00e1kv\u00e6m og f\u00ednleg en v\u00f0fangsefni hennar eru n\u00e1tt\u00farumyndir \u00fear sem \u00edslenskir fuglar eru \u00ed lykilhlutverki.\" \/>\n<meta property=\"og:url\" content=\"https:\/\/listval.is\/en\/artwork\/falki-xx\/\" \/>\n<meta property=\"og:site_name\" content=\"LISTVAL\" \/>\n<meta property=\"article:publisher\" content=\"https:\/\/www.facebook.com\/listval\" \/>\n<meta property=\"article:modified_time\" content=\"2025-01-08T13:01:15+00:00\" \/>\n<meta property=\"og:image\" content=\"https:\/\/listval.is\/wp-content\/uploads\/2023\/10\/20-scaled.jpg\" \/>\n\t<meta property=\"og:image:width\" content=\"1931\" \/>\n\t<meta property=\"og:image:height\" content=\"2560\" \/>\n\t<meta property=\"og:image:type\" content=\"image\/jpeg\" \/>\n<meta name=\"twitter:card\" content=\"summary_large_image\" \/>\n<script type=\"application\/ld+json\" class=\"yoast-schema-graph\">{\"@context\":\"https:\/\/schema.org\",\"@graph\":[{\"@type\":[\"WebPage\",\"ItemPage\"],\"@id\":\"https:\/\/listval.is\/artwork\/falki-xx\/\",\"url\":\"https:\/\/listval.is\/artwork\/falki-xx\/\",\"name\":\"F\u00e1lki XX | LISTVAL\",\"isPartOf\":{\"@id\":\"https:\/\/listval.is\/#website\"},\"primaryImageOfPage\":{\"@id\":\"https:\/\/listval.is\/artwork\/falki-xx\/#primaryimage\"},\"image\":{\"@id\":\"https:\/\/listval.is\/artwork\/falki-xx\/#primaryimage\"},\"thumbnailUrl\":\"https:\/\/listval.is\/wp-content\/uploads\/2023\/10\/20-scaled.jpg\",\"datePublished\":\"2023-10-06T15:54:15+00:00\",\"dateModified\":\"2025-01-08T13:01:15+00:00\",\"breadcrumb\":{\"@id\":\"https:\/\/listval.is\/artwork\/falki-xx\/#breadcrumb\"},\"inLanguage\":\"en-US\",\"potentialAction\":[{\"@type\":\"ReadAction\",\"target\":[\"https:\/\/listval.is\/artwork\/falki-xx\/\"]}]},{\"@type\":\"ImageObject\",\"inLanguage\":\"en-US\",\"@id\":\"https:\/\/listval.is\/artwork\/falki-xx\/#primaryimage\",\"url\":\"https:\/\/listval.is\/wp-content\/uploads\/2023\/10\/20-scaled.jpg\",\"contentUrl\":\"https:\/\/listval.is\/wp-content\/uploads\/2023\/10\/20-scaled.jpg\",\"width\":1931,\"height\":2560},{\"@type\":\"BreadcrumbList\",\"@id\":\"https:\/\/listval.is\/artwork\/falki-xx\/#breadcrumb\",\"itemListElement\":[{\"@type\":\"ListItem\",\"position\":1,\"name\":\"Home\",\"item\":\"https:\/\/listval.is\/\"},{\"@type\":\"ListItem\",\"position\":2,\"name\":\"Shop\",\"item\":\"https:\/\/listval.is\/shop\/\"},{\"@type\":\"ListItem\",\"position\":3,\"name\":\"F\u00e1lki XX\"}]},{\"@type\":\"WebSite\",\"@id\":\"https:\/\/listval.is\/#website\",\"url\":\"https:\/\/listval.is\/\",\"name\":\"LISTVAL GALLERY\",\"description\":\"Art Gallery based in Reykjav\u00edk, Iceland\",\"publisher\":{\"@id\":\"https:\/\/listval.is\/#organization\"},\"potentialAction\":[{\"@type\":\"SearchAction\",\"target\":{\"@type\":\"EntryPoint\",\"urlTemplate\":\"https:\/\/listval.is\/?s={search_term_string}\"},\"query-input\":{\"@type\":\"PropertyValueSpecification\",\"valueRequired\":true,\"valueName\":\"search_term_string\"}}],\"inLanguage\":\"en-US\"},{\"@type\":\"Organization\",\"@id\":\"https:\/\/listval.is\/#organization\",\"name\":\"Listval\",\"url\":\"https:\/\/listval.is\/\",\"logo\":{\"@type\":\"ImageObject\",\"inLanguage\":\"en-US\",\"@id\":\"https:\/\/listval.is\/#\/schema\/logo\/image\/\",\"url\":\"https:\/\/listval.is\/wp-content\/uploads\/2023\/07\/Logo-profile-40.png\",\"contentUrl\":\"https:\/\/listval.is\/wp-content\/uploads\/2023\/07\/Logo-profile-40.png\",\"width\":2250,\"height\":2250,\"caption\":\"Listval\"},\"image\":{\"@id\":\"https:\/\/listval.is\/#\/schema\/logo\/image\/\"},\"sameAs\":[\"https:\/\/www.facebook.com\/listval\",\"https:\/\/www.instagram.com\/listval_\/\",\"https:\/\/www.linkedin.com\/company\/listval\/\",\"https:\/\/www.youtube.com\/channel\/UCm0wWRjGyr-dEJrH08-7z6Q\",\"https:\/\/www.pinterest.com\/listval_\/\"]}]}<\/script>\n<!-- \/ Yoast SEO plugin. -->","yoast_head_json":{"title":"F\u00e1lki XX | LISTVAL","robots":{"index":"index","follow":"follow","max-snippet":"max-snippet:-1","max-image-preview":"max-image-preview:large","max-video-preview":"max-video-preview:-1"},"canonical":"https:\/\/listval.is\/en\/artwork\/falki-xx\/","og_locale":"en_US","og_type":"article","og_title":"F\u00e1lki XX | LISTVAL","og_description":"Ragnhildur \u00de\u00f3ra \u00c1g\u00fastsd\u00f3ttir (f. 1976) er f\u00e6dd og uppalin \u00ed Stykkish\u00f3lmi en b\u00fdr n\u00fa og starfar \u00e1 Seltjarnarnesi. H\u00fan \u00fatskrifa\u00f0ist fr\u00e1 Roger Williams University \u00ed Bandar\u00edkjunum \u00e1ri\u00f0 2002. Verk Ragnhildar eru eintaklega n\u00e1kv\u00e6m og f\u00ednleg en v\u00f0fangsefni hennar eru n\u00e1tt\u00farumyndir \u00fear sem \u00edslenskir fuglar eru \u00ed lykilhlutverki.","og_url":"https:\/\/listval.is\/en\/artwork\/falki-xx\/","og_site_name":"LISTVAL","article_publisher":"https:\/\/www.facebook.com\/listval","article_modified_time":"2025-01-08T13:01:15+00:00","og_image":[{"width":1931,"height":2560,"url":"https:\/\/listval.is\/wp-content\/uploads\/2023\/10\/20-scaled.jpg","type":"image\/jpeg"}],"twitter_card":"summary_large_image","schema":{"@context":"https:\/\/schema.org","@graph":[{"@type":["WebPage","ItemPage"],"@id":"https:\/\/listval.is\/artwork\/falki-xx\/","url":"https:\/\/listval.is\/artwork\/falki-xx\/","name":"F\u00e1lki XX | LISTVAL","isPartOf":{"@id":"https:\/\/listval.is\/#website"},"primaryImageOfPage":{"@id":"https:\/\/listval.is\/artwork\/falki-xx\/#primaryimage"},"image":{"@id":"https:\/\/listval.is\/artwork\/falki-xx\/#primaryimage"},"thumbnailUrl":"https:\/\/listval.is\/wp-content\/uploads\/2023\/10\/20-scaled.jpg","datePublished":"2023-10-06T15:54:15+00:00","dateModified":"2025-01-08T13:01:15+00:00","breadcrumb":{"@id":"https:\/\/listval.is\/artwork\/falki-xx\/#breadcrumb"},"inLanguage":"en-US","potentialAction":[{"@type":"ReadAction","target":["https:\/\/listval.is\/artwork\/falki-xx\/"]}]},{"@type":"ImageObject","inLanguage":"en-US","@id":"https:\/\/listval.is\/artwork\/falki-xx\/#primaryimage","url":"https:\/\/listval.is\/wp-content\/uploads\/2023\/10\/20-scaled.jpg","contentUrl":"https:\/\/listval.is\/wp-content\/uploads\/2023\/10\/20-scaled.jpg","width":1931,"height":2560},{"@type":"BreadcrumbList","@id":"https:\/\/listval.is\/artwork\/falki-xx\/#breadcrumb","itemListElement":[{"@type":"ListItem","position":1,"name":"Home","item":"https:\/\/listval.is\/"},{"@type":"ListItem","position":2,"name":"Shop","item":"https:\/\/listval.is\/shop\/"},{"@type":"ListItem","position":3,"name":"F\u00e1lki XX"}]},{"@type":"WebSite","@id":"https:\/\/listval.is\/#website","url":"https:\/\/listval.is\/","name":"LISTVAL GALLERY","description":"Art Gallery based in Reykjav\u00edk, Iceland","publisher":{"@id":"https:\/\/listval.is\/#organization"},"potentialAction":[{"@type":"SearchAction","target":{"@type":"EntryPoint","urlTemplate":"https:\/\/listval.is\/?s={search_term_string}"},"query-input":{"@type":"PropertyValueSpecification","valueRequired":true,"valueName":"search_term_string"}}],"inLanguage":"en-US"},{"@type":"Organization","@id":"https:\/\/listval.is\/#organization","name":"Listval","url":"https:\/\/listval.is\/","logo":{"@type":"ImageObject","inLanguage":"en-US","@id":"https:\/\/listval.is\/#\/schema\/logo\/image\/","url":"https:\/\/listval.is\/wp-content\/uploads\/2023\/07\/Logo-profile-40.png","contentUrl":"https:\/\/listval.is\/wp-content\/uploads\/2023\/07\/Logo-profile-40.png","width":2250,"height":2250,"caption":"Listval"},"image":{"@id":"https:\/\/listval.is\/#\/schema\/logo\/image\/"},"sameAs":["https:\/\/www.facebook.com\/listval","https:\/\/www.instagram.com\/listval_\/","https:\/\/www.linkedin.com\/company\/listval\/","https:\/\/www.youtube.com\/channel\/UCm0wWRjGyr-dEJrH08-7z6Q","https:\/\/www.pinterest.com\/listval_\/"]}]}},"_links":{"self":[{"href":"http:\/\/listval.is\/en\/wp-json\/wp\/v2\/product\/16354","targetHints":{"allow":["GET"]}}],"collection":[{"href":"http:\/\/listval.is\/en\/wp-json\/wp\/v2\/product"}],"about":[{"href":"http:\/\/listval.is\/en\/wp-json\/wp\/v2\/types\/product"}],"version-history":[{"count":0,"href":"http:\/\/listval.is\/en\/wp-json\/wp\/v2\/product\/16354\/revisions"}],"wp:featuredmedia":[{"embeddable":true,"href":"http:\/\/listval.is\/en\/wp-json\/wp\/v2\/media\/16458"}],"wp:attachment":[{"href":"http:\/\/listval.is\/en\/wp-json\/wp\/v2\/media?parent=16354"}],"wp:term":[{"taxonomy":"product_brand","embeddable":true,"href":"http:\/\/listval.is\/en\/wp-json\/wp\/v2\/product_brand?post=16354"},{"taxonomy":"product_cat","embeddable":true,"href":"http:\/\/listval.is\/en\/wp-json\/wp\/v2\/product_cat?post=16354"},{"taxonomy":"product_tag","embeddable":true,"href":"http:\/\/listval.is\/en\/wp-json\/wp\/v2\/product_tag?post=16354"}],"curies":[{"name":"wp","href":"https:\/\/api.w.org\/{rel}","templated":true}]}}