{"id":12231,"date":"2023-03-01T11:18:45","date_gmt":"2023-03-01T11:18:45","guid":{"rendered":"https:\/\/listval.is\/?post_type=product&#038;p=12231"},"modified":"2025-11-20T07:12:46","modified_gmt":"2025-11-20T07:12:46","slug":"amatur","status":"publish","type":"product","link":"http:\/\/listval.is\/en\/artwork\/amatur\/","title":{"rendered":"\u00c1m\u00e1tur"},"content":{"rendered":"<p>Eva Schram is an artist based in Reykjav\u00edk, Iceland. In her artwork, she combines diverse ways and methods to form a mind-making, where the visual often aligns with the verbal; resulting in photographs, performances, video art and poetry. The language is Eva\u2019s central form of expression and is fuel for all her creations. Her primary material tool for capturing expression is through analog photography and darkroom. Eva puts deep importance on the journey of the creative process, emphasizing on minimalism and simplicity.<\/p>","protected":false},"excerpt":{"rendered":"<p>Eva Schram birtir okkur lj\u00f3smyndir af \u00edslenskri n\u00e1tt\u00faru og fjallam\u00f3\u00f0unni sem gerir fj\u00f6llin fjarl\u00e6g og framandi, l\u00edkt og himinn og j\u00f6r\u00f0 renni saman \u00ed eina \u00f3r\u00e6\u00f0a heild. Verkin hafa \u00fer\u00f3ast \u00e1 fer\u00f0um hennar um \u00f6r\u00e6fi \u00cdslands og dv\u00f6l \u00ed afskekktum sveitum. Listsk\u00f6pun Evu dansar \u00e1 m\u00f6rkum lj\u00f3\u00f0s og myndlistar \u2013 \u00feau \u00fer\u00e6\u00f0a einstigi\u00f0 milli teikninga, lj\u00f3smynda og texta. Myndir hennar eru minimal\u00edskar en fullar af dul\u00fa\u00f0 og \u00f3rei\u00f0u sem leitar \u00e1 mann og dregur auga\u00f0 inn \u00ed rammann. Ma\u00f0ur finnur sterkt fyrir andr\u00famslofti n\u00e1tt\u00farunnar sem bergm\u00e1lar af myndunum \u00fat \u00ed buskann \u2013 inn \u00ed gnau\u00f0andi vindinn, lemjandi regni\u00f0 og \u00fe\u00e9tta \u00feoku og skugga sem leggjast yfir linsuna.<\/p>","protected":false},"featured_media":13089,"template":"","meta":{"site-sidebar-layout":"default","site-content-layout":"","ast-site-content-layout":"default","site-content-style":"default","site-sidebar-style":"default","ast-global-header-display":"","ast-banner-title-visibility":"","ast-main-header-display":"","ast-hfb-above-header-display":"","ast-hfb-below-header-display":"","ast-hfb-mobile-header-display":"","site-post-title":"","ast-breadcrumbs-content":"","ast-featured-img":"","footer-sml-layout":"","theme-transparent-header-meta":"","adv-header-id-meta":"","stick-header-meta":"","header-above-stick-meta":"","header-main-stick-meta":"","header-below-stick-meta":"","astra-migrate-meta-layouts":"default","ast-page-background-enabled":"default","ast-page-background-meta":{"desktop":{"background-color":"var(--ast-global-color-4)","background-image":"","background-repeat":"repeat","background-position":"center center","background-size":"auto","background-attachment":"scroll","background-type":"","background-media":"","overlay-type":"","overlay-color":"","overlay-opacity":"","overlay-gradient":""},"tablet":{"background-color":"","background-image":"","background-repeat":"repeat","background-position":"center center","background-size":"auto","background-attachment":"scroll","background-type":"","background-media":"","overlay-type":"","overlay-color":"","overlay-opacity":"","overlay-gradient":""},"mobile":{"background-color":"","background-image":"","background-repeat":"repeat","background-position":"center center","background-size":"auto","background-attachment":"scroll","background-type":"","background-media":"","overlay-type":"","overlay-color":"","overlay-opacity":"","overlay-gradient":""}},"ast-content-background-meta":{"desktop":{"background-color":"var(--ast-global-color-5)","background-image":"","background-repeat":"repeat","background-position":"center center","background-size":"auto","background-attachment":"scroll","background-type":"","background-media":"","overlay-type":"","overlay-color":"","overlay-opacity":"","overlay-gradient":""},"tablet":{"background-color":"var(--ast-global-color-5)","background-image":"","background-repeat":"repeat","background-position":"center center","background-size":"auto","background-attachment":"scroll","background-type":"","background-media":"","overlay-type":"","overlay-color":"","overlay-opacity":"","overlay-gradient":""},"mobile":{"background-color":"var(--ast-global-color-5)","background-image":"","background-repeat":"repeat","background-position":"center center","background-size":"auto","background-attachment":"scroll","background-type":"","background-media":"","overlay-type":"","overlay-color":"","overlay-opacity":"","overlay-gradient":""}}},"product_brand":[202],"product_cat":[184,591,162],"product_tag":[212],"class_list":{"0":"post-12231","1":"product","2":"type-product","3":"status-publish","4":"has-post-thumbnail","6":"product_brand-eva-schram","7":"product_cat-einstok-verk","8":"product_cat-ljosmyndaverk","9":"product_cat-norr11","10":"product_tag-eva-schram","11":"product_shipping_class-litil-verk","12":"desktop-align-left","13":"tablet-align-left","14":"mobile-align-left","16":"first","17":"outofstock","18":"taxable","19":"shipping-taxable","20":"purchasable","21":"product-type-simple"},"yoast_head":"<!-- This site is optimized with the Yoast SEO plugin v26.9 - https:\/\/yoast.com\/product\/yoast-seo-wordpress\/ -->\n<title>\u00c1m\u00e1tur | LISTVAL<\/title>\n<meta name=\"robots\" content=\"index, follow, max-snippet:-1, max-image-preview:large, max-video-preview:-1\" \/>\n<link rel=\"canonical\" href=\"https:\/\/listval.is\/en\/artwork\/amatur\/\" \/>\n<meta property=\"og:locale\" content=\"en_US\" \/>\n<meta property=\"og:type\" content=\"article\" \/>\n<meta property=\"og:title\" content=\"\u00c1m\u00e1tur | LISTVAL\" \/>\n<meta property=\"og:description\" content=\"Eva Schram birtir okkur lj\u00f3smyndir af \u00edslenskri n\u00e1tt\u00faru og fjallam\u00f3\u00f0unni sem gerir fj\u00f6llin fjarl\u00e6g og framandi, l\u00edkt og himinn og j\u00f6r\u00f0 renni saman \u00ed eina \u00f3r\u00e6\u00f0a heild. Verkin hafa \u00fer\u00f3ast \u00e1 fer\u00f0um hennar um \u00f6r\u00e6fi \u00cdslands og dv\u00f6l \u00ed afskekktum sveitum. Listsk\u00f6pun Evu dansar \u00e1 m\u00f6rkum lj\u00f3\u00f0s og myndlistar \u2013 \u00feau \u00fer\u00e6\u00f0a einstigi\u00f0 milli teikninga, lj\u00f3smynda og texta. Myndir hennar eru minimal\u00edskar en fullar af dul\u00fa\u00f0 og \u00f3rei\u00f0u sem leitar \u00e1 mann og dregur auga\u00f0 inn \u00ed rammann. Ma\u00f0ur finnur sterkt fyrir andr\u00famslofti n\u00e1tt\u00farunnar sem bergm\u00e1lar af myndunum \u00fat \u00ed buskann \u2013 inn \u00ed gnau\u00f0andi vindinn, lemjandi regni\u00f0 og \u00fe\u00e9tta \u00feoku og skugga sem leggjast yfir linsuna.\" \/>\n<meta property=\"og:url\" content=\"https:\/\/listval.is\/en\/artwork\/amatur\/\" \/>\n<meta property=\"og:site_name\" content=\"LISTVAL\" \/>\n<meta property=\"article:publisher\" content=\"https:\/\/www.facebook.com\/listval\" \/>\n<meta property=\"article:modified_time\" content=\"2025-11-20T07:12:46+00:00\" \/>\n<meta property=\"og:image\" content=\"https:\/\/listval.is\/wp-content\/uploads\/2023\/03\/Eva-Scram-Amatur.jpg\" \/>\n\t<meta property=\"og:image:width\" content=\"2072\" \/>\n\t<meta property=\"og:image:height\" content=\"2072\" \/>\n\t<meta property=\"og:image:type\" content=\"image\/jpeg\" \/>\n<meta name=\"twitter:card\" content=\"summary_large_image\" \/>\n<script type=\"application\/ld+json\" class=\"yoast-schema-graph\">{\"@context\":\"https:\/\/schema.org\",\"@graph\":[{\"@type\":[\"WebPage\",\"ItemPage\"],\"@id\":\"https:\/\/listval.is\/artwork\/amatur\/\",\"url\":\"https:\/\/listval.is\/artwork\/amatur\/\",\"name\":\"\u00c1m\u00e1tur | LISTVAL\",\"isPartOf\":{\"@id\":\"https:\/\/listval.is\/#website\"},\"primaryImageOfPage\":{\"@id\":\"https:\/\/listval.is\/artwork\/amatur\/#primaryimage\"},\"image\":{\"@id\":\"https:\/\/listval.is\/artwork\/amatur\/#primaryimage\"},\"thumbnailUrl\":\"https:\/\/listval.is\/wp-content\/uploads\/2023\/03\/Eva-Scram-Amatur.jpg\",\"datePublished\":\"2023-03-01T11:18:45+00:00\",\"dateModified\":\"2025-11-20T07:12:46+00:00\",\"breadcrumb\":{\"@id\":\"https:\/\/listval.is\/artwork\/amatur\/#breadcrumb\"},\"inLanguage\":\"en-US\",\"potentialAction\":[{\"@type\":\"ReadAction\",\"target\":[\"https:\/\/listval.is\/artwork\/amatur\/\"]}]},{\"@type\":\"ImageObject\",\"inLanguage\":\"en-US\",\"@id\":\"https:\/\/listval.is\/artwork\/amatur\/#primaryimage\",\"url\":\"https:\/\/listval.is\/wp-content\/uploads\/2023\/03\/Eva-Scram-Amatur.jpg\",\"contentUrl\":\"https:\/\/listval.is\/wp-content\/uploads\/2023\/03\/Eva-Scram-Amatur.jpg\",\"width\":2072,\"height\":2072},{\"@type\":\"BreadcrumbList\",\"@id\":\"https:\/\/listval.is\/artwork\/amatur\/#breadcrumb\",\"itemListElement\":[{\"@type\":\"ListItem\",\"position\":1,\"name\":\"Home\",\"item\":\"https:\/\/listval.is\/\"},{\"@type\":\"ListItem\",\"position\":2,\"name\":\"Shop\",\"item\":\"https:\/\/listval.is\/shop\/\"},{\"@type\":\"ListItem\",\"position\":3,\"name\":\"\u00c1m\u00e1tur\"}]},{\"@type\":\"WebSite\",\"@id\":\"https:\/\/listval.is\/#website\",\"url\":\"https:\/\/listval.is\/\",\"name\":\"LISTVAL GALLERY\",\"description\":\"Art Gallery based in Reykjav\u00edk, Iceland\",\"publisher\":{\"@id\":\"https:\/\/listval.is\/#organization\"},\"potentialAction\":[{\"@type\":\"SearchAction\",\"target\":{\"@type\":\"EntryPoint\",\"urlTemplate\":\"https:\/\/listval.is\/?s={search_term_string}\"},\"query-input\":{\"@type\":\"PropertyValueSpecification\",\"valueRequired\":true,\"valueName\":\"search_term_string\"}}],\"inLanguage\":\"en-US\"},{\"@type\":\"Organization\",\"@id\":\"https:\/\/listval.is\/#organization\",\"name\":\"Listval\",\"url\":\"https:\/\/listval.is\/\",\"logo\":{\"@type\":\"ImageObject\",\"inLanguage\":\"en-US\",\"@id\":\"https:\/\/listval.is\/#\/schema\/logo\/image\/\",\"url\":\"https:\/\/listval.is\/wp-content\/uploads\/2023\/07\/Logo-profile-40.png\",\"contentUrl\":\"https:\/\/listval.is\/wp-content\/uploads\/2023\/07\/Logo-profile-40.png\",\"width\":2250,\"height\":2250,\"caption\":\"Listval\"},\"image\":{\"@id\":\"https:\/\/listval.is\/#\/schema\/logo\/image\/\"},\"sameAs\":[\"https:\/\/www.facebook.com\/listval\",\"https:\/\/www.instagram.com\/listval_\/\",\"https:\/\/www.linkedin.com\/company\/listval\/\",\"https:\/\/www.youtube.com\/channel\/UCm0wWRjGyr-dEJrH08-7z6Q\",\"https:\/\/www.pinterest.com\/listval_\/\"]}]}<\/script>\n<!-- \/ Yoast SEO plugin. -->","yoast_head_json":{"title":"\u00c1m\u00e1tur | LISTVAL","robots":{"index":"index","follow":"follow","max-snippet":"max-snippet:-1","max-image-preview":"max-image-preview:large","max-video-preview":"max-video-preview:-1"},"canonical":"https:\/\/listval.is\/en\/artwork\/amatur\/","og_locale":"en_US","og_type":"article","og_title":"\u00c1m\u00e1tur | LISTVAL","og_description":"Eva Schram birtir okkur lj\u00f3smyndir af \u00edslenskri n\u00e1tt\u00faru og fjallam\u00f3\u00f0unni sem gerir fj\u00f6llin fjarl\u00e6g og framandi, l\u00edkt og himinn og j\u00f6r\u00f0 renni saman \u00ed eina \u00f3r\u00e6\u00f0a heild. Verkin hafa \u00fer\u00f3ast \u00e1 fer\u00f0um hennar um \u00f6r\u00e6fi \u00cdslands og dv\u00f6l \u00ed afskekktum sveitum. Listsk\u00f6pun Evu dansar \u00e1 m\u00f6rkum lj\u00f3\u00f0s og myndlistar \u2013 \u00feau \u00fer\u00e6\u00f0a einstigi\u00f0 milli teikninga, lj\u00f3smynda og texta. Myndir hennar eru minimal\u00edskar en fullar af dul\u00fa\u00f0 og \u00f3rei\u00f0u sem leitar \u00e1 mann og dregur auga\u00f0 inn \u00ed rammann. Ma\u00f0ur finnur sterkt fyrir andr\u00famslofti n\u00e1tt\u00farunnar sem bergm\u00e1lar af myndunum \u00fat \u00ed buskann \u2013 inn \u00ed gnau\u00f0andi vindinn, lemjandi regni\u00f0 og \u00fe\u00e9tta \u00feoku og skugga sem leggjast yfir linsuna.","og_url":"https:\/\/listval.is\/en\/artwork\/amatur\/","og_site_name":"LISTVAL","article_publisher":"https:\/\/www.facebook.com\/listval","article_modified_time":"2025-11-20T07:12:46+00:00","og_image":[{"width":2072,"height":2072,"url":"https:\/\/listval.is\/wp-content\/uploads\/2023\/03\/Eva-Scram-Amatur.jpg","type":"image\/jpeg"}],"twitter_card":"summary_large_image","schema":{"@context":"https:\/\/schema.org","@graph":[{"@type":["WebPage","ItemPage"],"@id":"https:\/\/listval.is\/artwork\/amatur\/","url":"https:\/\/listval.is\/artwork\/amatur\/","name":"\u00c1m\u00e1tur | LISTVAL","isPartOf":{"@id":"https:\/\/listval.is\/#website"},"primaryImageOfPage":{"@id":"https:\/\/listval.is\/artwork\/amatur\/#primaryimage"},"image":{"@id":"https:\/\/listval.is\/artwork\/amatur\/#primaryimage"},"thumbnailUrl":"https:\/\/listval.is\/wp-content\/uploads\/2023\/03\/Eva-Scram-Amatur.jpg","datePublished":"2023-03-01T11:18:45+00:00","dateModified":"2025-11-20T07:12:46+00:00","breadcrumb":{"@id":"https:\/\/listval.is\/artwork\/amatur\/#breadcrumb"},"inLanguage":"en-US","potentialAction":[{"@type":"ReadAction","target":["https:\/\/listval.is\/artwork\/amatur\/"]}]},{"@type":"ImageObject","inLanguage":"en-US","@id":"https:\/\/listval.is\/artwork\/amatur\/#primaryimage","url":"https:\/\/listval.is\/wp-content\/uploads\/2023\/03\/Eva-Scram-Amatur.jpg","contentUrl":"https:\/\/listval.is\/wp-content\/uploads\/2023\/03\/Eva-Scram-Amatur.jpg","width":2072,"height":2072},{"@type":"BreadcrumbList","@id":"https:\/\/listval.is\/artwork\/amatur\/#breadcrumb","itemListElement":[{"@type":"ListItem","position":1,"name":"Home","item":"https:\/\/listval.is\/"},{"@type":"ListItem","position":2,"name":"Shop","item":"https:\/\/listval.is\/shop\/"},{"@type":"ListItem","position":3,"name":"\u00c1m\u00e1tur"}]},{"@type":"WebSite","@id":"https:\/\/listval.is\/#website","url":"https:\/\/listval.is\/","name":"LISTVAL GALLERY","description":"Art Gallery based in Reykjav\u00edk, Iceland","publisher":{"@id":"https:\/\/listval.is\/#organization"},"potentialAction":[{"@type":"SearchAction","target":{"@type":"EntryPoint","urlTemplate":"https:\/\/listval.is\/?s={search_term_string}"},"query-input":{"@type":"PropertyValueSpecification","valueRequired":true,"valueName":"search_term_string"}}],"inLanguage":"en-US"},{"@type":"Organization","@id":"https:\/\/listval.is\/#organization","name":"Listval","url":"https:\/\/listval.is\/","logo":{"@type":"ImageObject","inLanguage":"en-US","@id":"https:\/\/listval.is\/#\/schema\/logo\/image\/","url":"https:\/\/listval.is\/wp-content\/uploads\/2023\/07\/Logo-profile-40.png","contentUrl":"https:\/\/listval.is\/wp-content\/uploads\/2023\/07\/Logo-profile-40.png","width":2250,"height":2250,"caption":"Listval"},"image":{"@id":"https:\/\/listval.is\/#\/schema\/logo\/image\/"},"sameAs":["https:\/\/www.facebook.com\/listval","https:\/\/www.instagram.com\/listval_\/","https:\/\/www.linkedin.com\/company\/listval\/","https:\/\/www.youtube.com\/channel\/UCm0wWRjGyr-dEJrH08-7z6Q","https:\/\/www.pinterest.com\/listval_\/"]}]}},"_links":{"self":[{"href":"http:\/\/listval.is\/en\/wp-json\/wp\/v2\/product\/12231","targetHints":{"allow":["GET"]}}],"collection":[{"href":"http:\/\/listval.is\/en\/wp-json\/wp\/v2\/product"}],"about":[{"href":"http:\/\/listval.is\/en\/wp-json\/wp\/v2\/types\/product"}],"version-history":[{"count":0,"href":"http:\/\/listval.is\/en\/wp-json\/wp\/v2\/product\/12231\/revisions"}],"wp:featuredmedia":[{"embeddable":true,"href":"http:\/\/listval.is\/en\/wp-json\/wp\/v2\/media\/13089"}],"wp:attachment":[{"href":"http:\/\/listval.is\/en\/wp-json\/wp\/v2\/media?parent=12231"}],"wp:term":[{"taxonomy":"product_brand","embeddable":true,"href":"http:\/\/listval.is\/en\/wp-json\/wp\/v2\/product_brand?post=12231"},{"taxonomy":"product_cat","embeddable":true,"href":"http:\/\/listval.is\/en\/wp-json\/wp\/v2\/product_cat?post=12231"},{"taxonomy":"product_tag","embeddable":true,"href":"http:\/\/listval.is\/en\/wp-json\/wp\/v2\/product_tag?post=12231"}],"curies":[{"name":"wp","href":"https:\/\/api.w.org\/{rel}","templated":true}]}}