{"id":11474,"date":"2023-01-13T15:52:21","date_gmt":"2023-01-13T15:52:21","guid":{"rendered":"https:\/\/listval.is\/?post_type=product&#038;p=11474"},"modified":"2025-01-08T13:20:27","modified_gmt":"2025-01-08T13:20:27","slug":"forunautur","status":"publish","type":"product","link":"http:\/\/listval.is\/en\/artwork\/forunautur\/","title":{"rendered":"F\u00f6runautur"},"content":{"rendered":"<p>\u00c1 s\u00ed\u00f0ustu \u00e1rum hefur Gj\u00f6rningakl\u00fabburinn \u00fer\u00f3a\u00f0 graf\u00edk a\u00f0fer\u00f0 sem einna helst m\u00e6tti kenna vi\u00f0 gj\u00f6rninga, svokalla\u00f0 \u201cAction Print\u201d, stefnum\u00f3t augnabliksins, \u00fear sem text\u00edll m\u00e6tir papp\u00edr og skilur eftir sig ummerki sem aldrei ver\u00f0a endurtekin. A\u00f0 \u00feessu sinni er \u00fea\u00f0 sl\u00e6\u00f0an sem er \u00ed a\u00f0alhlutverki, \u00feessi sakleysislegi og l\u00e9ttleikandi efnisb\u00fatur sem einnig getur veri\u00f0 h\u00e1p\u00f3lit\u00edskur, allt eftir \u00fev\u00ed hvernig og \u00ed hva\u00f0a samhengi h\u00fan er notu\u00f0. Sl\u00e6\u00f0u ser\u00edan er \u00ferykkt me\u00f0 fj\u00f6lbreyttum sl\u00e6\u00f0um, \u00feykkum, \u00feunnum, misst\u00f3rum og munstru\u00f0um, \u00fear sem l\u00e9ttleiki og alvara vega salt \u00ed dj\u00fapfj\u00f3lubl\u00e1um, svarbl\u00e1um og dumbrau\u00f0um t\u00f3num prentlitanna. \u00c1\u00f0ur hefur Gj\u00f6rningakl\u00fabburinn unni\u00f0 me\u00f0 s\u00f6mu a\u00f0fer\u00f0, r\u00f6\u00f0 verka, \u00ferykkt me\u00f0 n\u00e6lonsokkabuxum, \u00fear sem hinn margslungni v\u00edsinda- og f\u00e9lagsvefur n\u00e6lonsins f\u00e9kk a\u00f0 nj\u00f3ta s\u00edn \u00ed \u00f6llum s\u00ednum fj\u00f6lbreytileika og leikgle\u00f0i.<\/p>","protected":false},"excerpt":{"rendered":"<p>\u00c1 s\u00ed\u00f0ustu \u00e1rum hefur Gj\u00f6rningakl\u00fabburinn \u00fer\u00f3a\u00f0 graf\u00edk a\u00f0fer\u00f0 sem einna helst m\u00e6tti kenna vi\u00f0 gj\u00f6rninga, svokalla\u00f0 \u201cAction Print\u201d, stefnum\u00f3t augnabliksins, \u00fear sem text\u00edll m\u00e6tir papp\u00edr og skilur eftir sig ummerki sem aldrei ver\u00f0a endurtekin. A\u00f0 \u00feessu sinni er \u00fea\u00f0 sl\u00e6\u00f0an sem er \u00ed a\u00f0alhlutverki, \u00feessi sakleysislegi og l\u00e9ttleikandi efnisb\u00fatur sem einnig getur veri\u00f0 h\u00e1p\u00f3lit\u00edskur, allt [&hellip;]<\/p>\n","protected":false},"featured_media":11594,"template":"","meta":{"site-sidebar-layout":"default","site-content-layout":"default","ast-site-content-layout":"default","site-content-style":"default","site-sidebar-style":"default","ast-global-header-display":"","ast-banner-title-visibility":"","ast-main-header-display":"","ast-hfb-above-header-display":"","ast-hfb-below-header-display":"","ast-hfb-mobile-header-display":"","site-post-title":"","ast-breadcrumbs-content":"","ast-featured-img":"","footer-sml-layout":"","theme-transparent-header-meta":"default","adv-header-id-meta":"","stick-header-meta":"","header-above-stick-meta":"","header-main-stick-meta":"","header-below-stick-meta":"","astra-migrate-meta-layouts":"default","ast-page-background-enabled":"default","ast-page-background-meta":{"desktop":{"background-color":"var(--ast-global-color-4)","background-image":"","background-repeat":"repeat","background-position":"center center","background-size":"auto","background-attachment":"scroll","background-type":"","background-media":"","overlay-type":"","overlay-color":"","overlay-opacity":"","overlay-gradient":""},"tablet":{"background-color":"","background-image":"","background-repeat":"repeat","background-position":"center center","background-size":"auto","background-attachment":"scroll","background-type":"","background-media":"","overlay-type":"","overlay-color":"","overlay-opacity":"","overlay-gradient":""},"mobile":{"background-color":"","background-image":"","background-repeat":"repeat","background-position":"center center","background-size":"auto","background-attachment":"scroll","background-type":"","background-media":"","overlay-type":"","overlay-color":"","overlay-opacity":"","overlay-gradient":""}},"ast-content-background-meta":{"desktop":{"background-color":"var(--ast-global-color-5)","background-image":"","background-repeat":"repeat","background-position":"center center","background-size":"auto","background-attachment":"scroll","background-type":"","background-media":"","overlay-type":"","overlay-color":"","overlay-opacity":"","overlay-gradient":""},"tablet":{"background-color":"var(--ast-global-color-5)","background-image":"","background-repeat":"repeat","background-position":"center center","background-size":"auto","background-attachment":"scroll","background-type":"","background-media":"","overlay-type":"","overlay-color":"","overlay-opacity":"","overlay-gradient":""},"mobile":{"background-color":"var(--ast-global-color-5)","background-image":"","background-repeat":"repeat","background-position":"center center","background-size":"auto","background-attachment":"scroll","background-type":"","background-media":"","overlay-type":"","overlay-color":"","overlay-opacity":"","overlay-gradient":""}}},"product_brand":[368],"product_cat":[15],"product_tag":[460],"class_list":{"0":"post-11474","1":"product","2":"type-product","3":"status-publish","4":"has-post-thumbnail","6":"product_brand-gjorningaklubburinn-the-icelandic-love-corporation","7":"product_cat-uncategorized","8":"product_tag-gjorningaklubburinn","9":"desktop-align-left","10":"tablet-align-left","11":"mobile-align-left","13":"first","14":"instock","15":"taxable","16":"shipping-taxable","17":"purchasable","18":"product-type-simple"},"yoast_head":"<!-- This site is optimized with the Yoast SEO plugin v26.9 - https:\/\/yoast.com\/product\/yoast-seo-wordpress\/ -->\n<title>F\u00f6runautur | LISTVAL<\/title>\n<meta name=\"robots\" content=\"index, follow, max-snippet:-1, max-image-preview:large, max-video-preview:-1\" \/>\n<link rel=\"canonical\" href=\"https:\/\/listval.is\/en\/artwork\/forunautur\/\" \/>\n<meta property=\"og:locale\" content=\"en_US\" \/>\n<meta property=\"og:type\" content=\"article\" \/>\n<meta property=\"og:title\" content=\"F\u00f6runautur | LISTVAL\" \/>\n<meta property=\"og:description\" content=\"\u00c1 s\u00ed\u00f0ustu \u00e1rum hefur Gj\u00f6rningakl\u00fabburinn \u00fer\u00f3a\u00f0 graf\u00edk a\u00f0fer\u00f0 sem einna helst m\u00e6tti kenna vi\u00f0 gj\u00f6rninga, svokalla\u00f0 \u201cAction Print\u201d, stefnum\u00f3t augnabliksins, \u00fear sem text\u00edll m\u00e6tir papp\u00edr og skilur eftir sig ummerki sem aldrei ver\u00f0a endurtekin. A\u00f0 \u00feessu sinni er \u00fea\u00f0 sl\u00e6\u00f0an sem er \u00ed a\u00f0alhlutverki, \u00feessi sakleysislegi og l\u00e9ttleikandi efnisb\u00fatur sem einnig getur veri\u00f0 h\u00e1p\u00f3lit\u00edskur, allt [&hellip;]\" \/>\n<meta property=\"og:url\" content=\"https:\/\/listval.is\/en\/artwork\/forunautur\/\" \/>\n<meta property=\"og:site_name\" content=\"LISTVAL\" \/>\n<meta property=\"article:publisher\" content=\"https:\/\/www.facebook.com\/listval\" \/>\n<meta property=\"article:modified_time\" content=\"2025-01-08T13:20:27+00:00\" \/>\n<meta property=\"og:image\" content=\"https:\/\/listval.is\/wp-content\/uploads\/2023\/02\/f-e1675264529869.jpg\" \/>\n\t<meta property=\"og:image:width\" content=\"958\" \/>\n\t<meta property=\"og:image:height\" content=\"1350\" \/>\n\t<meta property=\"og:image:type\" content=\"image\/jpeg\" \/>\n<meta name=\"twitter:card\" content=\"summary_large_image\" \/>\n<meta name=\"twitter:label1\" content=\"Est. reading time\" \/>\n\t<meta name=\"twitter:data1\" content=\"1 minute\" \/>\n<script type=\"application\/ld+json\" class=\"yoast-schema-graph\">{\"@context\":\"https:\/\/schema.org\",\"@graph\":[{\"@type\":[\"WebPage\",\"ItemPage\"],\"@id\":\"https:\/\/listval.is\/artwork\/forunautur\/\",\"url\":\"https:\/\/listval.is\/artwork\/forunautur\/\",\"name\":\"F\u00f6runautur | LISTVAL\",\"isPartOf\":{\"@id\":\"https:\/\/listval.is\/#website\"},\"primaryImageOfPage\":{\"@id\":\"https:\/\/listval.is\/artwork\/forunautur\/#primaryimage\"},\"image\":{\"@id\":\"https:\/\/listval.is\/artwork\/forunautur\/#primaryimage\"},\"thumbnailUrl\":\"https:\/\/listval.is\/wp-content\/uploads\/2023\/02\/f-e1675264529869.jpg\",\"datePublished\":\"2023-01-13T15:52:21+00:00\",\"dateModified\":\"2025-01-08T13:20:27+00:00\",\"breadcrumb\":{\"@id\":\"https:\/\/listval.is\/artwork\/forunautur\/#breadcrumb\"},\"inLanguage\":\"en-US\",\"potentialAction\":[{\"@type\":\"ReadAction\",\"target\":[\"https:\/\/listval.is\/artwork\/forunautur\/\"]}]},{\"@type\":\"ImageObject\",\"inLanguage\":\"en-US\",\"@id\":\"https:\/\/listval.is\/artwork\/forunautur\/#primaryimage\",\"url\":\"https:\/\/listval.is\/wp-content\/uploads\/2023\/02\/f-e1675264529869.jpg\",\"contentUrl\":\"https:\/\/listval.is\/wp-content\/uploads\/2023\/02\/f-e1675264529869.jpg\",\"width\":958,\"height\":1350},{\"@type\":\"BreadcrumbList\",\"@id\":\"https:\/\/listval.is\/artwork\/forunautur\/#breadcrumb\",\"itemListElement\":[{\"@type\":\"ListItem\",\"position\":1,\"name\":\"Home\",\"item\":\"https:\/\/listval.is\/\"},{\"@type\":\"ListItem\",\"position\":2,\"name\":\"Shop\",\"item\":\"https:\/\/listval.is\/shop\/\"},{\"@type\":\"ListItem\",\"position\":3,\"name\":\"F\u00f6runautur\"}]},{\"@type\":\"WebSite\",\"@id\":\"https:\/\/listval.is\/#website\",\"url\":\"https:\/\/listval.is\/\",\"name\":\"LISTVAL GALLERY\",\"description\":\"Art Gallery based in Reykjav\u00edk, Iceland\",\"publisher\":{\"@id\":\"https:\/\/listval.is\/#organization\"},\"potentialAction\":[{\"@type\":\"SearchAction\",\"target\":{\"@type\":\"EntryPoint\",\"urlTemplate\":\"https:\/\/listval.is\/?s={search_term_string}\"},\"query-input\":{\"@type\":\"PropertyValueSpecification\",\"valueRequired\":true,\"valueName\":\"search_term_string\"}}],\"inLanguage\":\"en-US\"},{\"@type\":\"Organization\",\"@id\":\"https:\/\/listval.is\/#organization\",\"name\":\"Listval\",\"url\":\"https:\/\/listval.is\/\",\"logo\":{\"@type\":\"ImageObject\",\"inLanguage\":\"en-US\",\"@id\":\"https:\/\/listval.is\/#\/schema\/logo\/image\/\",\"url\":\"https:\/\/listval.is\/wp-content\/uploads\/2023\/07\/Logo-profile-40.png\",\"contentUrl\":\"https:\/\/listval.is\/wp-content\/uploads\/2023\/07\/Logo-profile-40.png\",\"width\":2250,\"height\":2250,\"caption\":\"Listval\"},\"image\":{\"@id\":\"https:\/\/listval.is\/#\/schema\/logo\/image\/\"},\"sameAs\":[\"https:\/\/www.facebook.com\/listval\",\"https:\/\/www.instagram.com\/listval_\/\",\"https:\/\/www.linkedin.com\/company\/listval\/\",\"https:\/\/www.youtube.com\/channel\/UCm0wWRjGyr-dEJrH08-7z6Q\",\"https:\/\/www.pinterest.com\/listval_\/\"]}]}<\/script>\n<!-- \/ Yoast SEO plugin. -->","yoast_head_json":{"title":"F\u00f6runautur | LISTVAL","robots":{"index":"index","follow":"follow","max-snippet":"max-snippet:-1","max-image-preview":"max-image-preview:large","max-video-preview":"max-video-preview:-1"},"canonical":"https:\/\/listval.is\/en\/artwork\/forunautur\/","og_locale":"en_US","og_type":"article","og_title":"F\u00f6runautur | LISTVAL","og_description":"\u00c1 s\u00ed\u00f0ustu \u00e1rum hefur Gj\u00f6rningakl\u00fabburinn \u00fer\u00f3a\u00f0 graf\u00edk a\u00f0fer\u00f0 sem einna helst m\u00e6tti kenna vi\u00f0 gj\u00f6rninga, svokalla\u00f0 \u201cAction Print\u201d, stefnum\u00f3t augnabliksins, \u00fear sem text\u00edll m\u00e6tir papp\u00edr og skilur eftir sig ummerki sem aldrei ver\u00f0a endurtekin. A\u00f0 \u00feessu sinni er \u00fea\u00f0 sl\u00e6\u00f0an sem er \u00ed a\u00f0alhlutverki, \u00feessi sakleysislegi og l\u00e9ttleikandi efnisb\u00fatur sem einnig getur veri\u00f0 h\u00e1p\u00f3lit\u00edskur, allt [&hellip;]","og_url":"https:\/\/listval.is\/en\/artwork\/forunautur\/","og_site_name":"LISTVAL","article_publisher":"https:\/\/www.facebook.com\/listval","article_modified_time":"2025-01-08T13:20:27+00:00","og_image":[{"width":958,"height":1350,"url":"https:\/\/listval.is\/wp-content\/uploads\/2023\/02\/f-e1675264529869.jpg","type":"image\/jpeg"}],"twitter_card":"summary_large_image","twitter_misc":{"Est. reading time":"1 minute"},"schema":{"@context":"https:\/\/schema.org","@graph":[{"@type":["WebPage","ItemPage"],"@id":"https:\/\/listval.is\/artwork\/forunautur\/","url":"https:\/\/listval.is\/artwork\/forunautur\/","name":"F\u00f6runautur | LISTVAL","isPartOf":{"@id":"https:\/\/listval.is\/#website"},"primaryImageOfPage":{"@id":"https:\/\/listval.is\/artwork\/forunautur\/#primaryimage"},"image":{"@id":"https:\/\/listval.is\/artwork\/forunautur\/#primaryimage"},"thumbnailUrl":"https:\/\/listval.is\/wp-content\/uploads\/2023\/02\/f-e1675264529869.jpg","datePublished":"2023-01-13T15:52:21+00:00","dateModified":"2025-01-08T13:20:27+00:00","breadcrumb":{"@id":"https:\/\/listval.is\/artwork\/forunautur\/#breadcrumb"},"inLanguage":"en-US","potentialAction":[{"@type":"ReadAction","target":["https:\/\/listval.is\/artwork\/forunautur\/"]}]},{"@type":"ImageObject","inLanguage":"en-US","@id":"https:\/\/listval.is\/artwork\/forunautur\/#primaryimage","url":"https:\/\/listval.is\/wp-content\/uploads\/2023\/02\/f-e1675264529869.jpg","contentUrl":"https:\/\/listval.is\/wp-content\/uploads\/2023\/02\/f-e1675264529869.jpg","width":958,"height":1350},{"@type":"BreadcrumbList","@id":"https:\/\/listval.is\/artwork\/forunautur\/#breadcrumb","itemListElement":[{"@type":"ListItem","position":1,"name":"Home","item":"https:\/\/listval.is\/"},{"@type":"ListItem","position":2,"name":"Shop","item":"https:\/\/listval.is\/shop\/"},{"@type":"ListItem","position":3,"name":"F\u00f6runautur"}]},{"@type":"WebSite","@id":"https:\/\/listval.is\/#website","url":"https:\/\/listval.is\/","name":"LISTVAL GALLERY","description":"Art Gallery based in Reykjav\u00edk, Iceland","publisher":{"@id":"https:\/\/listval.is\/#organization"},"potentialAction":[{"@type":"SearchAction","target":{"@type":"EntryPoint","urlTemplate":"https:\/\/listval.is\/?s={search_term_string}"},"query-input":{"@type":"PropertyValueSpecification","valueRequired":true,"valueName":"search_term_string"}}],"inLanguage":"en-US"},{"@type":"Organization","@id":"https:\/\/listval.is\/#organization","name":"Listval","url":"https:\/\/listval.is\/","logo":{"@type":"ImageObject","inLanguage":"en-US","@id":"https:\/\/listval.is\/#\/schema\/logo\/image\/","url":"https:\/\/listval.is\/wp-content\/uploads\/2023\/07\/Logo-profile-40.png","contentUrl":"https:\/\/listval.is\/wp-content\/uploads\/2023\/07\/Logo-profile-40.png","width":2250,"height":2250,"caption":"Listval"},"image":{"@id":"https:\/\/listval.is\/#\/schema\/logo\/image\/"},"sameAs":["https:\/\/www.facebook.com\/listval","https:\/\/www.instagram.com\/listval_\/","https:\/\/www.linkedin.com\/company\/listval\/","https:\/\/www.youtube.com\/channel\/UCm0wWRjGyr-dEJrH08-7z6Q","https:\/\/www.pinterest.com\/listval_\/"]}]}},"_links":{"self":[{"href":"http:\/\/listval.is\/en\/wp-json\/wp\/v2\/product\/11474","targetHints":{"allow":["GET"]}}],"collection":[{"href":"http:\/\/listval.is\/en\/wp-json\/wp\/v2\/product"}],"about":[{"href":"http:\/\/listval.is\/en\/wp-json\/wp\/v2\/types\/product"}],"version-history":[{"count":0,"href":"http:\/\/listval.is\/en\/wp-json\/wp\/v2\/product\/11474\/revisions"}],"wp:featuredmedia":[{"embeddable":true,"href":"http:\/\/listval.is\/en\/wp-json\/wp\/v2\/media\/11594"}],"wp:attachment":[{"href":"http:\/\/listval.is\/en\/wp-json\/wp\/v2\/media?parent=11474"}],"wp:term":[{"taxonomy":"product_brand","embeddable":true,"href":"http:\/\/listval.is\/en\/wp-json\/wp\/v2\/product_brand?post=11474"},{"taxonomy":"product_cat","embeddable":true,"href":"http:\/\/listval.is\/en\/wp-json\/wp\/v2\/product_cat?post=11474"},{"taxonomy":"product_tag","embeddable":true,"href":"http:\/\/listval.is\/en\/wp-json\/wp\/v2\/product_tag?post=11474"}],"curies":[{"name":"wp","href":"https:\/\/api.w.org\/{rel}","templated":true}]}}