{"id":1081,"date":"2022-09-30T16:58:21","date_gmt":"2022-09-30T16:58:21","guid":{"rendered":"https:\/\/listval.is\/product\/eyja-2\/"},"modified":"2024-05-16T14:16:03","modified_gmt":"2024-05-16T14:16:03","slug":"eyja-2","status":"publish","type":"product","link":"http:\/\/listval.is\/en\/artwork\/eyja-2\/","title":{"rendered":"Island"},"content":{"rendered":"<p>Geir\u00fer\u00fa\u00f0ur Einarsd\u00f3ttir (f. 1989) \u00fatskrifa\u00f0ist fr\u00e1 Listah\u00e1sk\u00f3la \u00cdslands vori\u00f0 2016. Hausti\u00f0 eftir \u00fatskrift var h\u00fan starfsnemi \u00ed listamannarekna r\u00fdminu A-Dash \u00ed A\u00feenu. \u00cd dag b\u00fdr h\u00fan og starfar \u00ed Reykjav\u00edk. H\u00fan hefur s\u00fdnt \u00e1 \u00fdmsum sams\u00fdningum, b\u00e6\u00f0i h\u00e9r heima og erlendis.\u00a0Sta\u00f0ur\u00a0er hennar fyrsta einkas\u00fdning.<\/p>","protected":false},"excerpt":{"rendered":"<p>Verki\u00f0 tilheyrir s\u00fdningu Geir\u00fer\u00fa\u00f0ar Einarsd\u00f3ttur, <a href=\"https:\/\/listval.is\/en\/syningar\/geirthrudur-einarsdottir-stadur\/\"><em>Sta\u00f0ur,<\/em><\/a> \u00ed Norr11 dagana 20.08-10.10.2022.<\/p>\n<p>\u00c1 s\u00fdningu Geir\u00fer\u00fa\u00f0ar Einarsd\u00f3ttur <a href=\"https:\/\/listval.is\/en\/syningar\/geirthrudur-einarsdottir-stadur\/\"><em>Place<\/em><\/a><em>\u00a0<\/em>gefur a\u00f0 l\u00edta \u00fer\u00edv\u00ed\u00f0 m\u00e1lverk, eins konar l\u00e1gmyndir, sem s\u00e6kja innbl\u00e1stur sinn<strong>\u00a0<\/strong>til landslags og loftmynda af n\u00e1tt\u00farunni \u00e1 \u00f3r\u00e6\u00f0um st\u00f6\u00f0um. \u00cd verkum s\u00ednum leitast Geir\u00fer\u00fa\u00f0ur vi\u00f0 a\u00f0 fanga v\u00ed\u00f0\u00e1ttu \u00e1 litlum fleti \u00ed landslagi sem \u00ferengir st\u00f6\u00f0ugt a\u00f0 manni. H\u00fan veltir fyrir s\u00e9r tilfinningunni og andst\u00e6\u00f0unni sem birtist \u00ed \u00fev\u00ed a\u00f0 \u00fej\u00f3ta \u00e1fram en standa \u00e1 sama t\u00edma grafkyrr. Verk hennar v\u00edsa \u00ed handverki\u00f0, \u00feau eru unnin \u00e1 n\u00e1kv\u00e6man h\u00e1tt; skorin \u00fat \u00ed karton og kl\u00e6dd me\u00f0 m\u00e1lu\u00f0um h\u00f6rstriga. Stundum myndast toppar og skur\u00f0ir \u00e1 ja\u00f0ri strigans og brj\u00f3ta \u00feannig upp ferningslaga formi\u00f0.<\/p>\n<p>Geir\u00fer\u00fa\u00f0ur Einarsd\u00f3ttir (f. 1989) \u00fatskrifa\u00f0ist fr\u00e1 Listah\u00e1sk\u00f3la \u00cdslands vori\u00f0 2016. Hausti\u00f0 eftir \u00fatskrift var h\u00fan starfsnemi \u00ed listamannarekna r\u00fdminu A-Dash \u00ed A\u00feenu. \u00cd dag b\u00fdr h\u00fan og starfar \u00ed Reykjav\u00edk. H\u00fan hefur s\u00fdnt \u00e1 \u00fdmsum sams\u00fdningum, b\u00e6\u00f0i h\u00e9r heima og erlendis.\u00a0<em>Place\u00a0<\/em>er hennar fyrsta einkas\u00fdning.<\/p>","protected":false},"featured_media":1120,"template":"","meta":{"site-sidebar-layout":"default","site-content-layout":"default","ast-site-content-layout":"default","site-content-style":"default","site-sidebar-style":"default","ast-global-header-display":"","ast-banner-title-visibility":"","ast-main-header-display":"","ast-hfb-above-header-display":"","ast-hfb-below-header-display":"","ast-hfb-mobile-header-display":"","site-post-title":"","ast-breadcrumbs-content":"","ast-featured-img":"","footer-sml-layout":"","theme-transparent-header-meta":"default","adv-header-id-meta":"","stick-header-meta":"","header-above-stick-meta":"","header-main-stick-meta":"","header-below-stick-meta":"","astra-migrate-meta-layouts":"default","ast-page-background-enabled":"default","ast-page-background-meta":{"desktop":{"background-color":"var(--ast-global-color-4)","background-image":"","background-repeat":"repeat","background-position":"center center","background-size":"auto","background-attachment":"scroll","background-type":"","background-media":"","overlay-type":"","overlay-color":"","overlay-opacity":"","overlay-gradient":""},"tablet":{"background-color":"","background-image":"","background-repeat":"repeat","background-position":"center center","background-size":"auto","background-attachment":"scroll","background-type":"","background-media":"","overlay-type":"","overlay-color":"","overlay-opacity":"","overlay-gradient":""},"mobile":{"background-color":"","background-image":"","background-repeat":"repeat","background-position":"center center","background-size":"auto","background-attachment":"scroll","background-type":"","background-media":"","overlay-type":"","overlay-color":"","overlay-opacity":"","overlay-gradient":""}},"ast-content-background-meta":{"desktop":{"background-color":"var(--ast-global-color-5)","background-image":"","background-repeat":"repeat","background-position":"center center","background-size":"auto","background-attachment":"scroll","background-type":"","background-media":"","overlay-type":"","overlay-color":"","overlay-opacity":"","overlay-gradient":""},"tablet":{"background-color":"var(--ast-global-color-5)","background-image":"","background-repeat":"repeat","background-position":"center center","background-size":"auto","background-attachment":"scroll","background-type":"","background-media":"","overlay-type":"","overlay-color":"","overlay-opacity":"","overlay-gradient":""},"mobile":{"background-color":"var(--ast-global-color-5)","background-image":"","background-repeat":"repeat","background-position":"center center","background-size":"auto","background-attachment":"scroll","background-type":"","background-media":"","overlay-type":"","overlay-color":"","overlay-opacity":"","overlay-gradient":""}}},"product_brand":[205],"product_cat":[184],"product_tag":[166],"class_list":{"0":"post-1081","1":"product","2":"type-product","3":"status-publish","4":"has-post-thumbnail","6":"product_brand-geirthrudur-einarsdottir","7":"product_cat-einstok-verk","8":"product_tag-geirthrudur-einarsdottir","9":"product_shipping_class-litil-verk","10":"desktop-align-left","11":"tablet-align-left","12":"mobile-align-left","14":"first","15":"instock","16":"taxable","17":"shipping-taxable","18":"purchasable","19":"product-type-simple"},"yoast_head":"<!-- This site is optimized with the Yoast SEO plugin v26.9 - https:\/\/yoast.com\/product\/yoast-seo-wordpress\/ -->\n<title>Eyja | LISTVAL<\/title>\n<meta name=\"robots\" content=\"index, follow, max-snippet:-1, max-image-preview:large, max-video-preview:-1\" \/>\n<link rel=\"canonical\" href=\"https:\/\/listval.is\/en\/artwork\/eyja-2\/\" \/>\n<meta property=\"og:locale\" content=\"en_US\" \/>\n<meta property=\"og:type\" content=\"article\" \/>\n<meta property=\"og:title\" content=\"Eyja | LISTVAL\" \/>\n<meta property=\"og:description\" content=\"Verki\u00f0 tilheyrir s\u00fdningu Geir\u00fer\u00fa\u00f0ar Einarsd\u00f3ttur, Sta\u00f0ur, \u00ed Norr11 dagana 20.08-10.10.2022.  \u00c1 s\u00fdningu Geir\u00fer\u00fa\u00f0ar Einarsd\u00f3ttur Sta\u00f0ur\u00a0gefur a\u00f0 l\u00edta \u00fer\u00edv\u00ed\u00f0 m\u00e1lverk, eins konar l\u00e1gmyndir, sem s\u00e6kja innbl\u00e1stur sinn\u00a0til landslags og loftmynda af n\u00e1tt\u00farunni \u00e1 \u00f3r\u00e6\u00f0um st\u00f6\u00f0um. \u00cd verkum s\u00ednum leitast Geir\u00fer\u00fa\u00f0ur vi\u00f0 a\u00f0 fanga v\u00ed\u00f0\u00e1ttu \u00e1 litlum fleti \u00ed landslagi sem \u00ferengir st\u00f6\u00f0ugt a\u00f0 manni. H\u00fan veltir fyrir s\u00e9r tilfinningunni og andst\u00e6\u00f0unni sem birtist \u00ed \u00fev\u00ed a\u00f0 \u00fej\u00f3ta \u00e1fram en standa \u00e1 sama t\u00edma grafkyrr. Verk hennar v\u00edsa \u00ed handverki\u00f0, \u00feau eru unnin \u00e1 n\u00e1kv\u00e6man h\u00e1tt; skorin \u00fat \u00ed karton og kl\u00e6dd me\u00f0 m\u00e1lu\u00f0um h\u00f6rstriga. Stundum myndast toppar og skur\u00f0ir \u00e1 ja\u00f0ri strigans og brj\u00f3ta \u00feannig upp ferningslaga formi\u00f0.  Geir\u00fer\u00fa\u00f0ur Einarsd\u00f3ttir (f. 1989) \u00fatskrifa\u00f0ist fr\u00e1 Listah\u00e1sk\u00f3la \u00cdslands vori\u00f0 2016. Hausti\u00f0 eftir \u00fatskrift var h\u00fan starfsnemi \u00ed listamannarekna r\u00fdminu A-Dash \u00ed A\u00feenu. \u00cd dag b\u00fdr h\u00fan og starfar \u00ed Reykjav\u00edk. H\u00fan hefur s\u00fdnt \u00e1 \u00fdmsum sams\u00fdningum, b\u00e6\u00f0i h\u00e9r heima og erlendis.\u00a0Sta\u00f0ur\u00a0er hennar fyrsta einkas\u00fdning.\" \/>\n<meta property=\"og:url\" content=\"https:\/\/listval.is\/en\/artwork\/eyja-2\/\" \/>\n<meta property=\"og:site_name\" content=\"LISTVAL\" \/>\n<meta property=\"article:publisher\" content=\"https:\/\/www.facebook.com\/listval\" \/>\n<meta property=\"article:modified_time\" content=\"2024-05-16T14:16:03+00:00\" \/>\n<meta property=\"og:image\" content=\"https:\/\/listval.is\/wp-content\/uploads\/2022\/09\/Minni-verk_0008_Layer-1-scaled-2-e1666736833761.jpg\" \/>\n\t<meta property=\"og:image:width\" content=\"1721\" \/>\n\t<meta property=\"og:image:height\" content=\"2073\" \/>\n\t<meta property=\"og:image:type\" content=\"image\/jpeg\" \/>\n<meta name=\"twitter:card\" content=\"summary_large_image\" \/>\n<meta name=\"twitter:label1\" content=\"Est. reading time\" \/>\n\t<meta name=\"twitter:data1\" content=\"1 minute\" \/>\n<script type=\"application\/ld+json\" class=\"yoast-schema-graph\">{\"@context\":\"https:\/\/schema.org\",\"@graph\":[{\"@type\":[\"WebPage\",\"ItemPage\"],\"@id\":\"https:\/\/listval.is\/artwork\/eyja-2\/\",\"url\":\"https:\/\/listval.is\/artwork\/eyja-2\/\",\"name\":\"Eyja | LISTVAL\",\"isPartOf\":{\"@id\":\"https:\/\/listval.is\/#website\"},\"primaryImageOfPage\":{\"@id\":\"https:\/\/listval.is\/artwork\/eyja-2\/#primaryimage\"},\"image\":{\"@id\":\"https:\/\/listval.is\/artwork\/eyja-2\/#primaryimage\"},\"thumbnailUrl\":\"https:\/\/listval.is\/wp-content\/uploads\/2022\/09\/Minni-verk_0008_Layer-1-scaled-2-e1666736833761.jpg\",\"datePublished\":\"2022-09-30T16:58:21+00:00\",\"dateModified\":\"2024-05-16T14:16:03+00:00\",\"breadcrumb\":{\"@id\":\"https:\/\/listval.is\/artwork\/eyja-2\/#breadcrumb\"},\"inLanguage\":\"en-US\",\"potentialAction\":[{\"@type\":\"ReadAction\",\"target\":[\"https:\/\/listval.is\/artwork\/eyja-2\/\"]}]},{\"@type\":\"ImageObject\",\"inLanguage\":\"en-US\",\"@id\":\"https:\/\/listval.is\/artwork\/eyja-2\/#primaryimage\",\"url\":\"https:\/\/listval.is\/wp-content\/uploads\/2022\/09\/Minni-verk_0008_Layer-1-scaled-2-e1666736833761.jpg\",\"contentUrl\":\"https:\/\/listval.is\/wp-content\/uploads\/2022\/09\/Minni-verk_0008_Layer-1-scaled-2-e1666736833761.jpg\",\"width\":1721,\"height\":2073},{\"@type\":\"BreadcrumbList\",\"@id\":\"https:\/\/listval.is\/artwork\/eyja-2\/#breadcrumb\",\"itemListElement\":[{\"@type\":\"ListItem\",\"position\":1,\"name\":\"Home\",\"item\":\"https:\/\/listval.is\/\"},{\"@type\":\"ListItem\",\"position\":2,\"name\":\"Shop\",\"item\":\"https:\/\/listval.is\/shop\/\"},{\"@type\":\"ListItem\",\"position\":3,\"name\":\"Eyja\"}]},{\"@type\":\"WebSite\",\"@id\":\"https:\/\/listval.is\/#website\",\"url\":\"https:\/\/listval.is\/\",\"name\":\"LISTVAL GALLERY\",\"description\":\"Art Gallery based in Reykjav\u00edk, Iceland\",\"publisher\":{\"@id\":\"https:\/\/listval.is\/#organization\"},\"potentialAction\":[{\"@type\":\"SearchAction\",\"target\":{\"@type\":\"EntryPoint\",\"urlTemplate\":\"https:\/\/listval.is\/?s={search_term_string}\"},\"query-input\":{\"@type\":\"PropertyValueSpecification\",\"valueRequired\":true,\"valueName\":\"search_term_string\"}}],\"inLanguage\":\"en-US\"},{\"@type\":\"Organization\",\"@id\":\"https:\/\/listval.is\/#organization\",\"name\":\"Listval\",\"url\":\"https:\/\/listval.is\/\",\"logo\":{\"@type\":\"ImageObject\",\"inLanguage\":\"en-US\",\"@id\":\"https:\/\/listval.is\/#\/schema\/logo\/image\/\",\"url\":\"https:\/\/listval.is\/wp-content\/uploads\/2023\/07\/Logo-profile-40.png\",\"contentUrl\":\"https:\/\/listval.is\/wp-content\/uploads\/2023\/07\/Logo-profile-40.png\",\"width\":2250,\"height\":2250,\"caption\":\"Listval\"},\"image\":{\"@id\":\"https:\/\/listval.is\/#\/schema\/logo\/image\/\"},\"sameAs\":[\"https:\/\/www.facebook.com\/listval\",\"https:\/\/www.instagram.com\/listval_\/\",\"https:\/\/www.linkedin.com\/company\/listval\/\",\"https:\/\/www.youtube.com\/channel\/UCm0wWRjGyr-dEJrH08-7z6Q\",\"https:\/\/www.pinterest.com\/listval_\/\"]}]}<\/script>\n<!-- \/ Yoast SEO plugin. -->","yoast_head_json":{"title":"Eyja | LISTVAL","robots":{"index":"index","follow":"follow","max-snippet":"max-snippet:-1","max-image-preview":"max-image-preview:large","max-video-preview":"max-video-preview:-1"},"canonical":"https:\/\/listval.is\/en\/artwork\/eyja-2\/","og_locale":"en_US","og_type":"article","og_title":"Eyja | LISTVAL","og_description":"Verki\u00f0 tilheyrir s\u00fdningu Geir\u00fer\u00fa\u00f0ar Einarsd\u00f3ttur, Sta\u00f0ur, \u00ed Norr11 dagana 20.08-10.10.2022.  \u00c1 s\u00fdningu Geir\u00fer\u00fa\u00f0ar Einarsd\u00f3ttur Sta\u00f0ur\u00a0gefur a\u00f0 l\u00edta \u00fer\u00edv\u00ed\u00f0 m\u00e1lverk, eins konar l\u00e1gmyndir, sem s\u00e6kja innbl\u00e1stur sinn\u00a0til landslags og loftmynda af n\u00e1tt\u00farunni \u00e1 \u00f3r\u00e6\u00f0um st\u00f6\u00f0um. \u00cd verkum s\u00ednum leitast Geir\u00fer\u00fa\u00f0ur vi\u00f0 a\u00f0 fanga v\u00ed\u00f0\u00e1ttu \u00e1 litlum fleti \u00ed landslagi sem \u00ferengir st\u00f6\u00f0ugt a\u00f0 manni. H\u00fan veltir fyrir s\u00e9r tilfinningunni og andst\u00e6\u00f0unni sem birtist \u00ed \u00fev\u00ed a\u00f0 \u00fej\u00f3ta \u00e1fram en standa \u00e1 sama t\u00edma grafkyrr. Verk hennar v\u00edsa \u00ed handverki\u00f0, \u00feau eru unnin \u00e1 n\u00e1kv\u00e6man h\u00e1tt; skorin \u00fat \u00ed karton og kl\u00e6dd me\u00f0 m\u00e1lu\u00f0um h\u00f6rstriga. Stundum myndast toppar og skur\u00f0ir \u00e1 ja\u00f0ri strigans og brj\u00f3ta \u00feannig upp ferningslaga formi\u00f0.  Geir\u00fer\u00fa\u00f0ur Einarsd\u00f3ttir (f. 1989) \u00fatskrifa\u00f0ist fr\u00e1 Listah\u00e1sk\u00f3la \u00cdslands vori\u00f0 2016. Hausti\u00f0 eftir \u00fatskrift var h\u00fan starfsnemi \u00ed listamannarekna r\u00fdminu A-Dash \u00ed A\u00feenu. \u00cd dag b\u00fdr h\u00fan og starfar \u00ed Reykjav\u00edk. H\u00fan hefur s\u00fdnt \u00e1 \u00fdmsum sams\u00fdningum, b\u00e6\u00f0i h\u00e9r heima og erlendis.\u00a0Sta\u00f0ur\u00a0er hennar fyrsta einkas\u00fdning.","og_url":"https:\/\/listval.is\/en\/artwork\/eyja-2\/","og_site_name":"LISTVAL","article_publisher":"https:\/\/www.facebook.com\/listval","article_modified_time":"2024-05-16T14:16:03+00:00","og_image":[{"width":1721,"height":2073,"url":"https:\/\/listval.is\/wp-content\/uploads\/2022\/09\/Minni-verk_0008_Layer-1-scaled-2-e1666736833761.jpg","type":"image\/jpeg"}],"twitter_card":"summary_large_image","twitter_misc":{"Est. reading time":"1 minute"},"schema":{"@context":"https:\/\/schema.org","@graph":[{"@type":["WebPage","ItemPage"],"@id":"https:\/\/listval.is\/artwork\/eyja-2\/","url":"https:\/\/listval.is\/artwork\/eyja-2\/","name":"Eyja | LISTVAL","isPartOf":{"@id":"https:\/\/listval.is\/#website"},"primaryImageOfPage":{"@id":"https:\/\/listval.is\/artwork\/eyja-2\/#primaryimage"},"image":{"@id":"https:\/\/listval.is\/artwork\/eyja-2\/#primaryimage"},"thumbnailUrl":"https:\/\/listval.is\/wp-content\/uploads\/2022\/09\/Minni-verk_0008_Layer-1-scaled-2-e1666736833761.jpg","datePublished":"2022-09-30T16:58:21+00:00","dateModified":"2024-05-16T14:16:03+00:00","breadcrumb":{"@id":"https:\/\/listval.is\/artwork\/eyja-2\/#breadcrumb"},"inLanguage":"en-US","potentialAction":[{"@type":"ReadAction","target":["https:\/\/listval.is\/artwork\/eyja-2\/"]}]},{"@type":"ImageObject","inLanguage":"en-US","@id":"https:\/\/listval.is\/artwork\/eyja-2\/#primaryimage","url":"https:\/\/listval.is\/wp-content\/uploads\/2022\/09\/Minni-verk_0008_Layer-1-scaled-2-e1666736833761.jpg","contentUrl":"https:\/\/listval.is\/wp-content\/uploads\/2022\/09\/Minni-verk_0008_Layer-1-scaled-2-e1666736833761.jpg","width":1721,"height":2073},{"@type":"BreadcrumbList","@id":"https:\/\/listval.is\/artwork\/eyja-2\/#breadcrumb","itemListElement":[{"@type":"ListItem","position":1,"name":"Home","item":"https:\/\/listval.is\/"},{"@type":"ListItem","position":2,"name":"Shop","item":"https:\/\/listval.is\/shop\/"},{"@type":"ListItem","position":3,"name":"Eyja"}]},{"@type":"WebSite","@id":"https:\/\/listval.is\/#website","url":"https:\/\/listval.is\/","name":"LISTVAL GALLERY","description":"Art Gallery based in Reykjav\u00edk, Iceland","publisher":{"@id":"https:\/\/listval.is\/#organization"},"potentialAction":[{"@type":"SearchAction","target":{"@type":"EntryPoint","urlTemplate":"https:\/\/listval.is\/?s={search_term_string}"},"query-input":{"@type":"PropertyValueSpecification","valueRequired":true,"valueName":"search_term_string"}}],"inLanguage":"en-US"},{"@type":"Organization","@id":"https:\/\/listval.is\/#organization","name":"Listval","url":"https:\/\/listval.is\/","logo":{"@type":"ImageObject","inLanguage":"en-US","@id":"https:\/\/listval.is\/#\/schema\/logo\/image\/","url":"https:\/\/listval.is\/wp-content\/uploads\/2023\/07\/Logo-profile-40.png","contentUrl":"https:\/\/listval.is\/wp-content\/uploads\/2023\/07\/Logo-profile-40.png","width":2250,"height":2250,"caption":"Listval"},"image":{"@id":"https:\/\/listval.is\/#\/schema\/logo\/image\/"},"sameAs":["https:\/\/www.facebook.com\/listval","https:\/\/www.instagram.com\/listval_\/","https:\/\/www.linkedin.com\/company\/listval\/","https:\/\/www.youtube.com\/channel\/UCm0wWRjGyr-dEJrH08-7z6Q","https:\/\/www.pinterest.com\/listval_\/"]}]}},"_links":{"self":[{"href":"http:\/\/listval.is\/en\/wp-json\/wp\/v2\/product\/1081","targetHints":{"allow":["GET"]}}],"collection":[{"href":"http:\/\/listval.is\/en\/wp-json\/wp\/v2\/product"}],"about":[{"href":"http:\/\/listval.is\/en\/wp-json\/wp\/v2\/types\/product"}],"version-history":[{"count":0,"href":"http:\/\/listval.is\/en\/wp-json\/wp\/v2\/product\/1081\/revisions"}],"wp:featuredmedia":[{"embeddable":true,"href":"http:\/\/listval.is\/en\/wp-json\/wp\/v2\/media\/1120"}],"wp:attachment":[{"href":"http:\/\/listval.is\/en\/wp-json\/wp\/v2\/media?parent=1081"}],"wp:term":[{"taxonomy":"product_brand","embeddable":true,"href":"http:\/\/listval.is\/en\/wp-json\/wp\/v2\/product_brand?post=1081"},{"taxonomy":"product_cat","embeddable":true,"href":"http:\/\/listval.is\/en\/wp-json\/wp\/v2\/product_cat?post=1081"},{"taxonomy":"product_tag","embeddable":true,"href":"http:\/\/listval.is\/en\/wp-json\/wp\/v2\/product_tag?post=1081"}],"curies":[{"name":"wp","href":"https:\/\/api.w.org\/{rel}","templated":true}]}}